{"id":9911,"date":"2026-03-07T10:44:05","date_gmt":"2026-03-07T09:44:05","guid":{"rendered":"https:\/\/cyclepoitevin86.fr\/?page_id=9911"},"modified":"2026-04-19T21:17:26","modified_gmt":"2026-04-19T19:17:26","slug":"becquet-adam","status":"publish","type":"page","link":"https:\/\/cyclepoitevin86.fr\/index.php\/becquet-adam\/","title":{"rendered":"BECQUET Adam"},"content":{"rendered":"\n<p class=\"has-text-align-center has-vivid-green-cyan-color has-text-color has-link-color wp-elements-6e07535c83f5909e53efe79c3d322840\" style=\"font-size:28px\"><strong><em>SAISON 2026 :<\/em><\/strong><\/p>\n\n\n\n<p style=\"font-size:22px\">19\u00e8me de Beaumont (86) <\/p>\n\n\n\n<p style=\"font-size:22px\">24\u00e8me de Pied Sec (86) <\/p>\n\n\n\n<p><\/p>\n\n\n\n<p style=\"font-size:22px\">8\u00e8me du cyclo-cross de Beaumont St Cyr (86)<\/p>\n\n\n\n<p style=\"font-size:22px\">12\u00e8me du cyclo-cross de Ch\u00e2tellerault (86)<\/p>\n\n\n\n<p><\/p>\n","protected":false},"excerpt":{"rendered":"<p>SAISON 2026 : 19\u00e8me de Beaumont (86) 24\u00e8me de Pied Sec (86) 8\u00e8me du cyclo-cross de Beaumont St Cyr (86) 12\u00e8me du cyclo-cross de Ch\u00e2tellerault (86)<\/p>\n","protected":false},"author":1,"featured_media":0,"parent":0,"menu_order":0,"comment_status":"closed","ping_status":"closed","template":"","meta":{"footnotes":""},"class_list":["post-9911","page","type-page","status-publish","hentry"],"_links":{"self":[{"href":"https:\/\/cyclepoitevin86.fr\/index.php\/wp-json\/wp\/v2\/pages\/9911","targetHints":{"allow":["GET"]}}],"collection":[{"href":"https:\/\/cyclepoitevin86.fr\/index.php\/wp-json\/wp\/v2\/pages"}],"about":[{"href":"https:\/\/cyclepoitevin86.fr\/index.php\/wp-json\/wp\/v2\/types\/page"}],"author":[{"embeddable":true,"href":"https:\/\/cyclepoitevin86.fr\/index.php\/wp-json\/wp\/v2\/users\/1"}],"replies":[{"embeddable":true,"href":"https:\/\/cyclepoitevin86.fr\/index.php\/wp-json\/wp\/v2\/comments?post=9911"}],"version-history":[{"count":5,"href":"https:\/\/cyclepoitevin86.fr\/index.php\/wp-json\/wp\/v2\/pages\/9911\/revisions"}],"predecessor-version":[{"id":10222,"href":"https:\/\/cyclepoitevin86.fr\/index.php\/wp-json\/wp\/v2\/pages\/9911\/revisions\/10222"}],"wp:attachment":[{"href":"https:\/\/cyclepoitevin86.fr\/index.php\/wp-json\/wp\/v2\/media?parent=9911"}],"curies":[{"name":"wp","href":"https:\/\/api.w.org\/{rel}","templated":true}]}}