{"id":9644,"date":"2026-01-14T21:39:36","date_gmt":"2026-01-14T20:39:36","guid":{"rendered":"https:\/\/cyclepoitevin86.fr\/?page_id=9644"},"modified":"2026-03-23T22:07:32","modified_gmt":"2026-03-23T21:07:32","slug":"bichaud-ettore","status":"publish","type":"page","link":"https:\/\/cyclepoitevin86.fr\/index.php\/bichaud-ettore\/","title":{"rendered":"BICHAUD Ettor\u00e9"},"content":{"rendered":"<div class=\"wp-block-image\">\n<figure class=\"aligncenter size-large is-resized\"><img loading=\"lazy\" decoding=\"async\" width=\"683\" height=\"1024\" src=\"https:\/\/cyclepoitevin86.fr\/wp-content\/uploads\/2026\/03\/DSC_2844-683x1024.jpg\" alt=\"\" class=\"wp-image-9865\" style=\"aspect-ratio:0.6666666666666666;width:244px;height:auto\" srcset=\"https:\/\/cyclepoitevin86.fr\/wp-content\/uploads\/2026\/03\/DSC_2844-683x1024.jpg 683w, https:\/\/cyclepoitevin86.fr\/wp-content\/uploads\/2026\/03\/DSC_2844-200x300.jpg 200w, https:\/\/cyclepoitevin86.fr\/wp-content\/uploads\/2026\/03\/DSC_2844-768x1152.jpg 768w, https:\/\/cyclepoitevin86.fr\/wp-content\/uploads\/2026\/03\/DSC_2844-1024x1536.jpg 1024w, https:\/\/cyclepoitevin86.fr\/wp-content\/uploads\/2026\/03\/DSC_2844-1365x2048.jpg 1365w, https:\/\/cyclepoitevin86.fr\/wp-content\/uploads\/2026\/03\/DSC_2844-scaled.jpg 1707w\" sizes=\"auto, (max-width: 683px) 100vw, 683px\" \/><figcaption class=\"wp-element-caption\">JCD<\/figcaption><\/figure>\n<\/div>\n\n\n<p class=\"has-text-align-center has-vivid-green-cyan-color has-text-color has-link-color wp-elements-6a5d9452363ae40c60ac396eafa9b69d\" style=\"font-size:30px\"><strong><em>SAISON 2026 :<\/em><\/strong><\/p>\n\n\n\n<p style=\"font-size:22px\">6\u00e8me du Prix Sanital de Ch\u00e2tellerault (86) <\/p>\n\n\n\n<p style=\"font-size:22px\">14\u00e8me de la Tardi\u00e8re (85)<\/p>\n\n\n\n<p><\/p>\n","protected":false},"excerpt":{"rendered":"<p>SAISON 2026 : 6\u00e8me du Prix Sanital de Ch\u00e2tellerault (86) 14\u00e8me de la Tardi\u00e8re (85)<\/p>\n","protected":false},"author":1,"featured_media":0,"parent":0,"menu_order":0,"comment_status":"closed","ping_status":"closed","template":"","meta":{"footnotes":""},"class_list":["post-9644","page","type-page","status-publish","hentry"],"_links":{"self":[{"href":"https:\/\/cyclepoitevin86.fr\/index.php\/wp-json\/wp\/v2\/pages\/9644","targetHints":{"allow":["GET"]}}],"collection":[{"href":"https:\/\/cyclepoitevin86.fr\/index.php\/wp-json\/wp\/v2\/pages"}],"about":[{"href":"https:\/\/cyclepoitevin86.fr\/index.php\/wp-json\/wp\/v2\/types\/page"}],"author":[{"embeddable":true,"href":"https:\/\/cyclepoitevin86.fr\/index.php\/wp-json\/wp\/v2\/users\/1"}],"replies":[{"embeddable":true,"href":"https:\/\/cyclepoitevin86.fr\/index.php\/wp-json\/wp\/v2\/comments?post=9644"}],"version-history":[{"count":4,"href":"https:\/\/cyclepoitevin86.fr\/index.php\/wp-json\/wp\/v2\/pages\/9644\/revisions"}],"predecessor-version":[{"id":10040,"href":"https:\/\/cyclepoitevin86.fr\/index.php\/wp-json\/wp\/v2\/pages\/9644\/revisions\/10040"}],"wp:attachment":[{"href":"https:\/\/cyclepoitevin86.fr\/index.php\/wp-json\/wp\/v2\/media?parent=9644"}],"curies":[{"name":"wp","href":"https:\/\/api.w.org\/{rel}","templated":true}]}}