{"id":9135,"date":"2025-10-24T20:33:38","date_gmt":"2025-10-24T18:33:38","guid":{"rendered":"https:\/\/cyclepoitevin86.fr\/?page_id=9135"},"modified":"2026-04-19T21:20:21","modified_gmt":"2026-04-19T19:20:21","slug":"ibars-roman","status":"publish","type":"page","link":"https:\/\/cyclepoitevin86.fr\/index.php\/ibars-roman\/","title":{"rendered":"IBARS Roman"},"content":{"rendered":"<div class=\"wp-block-image\">\n<figure class=\"aligncenter size-large is-resized\"><img loading=\"lazy\" decoding=\"async\" width=\"683\" height=\"1024\" src=\"https:\/\/cyclepoitevin86.fr\/wp-content\/uploads\/2026\/03\/DSC_2851-683x1024.jpg\" alt=\"\" class=\"wp-image-9885\" style=\"width:239px;height:auto\" srcset=\"https:\/\/cyclepoitevin86.fr\/wp-content\/uploads\/2026\/03\/DSC_2851-683x1024.jpg 683w, https:\/\/cyclepoitevin86.fr\/wp-content\/uploads\/2026\/03\/DSC_2851-200x300.jpg 200w, https:\/\/cyclepoitevin86.fr\/wp-content\/uploads\/2026\/03\/DSC_2851-768x1152.jpg 768w, https:\/\/cyclepoitevin86.fr\/wp-content\/uploads\/2026\/03\/DSC_2851-1024x1536.jpg 1024w, https:\/\/cyclepoitevin86.fr\/wp-content\/uploads\/2026\/03\/DSC_2851-1365x2048.jpg 1365w, https:\/\/cyclepoitevin86.fr\/wp-content\/uploads\/2026\/03\/DSC_2851-scaled.jpg 1707w\" sizes=\"auto, (max-width: 683px) 100vw, 683px\" \/><figcaption class=\"wp-element-caption\">JCD<\/figcaption><\/figure>\n<\/div>\n\n\n<p class=\"has-text-align-center has-vivid-green-cyan-color has-text-color has-link-color wp-elements-fae15b660cf33331c9665fcdc85d2787\" style=\"font-size:30px\"><strong><em>Saison 2026<\/em><\/strong><\/p>\n\n\n\n<p style=\"font-size:22px\">9\u00e8me de Pied Sec (86) <\/p>\n\n\n\n<p style=\"font-size:22px\">14\u00e8me du Prix Sanital de Ch\u00e2tellerault (86)<\/p>\n\n\n\n<p style=\"font-size:22px\">14\u00e8me de Gourg\u00e9 (79) <\/p>\n\n\n\n<p style=\"font-size:22px\">16\u00e8me de Beaumont (86) <\/p>\n\n\n\n<p style=\"font-size:22px\">25\u00e8me de Confolens (16)<\/p>\n\n\n\n<p style=\"font-size:22px\">38\u00e8me de Pouant (86)<\/p>\n\n\n\n<p style=\"font-size:22px\">40\u00e8me de Massignac (16) <\/p>\n\n\n\n<p style=\"font-size:22px\">41\u00e8me de Bonnac la C\u00f4te (87)<\/p>\n\n\n\n<p><\/p>\n\n\n\n<p style=\"font-size:22px\">5\u00e8me du cyclo-cross de Ligug\u00e9 (86)<\/p>\n\n\n\n<p style=\"font-size:22px\">5\u00e8me du cyclo-cross de Poitiers (86) <\/p>\n\n\n\n<p style=\"font-size:22px\">6\u00e8me de St Martin le Vieux (87)<\/p>\n\n\n\n<p style=\"font-size:22px\">6\u00e8me du cyclo-cross de Vounauil eous Biard (86) <\/p>\n\n\n\n<p style=\"font-size:22px\">8\u00e8me du cyclo-cross de Ch\u00e2tellerault du samedi (86) <\/p>\n\n\n\n<p style=\"font-size:22px\">27\u00e8me du Championnat R\u00e9gional de cyclo-cross en U19<\/p>\n\n\n\n<p><\/p>\n","protected":false},"excerpt":{"rendered":"<p>Saison 2026 9\u00e8me de Pied Sec (86) 14\u00e8me du Prix Sanital de Ch\u00e2tellerault (86) 14\u00e8me de Gourg\u00e9 (79) 16\u00e8me de Beaumont (86) 25\u00e8me de Confolens (16) 38\u00e8me de Pouant (86) 40\u00e8me de Massignac (16) 41\u00e8me de Bonnac la C\u00f4te (87) 5\u00e8me du cyclo-cross de Ligug\u00e9 (86) 5\u00e8me du cyclo-cross de Poitiers (86) 6\u00e8me de St [&hellip;]<\/p>\n","protected":false},"author":1,"featured_media":0,"parent":0,"menu_order":0,"comment_status":"closed","ping_status":"closed","template":"","meta":{"footnotes":""},"class_list":["post-9135","page","type-page","status-publish","hentry"],"_links":{"self":[{"href":"https:\/\/cyclepoitevin86.fr\/index.php\/wp-json\/wp\/v2\/pages\/9135","targetHints":{"allow":["GET"]}}],"collection":[{"href":"https:\/\/cyclepoitevin86.fr\/index.php\/wp-json\/wp\/v2\/pages"}],"about":[{"href":"https:\/\/cyclepoitevin86.fr\/index.php\/wp-json\/wp\/v2\/types\/page"}],"author":[{"embeddable":true,"href":"https:\/\/cyclepoitevin86.fr\/index.php\/wp-json\/wp\/v2\/users\/1"}],"replies":[{"embeddable":true,"href":"https:\/\/cyclepoitevin86.fr\/index.php\/wp-json\/wp\/v2\/comments?post=9135"}],"version-history":[{"count":15,"href":"https:\/\/cyclepoitevin86.fr\/index.php\/wp-json\/wp\/v2\/pages\/9135\/revisions"}],"predecessor-version":[{"id":10226,"href":"https:\/\/cyclepoitevin86.fr\/index.php\/wp-json\/wp\/v2\/pages\/9135\/revisions\/10226"}],"wp:attachment":[{"href":"https:\/\/cyclepoitevin86.fr\/index.php\/wp-json\/wp\/v2\/media?parent=9135"}],"curies":[{"name":"wp","href":"https:\/\/api.w.org\/{rel}","templated":true}]}}