{"id":9121,"date":"2025-10-19T18:58:17","date_gmt":"2025-10-19T16:58:17","guid":{"rendered":"https:\/\/cyclepoitevin86.fr\/?page_id=9121"},"modified":"2025-12-20T18:29:37","modified_gmt":"2025-12-20T17:29:37","slug":"raimond-rose","status":"publish","type":"page","link":"https:\/\/cyclepoitevin86.fr\/index.php\/raimond-rose\/","title":{"rendered":"RAIMOND Rose"},"content":{"rendered":"\n<p style=\"font-size:22px\">Vice Championne D\u00e9partementale Dames U15\/U17 de cyclo-cross<\/p>\n\n\n\n<p style=\"font-size:22px\">2\u00e8me du cyclo-cross Nocturne de St Georges les Baillargeaux (86)<\/p>\n\n\n\n<p style=\"font-size:22px\">4\u00e8me du cyclo-cross de St Cyr &#8211; Beaumont (86)<\/p>\n\n\n\n<p style=\"font-size:22px\">4\u00e8me du cyclo-cross de Ch\u00e2tellerault du samedi (86) <\/p>\n\n\n\n<p style=\"font-size:22px\">4\u00e8me du cyclo-cross de Ch\u00e2tellerault du dimanche (86) <\/p>\n\n\n\n<p style=\"font-size:22px\">5\u00e8me du cyclo-cross de Chauvigny (86)<\/p>\n\n\n\n<p style=\"font-size:22px\">6\u00e8me du cyclo-cross de Buxerolles (86) <\/p>\n\n\n\n<p style=\"font-size:22px\">7\u00e8me du cyclo-cross de Ligug\u00e9 (86)<\/p>\n\n\n\n<p style=\"font-size:22px\">7\u00e8me du cyclo-cross de Poitiers (86) <\/p>\n\n\n\n<p style=\"font-size:22px\">9\u00e8me du cyclo- cross \u00e0 l&rsquo;Am\u00e9ricaine de Poitiers (86)  <\/p>\n\n\n\n<p style=\"font-size:22px\">12\u00e8me du cyclo-cross de Availles Limouzine (86)<\/p>\n\n\n\n<p style=\"font-size:22px\">13\u00e8me du cyclo-cross de Vivonne (86) <\/p>\n\n\n\n<p><\/p>\n","protected":false},"excerpt":{"rendered":"<p>Vice Championne D\u00e9partementale Dames U15\/U17 de cyclo-cross 2\u00e8me du cyclo-cross Nocturne de St Georges les Baillargeaux (86) 4\u00e8me du cyclo-cross de St Cyr &#8211; Beaumont (86) 4\u00e8me du cyclo-cross de Ch\u00e2tellerault du samedi (86) 4\u00e8me du cyclo-cross de Ch\u00e2tellerault du dimanche (86) 5\u00e8me du cyclo-cross de Chauvigny (86) 6\u00e8me du cyclo-cross de Buxerolles (86) 7\u00e8me [&hellip;]<\/p>\n","protected":false},"author":1,"featured_media":0,"parent":0,"menu_order":0,"comment_status":"closed","ping_status":"closed","template":"","meta":{"footnotes":""},"class_list":["post-9121","page","type-page","status-publish","hentry"],"_links":{"self":[{"href":"https:\/\/cyclepoitevin86.fr\/index.php\/wp-json\/wp\/v2\/pages\/9121","targetHints":{"allow":["GET"]}}],"collection":[{"href":"https:\/\/cyclepoitevin86.fr\/index.php\/wp-json\/wp\/v2\/pages"}],"about":[{"href":"https:\/\/cyclepoitevin86.fr\/index.php\/wp-json\/wp\/v2\/types\/page"}],"author":[{"embeddable":true,"href":"https:\/\/cyclepoitevin86.fr\/index.php\/wp-json\/wp\/v2\/users\/1"}],"replies":[{"embeddable":true,"href":"https:\/\/cyclepoitevin86.fr\/index.php\/wp-json\/wp\/v2\/comments?post=9121"}],"version-history":[{"count":13,"href":"https:\/\/cyclepoitevin86.fr\/index.php\/wp-json\/wp\/v2\/pages\/9121\/revisions"}],"predecessor-version":[{"id":9561,"href":"https:\/\/cyclepoitevin86.fr\/index.php\/wp-json\/wp\/v2\/pages\/9121\/revisions\/9561"}],"wp:attachment":[{"href":"https:\/\/cyclepoitevin86.fr\/index.php\/wp-json\/wp\/v2\/media?parent=9121"}],"curies":[{"name":"wp","href":"https:\/\/api.w.org\/{rel}","templated":true}]}}