{"id":9120,"date":"2025-10-19T18:58:17","date_gmt":"2025-10-19T16:58:17","guid":{"rendered":"https:\/\/cyclepoitevin86.fr\/?page_id=9120"},"modified":"2026-04-12T21:23:11","modified_gmt":"2026-04-12T19:23:11","slug":"raimond-juline","status":"publish","type":"page","link":"https:\/\/cyclepoitevin86.fr\/index.php\/raimond-juline\/","title":{"rendered":"RAIMOND Juline"},"content":{"rendered":"<div class=\"wp-block-image\">\n<figure class=\"aligncenter size-large is-resized\"><img loading=\"lazy\" decoding=\"async\" width=\"683\" height=\"1024\" src=\"https:\/\/cyclepoitevin86.fr\/wp-content\/uploads\/2026\/03\/DSC_2840-683x1024.jpg\" alt=\"\" class=\"wp-image-9897\" style=\"aspect-ratio:0.6667410797336012;width:247px;height:auto\" srcset=\"https:\/\/cyclepoitevin86.fr\/wp-content\/uploads\/2026\/03\/DSC_2840-683x1024.jpg 683w, https:\/\/cyclepoitevin86.fr\/wp-content\/uploads\/2026\/03\/DSC_2840-200x300.jpg 200w, https:\/\/cyclepoitevin86.fr\/wp-content\/uploads\/2026\/03\/DSC_2840-768x1152.jpg 768w, https:\/\/cyclepoitevin86.fr\/wp-content\/uploads\/2026\/03\/DSC_2840-1024x1536.jpg 1024w, https:\/\/cyclepoitevin86.fr\/wp-content\/uploads\/2026\/03\/DSC_2840-1365x2048.jpg 1365w, https:\/\/cyclepoitevin86.fr\/wp-content\/uploads\/2026\/03\/DSC_2840-scaled.jpg 1707w\" sizes=\"auto, (max-width: 683px) 100vw, 683px\" \/><figcaption class=\"wp-element-caption\">JCD<\/figcaption><\/figure>\n<\/div>\n\n\n<p class=\"has-text-align-center has-vivid-green-cyan-color has-text-color has-link-color wp-elements-41ce6f18079ad403937c93341b8a1267\" style=\"font-size:30px\"><strong><em>SAISON 2026 : <\/em><\/strong><\/p>\n\n\n\n<p style=\"font-size:22px\">3\u00e8me de Tauxigny (37) <\/p>\n\n\n\n<p style=\"font-size:22px\">18\u00e8me du Prix Sanital de Ch\u00e2tellerault (86)<\/p>\n\n\n\n<p style=\"font-size:22px\">33\u00e8me de Beaumont (86) <\/p>\n\n\n\n<p><\/p>\n\n\n\n<p style=\"font-size:22px\">2\u00e8me du cyclo-cross de Ch\u00e2tellerault du samedi (86)<\/p>\n\n\n\n<p style=\"font-size:22px\">2\u00e8me du cyclo-cross de Ch\u00e2tellerault du dimanche (86) <\/p>\n\n\n\n<p style=\"font-size:22px\">3\u00e8me du Championnat d\u00e9partemental Dames de cyclo-cross <\/p>\n\n\n\n<p style=\"font-size:22px\">3\u00e8me du cyclo-cross de Poitiers (86)  <\/p>\n\n\n\n<p style=\"font-size:22px\">4\u00e8me du cyclo-cross Nocturne de St Georges les Baillargeaux (86)<\/p>\n\n\n\n<p style=\"font-size:22px\">4\u00e8me du cyclo-cross de Vivonne (86) <\/p>\n\n\n\n<p style=\"font-size:22px\">11\u00e8me du cyclo-cross de Vounauil eous Biard (86) <\/p>\n\n\n\n<p style=\"font-size:22px\">18\u00e8me du cyclo- cross \u00e0 l&rsquo;Am\u00e9ricaine de Poitiers (86) <\/p>\n\n\n\n<p><\/p>\n","protected":false},"excerpt":{"rendered":"<p>SAISON 2026 : 3\u00e8me de Tauxigny (37) 18\u00e8me du Prix Sanital de Ch\u00e2tellerault (86) 33\u00e8me de Beaumont (86) 2\u00e8me du cyclo-cross de Ch\u00e2tellerault du samedi (86) 2\u00e8me du cyclo-cross de Ch\u00e2tellerault du dimanche (86) 3\u00e8me du Championnat d\u00e9partemental Dames de cyclo-cross 3\u00e8me du cyclo-cross de Poitiers (86) 4\u00e8me du cyclo-cross Nocturne de St Georges les [&hellip;]<\/p>\n","protected":false},"author":1,"featured_media":0,"parent":0,"menu_order":0,"comment_status":"closed","ping_status":"closed","template":"","meta":{"footnotes":""},"class_list":["post-9120","page","type-page","status-publish","hentry"],"_links":{"self":[{"href":"https:\/\/cyclepoitevin86.fr\/index.php\/wp-json\/wp\/v2\/pages\/9120","targetHints":{"allow":["GET"]}}],"collection":[{"href":"https:\/\/cyclepoitevin86.fr\/index.php\/wp-json\/wp\/v2\/pages"}],"about":[{"href":"https:\/\/cyclepoitevin86.fr\/index.php\/wp-json\/wp\/v2\/types\/page"}],"author":[{"embeddable":true,"href":"https:\/\/cyclepoitevin86.fr\/index.php\/wp-json\/wp\/v2\/users\/1"}],"replies":[{"embeddable":true,"href":"https:\/\/cyclepoitevin86.fr\/index.php\/wp-json\/wp\/v2\/comments?post=9120"}],"version-history":[{"count":11,"href":"https:\/\/cyclepoitevin86.fr\/index.php\/wp-json\/wp\/v2\/pages\/9120\/revisions"}],"predecessor-version":[{"id":10201,"href":"https:\/\/cyclepoitevin86.fr\/index.php\/wp-json\/wp\/v2\/pages\/9120\/revisions\/10201"}],"wp:attachment":[{"href":"https:\/\/cyclepoitevin86.fr\/index.php\/wp-json\/wp\/v2\/media?parent=9120"}],"curies":[{"name":"wp","href":"https:\/\/api.w.org\/{rel}","templated":true}]}}