{"id":9119,"date":"2025-10-19T18:58:17","date_gmt":"2025-10-19T16:58:17","guid":{"rendered":"https:\/\/cyclepoitevin86.fr\/?page_id=9119"},"modified":"2026-04-12T21:22:47","modified_gmt":"2026-04-12T19:22:47","slug":"raimond-francois","status":"publish","type":"page","link":"https:\/\/cyclepoitevin86.fr\/index.php\/raimond-francois\/","title":{"rendered":"RAIMOND Fran\u00e7ois"},"content":{"rendered":"<div class=\"wp-block-image\">\n<figure class=\"aligncenter size-large is-resized\"><img loading=\"lazy\" decoding=\"async\" width=\"683\" height=\"1024\" src=\"https:\/\/cyclepoitevin86.fr\/wp-content\/uploads\/2026\/03\/DSC_2843-683x1024.jpg\" alt=\"\" class=\"wp-image-9895\" style=\"width:296px;height:auto\" srcset=\"https:\/\/cyclepoitevin86.fr\/wp-content\/uploads\/2026\/03\/DSC_2843-683x1024.jpg 683w, https:\/\/cyclepoitevin86.fr\/wp-content\/uploads\/2026\/03\/DSC_2843-200x300.jpg 200w, https:\/\/cyclepoitevin86.fr\/wp-content\/uploads\/2026\/03\/DSC_2843-768x1152.jpg 768w, https:\/\/cyclepoitevin86.fr\/wp-content\/uploads\/2026\/03\/DSC_2843-1024x1536.jpg 1024w, https:\/\/cyclepoitevin86.fr\/wp-content\/uploads\/2026\/03\/DSC_2843-1365x2048.jpg 1365w, https:\/\/cyclepoitevin86.fr\/wp-content\/uploads\/2026\/03\/DSC_2843-scaled.jpg 1707w\" sizes=\"auto, (max-width: 683px) 100vw, 683px\" \/><figcaption class=\"wp-element-caption\">JCD<\/figcaption><\/figure>\n<\/div>\n\n\n<p class=\"has-text-align-center has-vivid-green-cyan-color has-text-color has-link-color wp-elements-606012c7f37c32e1cbd2f42a54f114b3\" style=\"font-size:30px\"><strong><em>SAISON 2026 :<\/em><\/strong> <\/p>\n\n\n\n<p style=\"font-size:22px\">2\u00e8me de Tauxigny (37)<\/p>\n\n\n\n<p style=\"font-size:22px\">13\u00e8me de Beaumont (86)<\/p>\n\n\n\n<p style=\"font-size:22px\">17\u00e8me du Prix Sanital de Ch\u00e2tellerault (86)<\/p>\n\n\n\n<p><\/p>\n\n\n\n<p style=\"font-size:22px\">7\u00e8me du cyclo-cross Nocturne de St Georges les Baillargeaux (86)<\/p>\n\n\n\n<p style=\"font-size:22px\">9\u00e8me du cyclo-cross de Chauvigny (86)<\/p>\n\n\n\n<p style=\"font-size:22px\">12\u00e8me du cyclo-cross de Ch\u00e2tellerault du dimanche (86) <\/p>\n\n\n\n<p style=\"font-size:22px\">12\u00e8me du cyclo- cross \u00e0 l&rsquo;Am\u00e9ricaine de Poitiers (86)  <\/p>\n\n\n\n<p style=\"font-size:22px\">13\u00e8me du cyclo-cross de St Cyr &#8211; Beaumont (86)<\/p>\n\n\n\n<p style=\"font-size:22px\">14\u00e8me du cyclo-cross de Buxerolles (86) <\/p>\n\n\n\n<p style=\"font-size:22px\">14\u00e8medu cyclo-cross de St Georges les Baillargeaux (86)  <\/p>\n\n\n\n<p style=\"font-size:22px\">14\u00e8me du cyclo-cross de Ch\u00e2tellerault du samedi (86)<\/p>\n\n\n\n<p style=\"font-size:22px\">18\u00e8me \u00e8me du cyclo-cross de Ligug\u00e9 (86)<\/p>\n\n\n\n<p style=\"font-size:22px\">19\u00e8me du cyclo-cross de Availles Limouzine (86)<\/p>\n\n\n\n<p style=\"font-size:22px\">19\u00e8me du cyclo-cross de Poitiers (86)  <\/p>\n\n\n\n<p style=\"font-size:22px\">22\u00e8me du cyclo-cross de Vouneuil sous Biard (86)<\/p>\n\n\n\n<p style=\"font-size:22px\">23\u00e8me du cyclo-cross de Vivonne (86)<\/p>\n\n\n\n<p><\/p>\n","protected":false},"excerpt":{"rendered":"<p>SAISON 2026 : 2\u00e8me de Tauxigny (37) 13\u00e8me de Beaumont (86) 17\u00e8me du Prix Sanital de Ch\u00e2tellerault (86) 7\u00e8me du cyclo-cross Nocturne de St Georges les Baillargeaux (86) 9\u00e8me du cyclo-cross de Chauvigny (86) 12\u00e8me du cyclo-cross de Ch\u00e2tellerault du dimanche (86) 12\u00e8me du cyclo- cross \u00e0 l&rsquo;Am\u00e9ricaine de Poitiers (86) 13\u00e8me du cyclo-cross de [&hellip;]<\/p>\n","protected":false},"author":1,"featured_media":0,"parent":0,"menu_order":0,"comment_status":"closed","ping_status":"closed","template":"","meta":{"footnotes":""},"class_list":["post-9119","page","type-page","status-publish","hentry"],"_links":{"self":[{"href":"https:\/\/cyclepoitevin86.fr\/index.php\/wp-json\/wp\/v2\/pages\/9119","targetHints":{"allow":["GET"]}}],"collection":[{"href":"https:\/\/cyclepoitevin86.fr\/index.php\/wp-json\/wp\/v2\/pages"}],"about":[{"href":"https:\/\/cyclepoitevin86.fr\/index.php\/wp-json\/wp\/v2\/types\/page"}],"author":[{"embeddable":true,"href":"https:\/\/cyclepoitevin86.fr\/index.php\/wp-json\/wp\/v2\/users\/1"}],"replies":[{"embeddable":true,"href":"https:\/\/cyclepoitevin86.fr\/index.php\/wp-json\/wp\/v2\/comments?post=9119"}],"version-history":[{"count":17,"href":"https:\/\/cyclepoitevin86.fr\/index.php\/wp-json\/wp\/v2\/pages\/9119\/revisions"}],"predecessor-version":[{"id":10200,"href":"https:\/\/cyclepoitevin86.fr\/index.php\/wp-json\/wp\/v2\/pages\/9119\/revisions\/10200"}],"wp:attachment":[{"href":"https:\/\/cyclepoitevin86.fr\/index.php\/wp-json\/wp\/v2\/media?parent=9119"}],"curies":[{"name":"wp","href":"https:\/\/api.w.org\/{rel}","templated":true}]}}