{"id":7259,"date":"2025-03-13T11:09:12","date_gmt":"2025-03-13T10:09:12","guid":{"rendered":"https:\/\/cyclepoitevin86.fr\/?page_id=7259"},"modified":"2026-04-04T21:33:16","modified_gmt":"2026-04-04T19:33:16","slug":"demuth-arnaud","status":"publish","type":"page","link":"https:\/\/cyclepoitevin86.fr\/index.php\/demuth-arnaud\/","title":{"rendered":"DEMUTH Arnaud"},"content":{"rendered":"\n<p class=\"has-text-align-center has-vivid-green-cyan-color has-text-color has-link-color wp-elements-c477fdf35ae031dbd589abfd15195cf0\" style=\"font-size:30px\"><strong><em>SAISON 2026<\/em><\/strong><\/p>\n\n\n\n<p style=\"font-size:22px\">1er de Puceul (44) <\/p>\n\n\n\n<p style=\"font-size:22px\">1er de Saint Christophe (86) <\/p>\n\n\n\n<p style=\"font-size:22px\">2\u00e8me de bridor\u00e9 (37) <\/p>\n\n\n\n<p style=\"font-size:22px\">9\u00e8me du Prix Sanital de Ch\u00e2tellerault (86) <\/p>\n\n\n\n<p style=\"font-size:22px\">19\u00e8me de Beaumont (86) <\/p>\n\n\n\n<p class=\"has-text-align-center has-vivid-green-cyan-color has-text-color has-link-color wp-elements-a735d7af7d5b75c6b4a149c12ebfe781\" style=\"font-size:30px\"><strong><em>SAISON 2025<\/em><\/strong><\/p>\n\n\n\n<p style=\"font-size:22px\">1er de La Germoni\u00e8re (86)<\/p>\n\n\n\n<p style=\"font-size:22px\">5\u00e8me du Rochenard (79)<\/p>\n\n\n\n<p style=\"font-size:22px\">9\u00e8me de S\u00e8vres Anxaumont (86)<\/p>\n\n\n\n<p style=\"font-size:22px\">12\u00e8me des Eglises d&rsquo;Argenteuil (17)  <\/p>\n\n\n\n<p style=\"font-size:22px\">16\u00e8me de Melleran (79)<\/p>\n\n\n\n<p style=\"font-size:22px\">16\u00e8me de St Gervais les 3 Clochers (86)<\/p>\n","protected":false},"excerpt":{"rendered":"<p>SAISON 2026 1er de Puceul (44) 1er de Saint Christophe (86) 2\u00e8me de bridor\u00e9 (37) 9\u00e8me du Prix Sanital de Ch\u00e2tellerault (86) 19\u00e8me de Beaumont (86) SAISON 2025 1er de La Germoni\u00e8re (86) 5\u00e8me du Rochenard (79) 9\u00e8me de S\u00e8vres Anxaumont (86) 12\u00e8me des Eglises d&rsquo;Argenteuil (17) 16\u00e8me de Melleran (79) 16\u00e8me de St Gervais [&hellip;]<\/p>\n","protected":false},"author":1,"featured_media":0,"parent":0,"menu_order":0,"comment_status":"closed","ping_status":"closed","template":"","meta":{"footnotes":""},"class_list":["post-7259","page","type-page","status-publish","hentry"],"_links":{"self":[{"href":"https:\/\/cyclepoitevin86.fr\/index.php\/wp-json\/wp\/v2\/pages\/7259","targetHints":{"allow":["GET"]}}],"collection":[{"href":"https:\/\/cyclepoitevin86.fr\/index.php\/wp-json\/wp\/v2\/pages"}],"about":[{"href":"https:\/\/cyclepoitevin86.fr\/index.php\/wp-json\/wp\/v2\/types\/page"}],"author":[{"embeddable":true,"href":"https:\/\/cyclepoitevin86.fr\/index.php\/wp-json\/wp\/v2\/users\/1"}],"replies":[{"embeddable":true,"href":"https:\/\/cyclepoitevin86.fr\/index.php\/wp-json\/wp\/v2\/comments?post=7259"}],"version-history":[{"count":12,"href":"https:\/\/cyclepoitevin86.fr\/index.php\/wp-json\/wp\/v2\/pages\/7259\/revisions"}],"predecessor-version":[{"id":10116,"href":"https:\/\/cyclepoitevin86.fr\/index.php\/wp-json\/wp\/v2\/pages\/7259\/revisions\/10116"}],"wp:attachment":[{"href":"https:\/\/cyclepoitevin86.fr\/index.php\/wp-json\/wp\/v2\/media?parent=7259"}],"curies":[{"name":"wp","href":"https:\/\/api.w.org\/{rel}","templated":true}]}}