{"id":7044,"date":"2025-02-06T18:50:08","date_gmt":"2025-02-06T17:50:08","guid":{"rendered":"https:\/\/cyclepoitevin86.fr\/?page_id=7044"},"modified":"2026-04-04T21:31:22","modified_gmt":"2026-04-04T19:31:22","slug":"bechennec-jordan","status":"publish","type":"page","link":"https:\/\/cyclepoitevin86.fr\/index.php\/bechennec-jordan\/","title":{"rendered":"BECHENNEC Jordan"},"content":{"rendered":"\n<p class=\"has-text-align-center has-vivid-green-cyan-color has-text-color has-link-color wp-elements-8b89faeaa51f8656dc72e2eb4db7f4bb\" style=\"font-size:30px\"><strong><em>SAISON 2026 :<\/em><\/strong><\/p>\n\n\n\n<p style=\"font-size:22px\">7\u00e8me de Beaumont (86) <\/p>\n\n\n\n<p style=\"font-size:22px\">9\u00e8me de Saint Christophe (86)<\/p>\n\n\n\n<p style=\"font-size:22px\">31\u00e8me du Prix Sanital de Ch\u00e2tellerault (86) <\/p>\n\n\n\n<p style=\"font-size:22px\">34\u00e8me de Charnizay (36)<\/p>\n\n\n\n<p class=\"has-text-align-center has-vivid-green-cyan-color has-text-color has-link-color wp-elements-6e4acd8fc5020a5ac3bdaff417be9da8\" style=\"font-size:30px\"><strong><em>SAISON 2025 :<\/em><\/strong><\/p>\n\n\n\n<p style=\"font-size:22px\">1er de Beaumont (86) <\/p>\n\n\n\n<p style=\"font-size:22px\">5\u00e8me de Sy Gervais les 3 Clochers (86) <\/p>\n\n\n\n<p style=\"font-size:22px\">8\u00e8me du Prix Sanital de Ch\u00e2tellerault (86)<\/p>\n\n\n\n<p style=\"font-size:22px\">11\u00e8me de Melleran (79) <\/p>\n\n\n\n<p style=\"font-size:22px\">15\u00e8me du Prix de la Germoni\u00e8re (86) <\/p>\n\n\n\n<p style=\"font-size:22px\">16\u00e8me de Saint Christophe (86)<\/p>\n\n\n\n<p style=\"font-size:22px\">21\u00e8me de Ambersac (16) <\/p>\n\n\n\n<p style=\"font-size:22px\">25\u00e8me de La Mazerollaise (86) <\/p>\n\n\n\n<p style=\"font-size:22px\">41\u00e8me de La S\u00e9guini\u00e8re (49)<\/p>\n","protected":false},"excerpt":{"rendered":"<p>SAISON 2026 : 7\u00e8me de Beaumont (86) 9\u00e8me de Saint Christophe (86) 31\u00e8me du Prix Sanital de Ch\u00e2tellerault (86) 34\u00e8me de Charnizay (36) SAISON 2025 : 1er de Beaumont (86) 5\u00e8me de Sy Gervais les 3 Clochers (86) 8\u00e8me du Prix Sanital de Ch\u00e2tellerault (86) 11\u00e8me de Melleran (79) 15\u00e8me du Prix de la Germoni\u00e8re [&hellip;]<\/p>\n","protected":false},"author":1,"featured_media":0,"parent":0,"menu_order":0,"comment_status":"closed","ping_status":"closed","template":"","meta":{"footnotes":""},"class_list":["post-7044","page","type-page","status-publish","hentry"],"_links":{"self":[{"href":"https:\/\/cyclepoitevin86.fr\/index.php\/wp-json\/wp\/v2\/pages\/7044","targetHints":{"allow":["GET"]}}],"collection":[{"href":"https:\/\/cyclepoitevin86.fr\/index.php\/wp-json\/wp\/v2\/pages"}],"about":[{"href":"https:\/\/cyclepoitevin86.fr\/index.php\/wp-json\/wp\/v2\/types\/page"}],"author":[{"embeddable":true,"href":"https:\/\/cyclepoitevin86.fr\/index.php\/wp-json\/wp\/v2\/users\/1"}],"replies":[{"embeddable":true,"href":"https:\/\/cyclepoitevin86.fr\/index.php\/wp-json\/wp\/v2\/comments?post=7044"}],"version-history":[{"count":14,"href":"https:\/\/cyclepoitevin86.fr\/index.php\/wp-json\/wp\/v2\/pages\/7044\/revisions"}],"predecessor-version":[{"id":10112,"href":"https:\/\/cyclepoitevin86.fr\/index.php\/wp-json\/wp\/v2\/pages\/7044\/revisions\/10112"}],"wp:attachment":[{"href":"https:\/\/cyclepoitevin86.fr\/index.php\/wp-json\/wp\/v2\/media?parent=7044"}],"curies":[{"name":"wp","href":"https:\/\/api.w.org\/{rel}","templated":true}]}}