{"id":6995,"date":"2025-01-10T08:43:57","date_gmt":"2025-01-10T07:43:57","guid":{"rendered":"https:\/\/cyclepoitevin86.fr\/?page_id=6995"},"modified":"2025-08-24T21:51:58","modified_gmt":"2025-08-24T19:51:58","slug":"chambon-cyrille","status":"publish","type":"page","link":"https:\/\/cyclepoitevin86.fr\/index.php\/chambon-cyrille\/","title":{"rendered":"CHAMBON Cyrille"},"content":{"rendered":"\n<p style=\"font-size:22px\">1er de Loches (37) <\/p>\n\n\n\n<p style=\"font-size:22px\">1er de Magn\u00e9 (79) <\/p>\n\n\n\n<p style=\"font-size:22px\">1er des Eglises d&rsquo;Argenteuil (17)  <\/p>\n\n\n\n<p style=\"font-size:22px\">3\u00e8me de Beaumont (86)<\/p>\n\n\n\n<p style=\"font-size:22px\">3\u00e8me de Chaunay (86) <\/p>\n\n\n\n<p style=\"font-size:22px\">3\u00e8me de Brion (79) <\/p>\n\n\n\n<p style=\"font-size:22px\">3\u00e8me du Prix de la Germoni\u00e8re (86) <\/p>\n\n\n\n<p style=\"font-size:22px\">5\u00e8me de S\u00e8vres Anxaumont (86)<\/p>\n\n\n\n<p style=\"font-size:22px\">8\u00e8me de la Nocturne du Sanital (86)<\/p>\n\n\n\n<p style=\"font-size:22px\">8\u00e8me de St Hilaire de Villefranche (17)  <\/p>\n\n\n\n<p style=\"font-size:22px\">16\u00e8me de Saint Christophe (86)<\/p>\n","protected":false},"excerpt":{"rendered":"<p>1er de Loches (37) 1er de Magn\u00e9 (79) 1er des Eglises d&rsquo;Argenteuil (17) 3\u00e8me de Beaumont (86) 3\u00e8me de Chaunay (86) 3\u00e8me de Brion (79) 3\u00e8me du Prix de la Germoni\u00e8re (86) 5\u00e8me de S\u00e8vres Anxaumont (86) 8\u00e8me de la Nocturne du Sanital (86) 8\u00e8me de St Hilaire de Villefranche (17) 16\u00e8me de Saint Christophe [&hellip;]<\/p>\n","protected":false},"author":1,"featured_media":0,"parent":0,"menu_order":0,"comment_status":"closed","ping_status":"closed","template":"","meta":{"footnotes":""},"class_list":["post-6995","page","type-page","status-publish","hentry"],"_links":{"self":[{"href":"https:\/\/cyclepoitevin86.fr\/index.php\/wp-json\/wp\/v2\/pages\/6995","targetHints":{"allow":["GET"]}}],"collection":[{"href":"https:\/\/cyclepoitevin86.fr\/index.php\/wp-json\/wp\/v2\/pages"}],"about":[{"href":"https:\/\/cyclepoitevin86.fr\/index.php\/wp-json\/wp\/v2\/types\/page"}],"author":[{"embeddable":true,"href":"https:\/\/cyclepoitevin86.fr\/index.php\/wp-json\/wp\/v2\/users\/1"}],"replies":[{"embeddable":true,"href":"https:\/\/cyclepoitevin86.fr\/index.php\/wp-json\/wp\/v2\/comments?post=6995"}],"version-history":[{"count":12,"href":"https:\/\/cyclepoitevin86.fr\/index.php\/wp-json\/wp\/v2\/pages\/6995\/revisions"}],"predecessor-version":[{"id":8660,"href":"https:\/\/cyclepoitevin86.fr\/index.php\/wp-json\/wp\/v2\/pages\/6995\/revisions\/8660"}],"wp:attachment":[{"href":"https:\/\/cyclepoitevin86.fr\/index.php\/wp-json\/wp\/v2\/media?parent=6995"}],"curies":[{"name":"wp","href":"https:\/\/api.w.org\/{rel}","templated":true}]}}