{"id":6903,"date":"2024-12-11T21:37:01","date_gmt":"2024-12-11T20:37:01","guid":{"rendered":"https:\/\/cyclepoitevin86.fr\/?page_id=6903"},"modified":"2025-06-14T19:36:59","modified_gmt":"2025-06-14T17:36:59","slug":"cousin-marius","status":"publish","type":"page","link":"https:\/\/cyclepoitevin86.fr\/index.php\/cousin-marius\/","title":{"rendered":"COUSIN Marius"},"content":{"rendered":"\n<p style=\"font-size:22px\">11\u00e8me de St Gervais les 3 Clochers (86) <\/p>\n\n\n\n<p style=\"font-size:22px\">17\u00e8me de Beaumont (86)<\/p>\n\n\n\n<p style=\"font-size:22px\">22\u00e8me de Saint Christophe (86)<\/p>\n","protected":false},"excerpt":{"rendered":"<p>11\u00e8me de St Gervais les 3 Clochers (86) 17\u00e8me de Beaumont (86) 22\u00e8me de Saint Christophe (86)<\/p>\n","protected":false},"author":1,"featured_media":0,"parent":0,"menu_order":0,"comment_status":"closed","ping_status":"closed","template":"","meta":{"footnotes":""},"class_list":["post-6903","page","type-page","status-publish","hentry"],"_links":{"self":[{"href":"https:\/\/cyclepoitevin86.fr\/index.php\/wp-json\/wp\/v2\/pages\/6903","targetHints":{"allow":["GET"]}}],"collection":[{"href":"https:\/\/cyclepoitevin86.fr\/index.php\/wp-json\/wp\/v2\/pages"}],"about":[{"href":"https:\/\/cyclepoitevin86.fr\/index.php\/wp-json\/wp\/v2\/types\/page"}],"author":[{"embeddable":true,"href":"https:\/\/cyclepoitevin86.fr\/index.php\/wp-json\/wp\/v2\/users\/1"}],"replies":[{"embeddable":true,"href":"https:\/\/cyclepoitevin86.fr\/index.php\/wp-json\/wp\/v2\/comments?post=6903"}],"version-history":[{"count":4,"href":"https:\/\/cyclepoitevin86.fr\/index.php\/wp-json\/wp\/v2\/pages\/6903\/revisions"}],"predecessor-version":[{"id":8226,"href":"https:\/\/cyclepoitevin86.fr\/index.php\/wp-json\/wp\/v2\/pages\/6903\/revisions\/8226"}],"wp:attachment":[{"href":"https:\/\/cyclepoitevin86.fr\/index.php\/wp-json\/wp\/v2\/media?parent=6903"}],"curies":[{"name":"wp","href":"https:\/\/api.w.org\/{rel}","templated":true}]}}