{"id":6483,"date":"2024-10-01T10:40:45","date_gmt":"2024-10-01T08:40:45","guid":{"rendered":"https:\/\/cyclepoitevin86.fr\/?page_id=6483"},"modified":"2025-08-18T08:00:35","modified_gmt":"2025-08-18T06:00:35","slug":"renelier-pierre","status":"publish","type":"page","link":"https:\/\/cyclepoitevin86.fr\/index.php\/renelier-pierre\/","title":{"rendered":"RENELIER Pierre"},"content":{"rendered":"\n<p style=\"font-size:22px\">2\u00e8me de Charnizay (37) <\/p>\n\n\n\n<p style=\"font-size:22px\">7\u00e8me de Mar\u00e7ay (86)<\/p>\n\n\n\n<p style=\"font-size:22px\">15\u00e8me de la Nocturne de Descartes (37) <\/p>\n\n\n\n<p style=\"font-size:22px\">20\u00e8me de Bressuire (79)<\/p>\n\n\n\n<p style=\"font-size:22px\">23\u00e8me du Vigeant (86) <\/p>\n\n\n\n<p style=\"font-size:22px\">29\u00e8me de Ste Maure &#8211; Descartes (37)<\/p>\n\n\n\n<p style=\"font-size:22px\">30\u00e8me de Alloue (16)<\/p>\n\n\n\n<p style=\"font-size:22px\">34\u00e8me de M\u00e9zi\u00e8re en Brenne (36)<\/p>\n\n\n\n<p style=\"font-size:22px\">35\u00e8me de Confolens (16) <\/p>\n\n\n\n<p style=\"font-size:22px\">37\u00e8me de Reignac sur Indre (37) <\/p>\n\n\n\n<p style=\"font-size:22px\">46\u00e8me du Championnat R\u00e9gional des Open 2\/3 \u00e0 Oriolles (16) <\/p>\n\n\n\n<p style=\"font-size:22px\">68\u00e8me de St Plantaire (36) &#8211; 3\u00e8me manche du Triangle Sud Berry<\/p>\n","protected":false},"excerpt":{"rendered":"<p>2\u00e8me de Charnizay (37) 7\u00e8me de Mar\u00e7ay (86) 15\u00e8me de la Nocturne de Descartes (37) 20\u00e8me de Bressuire (79) 23\u00e8me du Vigeant (86) 29\u00e8me de Ste Maure &#8211; Descartes (37) 30\u00e8me de Alloue (16) 34\u00e8me de M\u00e9zi\u00e8re en Brenne (36) 35\u00e8me de Confolens (16) 37\u00e8me de Reignac sur Indre (37) 46\u00e8me du Championnat R\u00e9gional des [&hellip;]<\/p>\n","protected":false},"author":1,"featured_media":0,"parent":0,"menu_order":0,"comment_status":"closed","ping_status":"closed","template":"","meta":{"footnotes":""},"class_list":["post-6483","page","type-page","status-publish","hentry"],"_links":{"self":[{"href":"https:\/\/cyclepoitevin86.fr\/index.php\/wp-json\/wp\/v2\/pages\/6483","targetHints":{"allow":["GET"]}}],"collection":[{"href":"https:\/\/cyclepoitevin86.fr\/index.php\/wp-json\/wp\/v2\/pages"}],"about":[{"href":"https:\/\/cyclepoitevin86.fr\/index.php\/wp-json\/wp\/v2\/types\/page"}],"author":[{"embeddable":true,"href":"https:\/\/cyclepoitevin86.fr\/index.php\/wp-json\/wp\/v2\/users\/1"}],"replies":[{"embeddable":true,"href":"https:\/\/cyclepoitevin86.fr\/index.php\/wp-json\/wp\/v2\/comments?post=6483"}],"version-history":[{"count":13,"href":"https:\/\/cyclepoitevin86.fr\/index.php\/wp-json\/wp\/v2\/pages\/6483\/revisions"}],"predecessor-version":[{"id":8619,"href":"https:\/\/cyclepoitevin86.fr\/index.php\/wp-json\/wp\/v2\/pages\/6483\/revisions\/8619"}],"wp:attachment":[{"href":"https:\/\/cyclepoitevin86.fr\/index.php\/wp-json\/wp\/v2\/media?parent=6483"}],"curies":[{"name":"wp","href":"https:\/\/api.w.org\/{rel}","templated":true}]}}