{"id":506,"date":"2022-05-18T16:39:23","date_gmt":"2022-05-18T14:39:23","guid":{"rendered":"http:\/\/cyclepoitevin86.fr\/?page_id=506"},"modified":"2026-02-02T16:43:32","modified_gmt":"2026-02-02T15:43:32","slug":"cyclo-cross-availles-limouzine","status":"publish","type":"page","link":"https:\/\/cyclepoitevin86.fr\/index.php\/cyclo-cross-availles-limouzine\/","title":{"rendered":"Cyclo-cross Availles Limouzine"},"content":{"rendered":"\n<p class=\"has-text-align-center has-vivid-red-color has-text-color\" style=\"font-size:34px\"><strong>Samedi 17 Octobre 2026 :<\/strong><\/p>\n\n\n\n<p class=\"has-text-align-center\" style=\"font-size:30px\">D\u00e9tail d&rsquo;Organisation :<\/p>\n\n\n\n<p class=\"has-text-align-center\" style=\"font-size:30px\">Liste des Engag\u00e9s :<\/p>\n\n\n\n<p class=\"has-text-align-center\" style=\"font-size:30px\">R\u00e9sultats : <\/p>\n","protected":false},"excerpt":{"rendered":"<p>Samedi 17 Octobre 2026 : D\u00e9tail d&rsquo;Organisation : Liste des Engag\u00e9s : R\u00e9sultats :<\/p>\n","protected":false},"author":1,"featured_media":0,"parent":0,"menu_order":0,"comment_status":"closed","ping_status":"closed","template":"","meta":{"footnotes":""},"class_list":["post-506","page","type-page","status-publish","hentry"],"_links":{"self":[{"href":"https:\/\/cyclepoitevin86.fr\/index.php\/wp-json\/wp\/v2\/pages\/506","targetHints":{"allow":["GET"]}}],"collection":[{"href":"https:\/\/cyclepoitevin86.fr\/index.php\/wp-json\/wp\/v2\/pages"}],"about":[{"href":"https:\/\/cyclepoitevin86.fr\/index.php\/wp-json\/wp\/v2\/types\/page"}],"author":[{"embeddable":true,"href":"https:\/\/cyclepoitevin86.fr\/index.php\/wp-json\/wp\/v2\/users\/1"}],"replies":[{"embeddable":true,"href":"https:\/\/cyclepoitevin86.fr\/index.php\/wp-json\/wp\/v2\/comments?post=506"}],"version-history":[{"count":17,"href":"https:\/\/cyclepoitevin86.fr\/index.php\/wp-json\/wp\/v2\/pages\/506\/revisions"}],"predecessor-version":[{"id":9714,"href":"https:\/\/cyclepoitevin86.fr\/index.php\/wp-json\/wp\/v2\/pages\/506\/revisions\/9714"}],"wp:attachment":[{"href":"https:\/\/cyclepoitevin86.fr\/index.php\/wp-json\/wp\/v2\/media?parent=506"}],"curies":[{"name":"wp","href":"https:\/\/api.w.org\/{rel}","templated":true}]}}