{"id":504,"date":"2022-05-18T16:39:23","date_gmt":"2022-05-18T14:39:23","guid":{"rendered":"http:\/\/cyclepoitevin86.fr\/?page_id=504"},"modified":"2026-02-02T16:51:18","modified_gmt":"2026-02-02T15:51:18","slug":"montamise-la-germoniere","status":"publish","type":"page","link":"https:\/\/cyclepoitevin86.fr\/index.php\/montamise-la-germoniere\/","title":{"rendered":"Montamis\u00e9 La Germoni\u00e8re"},"content":{"rendered":"\n<p class=\"has-text-align-center has-vivid-red-color has-text-color\" style=\"font-size:30px\"><em><strong>Dimanche\u00a023 Ao\u00fbt 2026<\/strong><\/em>\u00a0\u00a0<\/p>\n\n\n\n<p class=\"has-text-align-center\" style=\"font-size:24px\">D\u00e9tail d&rsquo;Organisation U 15 :<\/p>\n\n\n\n<p class=\"has-text-align-center\" style=\"font-size:24px\">D\u00e9tail d&rsquo;Organisation U17 :<\/p>\n\n\n\n<p class=\"has-text-align-center\" style=\"font-size:24px\">D\u00e9tail d&rsquo;Organisation Access :<\/p>\n\n\n\n<p class=\"has-text-align-center\" style=\"font-size:24px\">Plan du circuit :<\/p>\n\n\n\n<p class=\"has-text-align-center\" style=\"font-size:24px\">Liste des engag\u00e9s :<\/p>\n\n\n\n<p class=\"has-text-align-center\" style=\"font-size:24px\">R\u00e9sultats : <\/p>\n","protected":false},"excerpt":{"rendered":"<p>Dimanche\u00a023 Ao\u00fbt 2026\u00a0\u00a0 D\u00e9tail d&rsquo;Organisation U 15 : D\u00e9tail d&rsquo;Organisation U17 : D\u00e9tail d&rsquo;Organisation Access : Plan du circuit : Liste des engag\u00e9s : R\u00e9sultats :<\/p>\n","protected":false},"author":1,"featured_media":0,"parent":0,"menu_order":0,"comment_status":"closed","ping_status":"closed","template":"","meta":{"footnotes":""},"class_list":["post-504","page","type-page","status-publish","hentry"],"_links":{"self":[{"href":"https:\/\/cyclepoitevin86.fr\/index.php\/wp-json\/wp\/v2\/pages\/504","targetHints":{"allow":["GET"]}}],"collection":[{"href":"https:\/\/cyclepoitevin86.fr\/index.php\/wp-json\/wp\/v2\/pages"}],"about":[{"href":"https:\/\/cyclepoitevin86.fr\/index.php\/wp-json\/wp\/v2\/types\/page"}],"author":[{"embeddable":true,"href":"https:\/\/cyclepoitevin86.fr\/index.php\/wp-json\/wp\/v2\/users\/1"}],"replies":[{"embeddable":true,"href":"https:\/\/cyclepoitevin86.fr\/index.php\/wp-json\/wp\/v2\/comments?post=504"}],"version-history":[{"count":15,"href":"https:\/\/cyclepoitevin86.fr\/index.php\/wp-json\/wp\/v2\/pages\/504\/revisions"}],"predecessor-version":[{"id":9724,"href":"https:\/\/cyclepoitevin86.fr\/index.php\/wp-json\/wp\/v2\/pages\/504\/revisions\/9724"}],"wp:attachment":[{"href":"https:\/\/cyclepoitevin86.fr\/index.php\/wp-json\/wp\/v2\/media?parent=504"}],"curies":[{"name":"wp","href":"https:\/\/api.w.org\/{rel}","templated":true}]}}