{"id":503,"date":"2022-05-18T16:39:23","date_gmt":"2022-05-18T14:39:23","guid":{"rendered":"http:\/\/cyclepoitevin86.fr\/?page_id=503"},"modified":"2026-02-02T16:48:02","modified_gmt":"2026-02-02T15:48:02","slug":"gp-availles-limouzine","status":"publish","type":"page","link":"https:\/\/cyclepoitevin86.fr\/index.php\/gp-availles-limouzine\/","title":{"rendered":"GP Availles Limouzine"},"content":{"rendered":"\n<p class=\"has-text-align-center has-vivid-red-color has-text-color\" style=\"font-size:30px\"><strong><em>Mardi 4 Ao\u00fbt 2026 :<\/em><\/strong><\/p>\n\n\n\n<p class=\"has-text-align-center\" style=\"font-size:30px\">D\u00e9tail d&rsquo;organisation (Elite) :<\/p>\n\n\n\n<p class=\"has-text-align-center\" style=\"font-size:30px\">D\u00e9tail d&rsquo;organisation (Juniors) :<\/p>\n\n\n\n<p class=\"has-text-align-center\" style=\"font-size:30px\">Plan du Circuit :<\/p>\n\n\n\n<figure class=\"wp-block-gallery has-nested-images columns-default is-cropped wp-block-gallery-1 is-layout-flex wp-block-gallery-is-layout-flex\">\n<figure class=\"wp-block-image size-large\"><img loading=\"lazy\" decoding=\"async\" width=\"827\" height=\"632\" data-id=\"3372\" src=\"http:\/\/cyclepoitevin86.fr\/wp-content\/uploads\/2023\/06\/Plan-circuit-1.jpg\" alt=\"\" class=\"wp-image-3372\" srcset=\"https:\/\/cyclepoitevin86.fr\/wp-content\/uploads\/2023\/06\/Plan-circuit-1.jpg 827w, https:\/\/cyclepoitevin86.fr\/wp-content\/uploads\/2023\/06\/Plan-circuit-1-300x229.jpg 300w, https:\/\/cyclepoitevin86.fr\/wp-content\/uploads\/2023\/06\/Plan-circuit-1-768x587.jpg 768w\" sizes=\"auto, (max-width: 827px) 100vw, 827px\" \/><\/figure>\n<\/figure>\n\n\n\n<p class=\"has-text-align-center\" style=\"font-size:24px\">R\u00e9glement Elite : <\/p>\n\n\n\n<p class=\"has-text-align-center\" style=\"font-size:24px\">Liste des engag\u00e9s Elite :<\/p>\n\n\n\n<p class=\"has-text-align-center\" style=\"font-size:24px\">Liste des engag\u00e9s Juniors : <\/p>\n\n\n\n<p class=\"has-text-align-center\" style=\"font-size:24px\">R\u00e9sultats Elite : <\/p>\n\n\n\n<p class=\"has-text-align-center\" style=\"font-size:24px\">R\u00e9sultats Juniors :<\/p>\n","protected":false},"excerpt":{"rendered":"<p>Mardi 4 Ao\u00fbt 2026 : D\u00e9tail d&rsquo;organisation (Elite) : D\u00e9tail d&rsquo;organisation (Juniors) : Plan du Circuit : R\u00e9glement Elite : Liste des engag\u00e9s Elite : Liste des engag\u00e9s Juniors : R\u00e9sultats Elite : R\u00e9sultats Juniors :<\/p>\n","protected":false},"author":1,"featured_media":0,"parent":0,"menu_order":0,"comment_status":"closed","ping_status":"closed","template":"","meta":{"footnotes":""},"class_list":["post-503","page","type-page","status-publish","hentry"],"_links":{"self":[{"href":"https:\/\/cyclepoitevin86.fr\/index.php\/wp-json\/wp\/v2\/pages\/503","targetHints":{"allow":["GET"]}}],"collection":[{"href":"https:\/\/cyclepoitevin86.fr\/index.php\/wp-json\/wp\/v2\/pages"}],"about":[{"href":"https:\/\/cyclepoitevin86.fr\/index.php\/wp-json\/wp\/v2\/types\/page"}],"author":[{"embeddable":true,"href":"https:\/\/cyclepoitevin86.fr\/index.php\/wp-json\/wp\/v2\/users\/1"}],"replies":[{"embeddable":true,"href":"https:\/\/cyclepoitevin86.fr\/index.php\/wp-json\/wp\/v2\/comments?post=503"}],"version-history":[{"count":17,"href":"https:\/\/cyclepoitevin86.fr\/index.php\/wp-json\/wp\/v2\/pages\/503\/revisions"}],"predecessor-version":[{"id":9719,"href":"https:\/\/cyclepoitevin86.fr\/index.php\/wp-json\/wp\/v2\/pages\/503\/revisions\/9719"}],"wp:attachment":[{"href":"https:\/\/cyclepoitevin86.fr\/index.php\/wp-json\/wp\/v2\/media?parent=503"}],"curies":[{"name":"wp","href":"https:\/\/api.w.org\/{rel}","templated":true}]}}