{"id":502,"date":"2022-05-18T16:39:23","date_gmt":"2022-05-18T14:39:23","guid":{"rendered":"http:\/\/cyclepoitevin86.fr\/?page_id=502"},"modified":"2026-02-02T16:52:23","modified_gmt":"2026-02-02T15:52:23","slug":"nocturne-de-buxerolles","status":"publish","type":"page","link":"https:\/\/cyclepoitevin86.fr\/index.php\/nocturne-de-buxerolles\/","title":{"rendered":"Nocturne de Buxerolles"},"content":{"rendered":"\n<p class=\"has-text-align-center has-vivid-red-color has-text-color\" style=\"font-size:30px\"><em><strong>Mercredi 24 Juin 202<\/strong><\/em>6\u00a0\u00a0<\/p>\n\n\n\n<p class=\"has-text-align-center\" style=\"font-size:24px\">D\u00e9tail d&rsquo;Organisation :<\/p>\n\n\n\n<div class=\"wp-block-file\"><a id=\"wp-block-file--media-c14cf8c0-2aa1-4c68-b117-2c668af4ed50\" href=\"https:\/\/cyclepoitevin86.fr\/wp-content\/uploads\/2025\/05\/DO-Buxerolles-2025.xlsx\">DO Buxerolles 2025<\/a><a href=\"https:\/\/cyclepoitevin86.fr\/wp-content\/uploads\/2025\/05\/DO-Buxerolles-2025.xlsx\" class=\"wp-block-file__button wp-element-button\" download aria-describedby=\"wp-block-file--media-c14cf8c0-2aa1-4c68-b117-2c668af4ed50\">T\u00e9l\u00e9charger<\/a><\/div>\n\n\n\n<p class=\"has-text-align-center\" style=\"font-size:24px\">Plan du circuit :<\/p>\n\n\n<div class=\"wp-block-image\">\n<figure class=\"aligncenter size-full is-resized\"><img loading=\"lazy\" decoding=\"async\" width=\"706\" height=\"622\" src=\"https:\/\/cyclepoitevin86.fr\/wp-content\/uploads\/2026\/02\/Plan-circuit.jpg\" alt=\"\" class=\"wp-image-9725\" style=\"width:558px;height:auto\" srcset=\"https:\/\/cyclepoitevin86.fr\/wp-content\/uploads\/2026\/02\/Plan-circuit.jpg 706w, https:\/\/cyclepoitevin86.fr\/wp-content\/uploads\/2026\/02\/Plan-circuit-300x264.jpg 300w\" sizes=\"auto, (max-width: 706px) 100vw, 706px\" \/><\/figure>\n<\/div>\n\n\n<p class=\"has-text-align-center\" style=\"font-size:24px\">Liste des engag\u00e9s :<\/p>\n\n\n\n<p class=\"has-text-align-center\" style=\"font-size:24px\">R\u00e9sultats :<\/p>\n","protected":false},"excerpt":{"rendered":"<p>Mercredi 24 Juin 2026\u00a0\u00a0 D\u00e9tail d&rsquo;Organisation : Plan du circuit : Liste des engag\u00e9s : R\u00e9sultats :<\/p>\n","protected":false},"author":1,"featured_media":0,"parent":0,"menu_order":0,"comment_status":"closed","ping_status":"closed","template":"","meta":{"footnotes":""},"class_list":["post-502","page","type-page","status-publish","hentry"],"_links":{"self":[{"href":"https:\/\/cyclepoitevin86.fr\/index.php\/wp-json\/wp\/v2\/pages\/502","targetHints":{"allow":["GET"]}}],"collection":[{"href":"https:\/\/cyclepoitevin86.fr\/index.php\/wp-json\/wp\/v2\/pages"}],"about":[{"href":"https:\/\/cyclepoitevin86.fr\/index.php\/wp-json\/wp\/v2\/types\/page"}],"author":[{"embeddable":true,"href":"https:\/\/cyclepoitevin86.fr\/index.php\/wp-json\/wp\/v2\/users\/1"}],"replies":[{"embeddable":true,"href":"https:\/\/cyclepoitevin86.fr\/index.php\/wp-json\/wp\/v2\/comments?post=502"}],"version-history":[{"count":19,"href":"https:\/\/cyclepoitevin86.fr\/index.php\/wp-json\/wp\/v2\/pages\/502\/revisions"}],"predecessor-version":[{"id":9726,"href":"https:\/\/cyclepoitevin86.fr\/index.php\/wp-json\/wp\/v2\/pages\/502\/revisions\/9726"}],"wp:attachment":[{"href":"https:\/\/cyclepoitevin86.fr\/index.php\/wp-json\/wp\/v2\/media?parent=502"}],"curies":[{"name":"wp","href":"https:\/\/api.w.org\/{rel}","templated":true}]}}