{"id":501,"date":"2022-05-18T16:39:23","date_gmt":"2022-05-18T14:39:23","guid":{"rendered":"http:\/\/cyclepoitevin86.fr\/?page_id=501"},"modified":"2025-06-19T21:51:14","modified_gmt":"2025-06-19T19:51:14","slug":"poitiers-zi-republique-iii","status":"publish","type":"page","link":"https:\/\/cyclepoitevin86.fr\/index.php\/poitiers-zi-republique-iii\/","title":{"rendered":"Poitiers ZI R\u00e9publique III"},"content":{"rendered":"\n<p class=\"has-text-align-center has-vivid-red-color has-text-color\" style=\"font-size:30px\"><em><strong>Dimanche 22 Juin 2025<\/strong><\/em><\/p>\n\n\n<div class=\"wp-block-image\">\n<figure class=\"aligncenter size-large is-resized\"><img loading=\"lazy\" decoding=\"async\" width=\"791\" height=\"1024\" src=\"https:\/\/cyclepoitevin86.fr\/wp-content\/uploads\/2025\/06\/Prix-des-Jeunes-de-Poitiers-V2-1-791x1024.png\" alt=\"\" class=\"wp-image-8128\" style=\"width:308px;height:auto\" srcset=\"https:\/\/cyclepoitevin86.fr\/wp-content\/uploads\/2025\/06\/Prix-des-Jeunes-de-Poitiers-V2-1-791x1024.png 791w, https:\/\/cyclepoitevin86.fr\/wp-content\/uploads\/2025\/06\/Prix-des-Jeunes-de-Poitiers-V2-1-232x300.png 232w, https:\/\/cyclepoitevin86.fr\/wp-content\/uploads\/2025\/06\/Prix-des-Jeunes-de-Poitiers-V2-1-768x994.png 768w, https:\/\/cyclepoitevin86.fr\/wp-content\/uploads\/2025\/06\/Prix-des-Jeunes-de-Poitiers-V2-1-1187x1536.png 1187w, https:\/\/cyclepoitevin86.fr\/wp-content\/uploads\/2025\/06\/Prix-des-Jeunes-de-Poitiers-V2-1-1583x2048.png 1583w, https:\/\/cyclepoitevin86.fr\/wp-content\/uploads\/2025\/06\/Prix-des-Jeunes-de-Poitiers-V2-1-scaled.png 1978w\" sizes=\"auto, (max-width: 791px) 100vw, 791px\" \/><\/figure>\n<\/div>\n\n\n<p class=\"has-text-align-center has-vivid-green-cyan-color has-text-color\" style=\"font-size:30px\">&nbsp;&nbsp;D\u00e9tail d&rsquo;Organisation :<\/p>\n\n\n\n<div class=\"wp-block-file\"><a id=\"wp-block-file--media-8ee2e084-74fb-4061-a941-a7c97b06ec73\" href=\"https:\/\/cyclepoitevin86.fr\/wp-content\/uploads\/2025\/06\/DO-Poitiers-ZR-Access.xlsx\">DO Poitiers ZR (Access)<\/a><a href=\"https:\/\/cyclepoitevin86.fr\/wp-content\/uploads\/2025\/06\/DO-Poitiers-ZR-Access.xlsx\" class=\"wp-block-file__button wp-element-button\" download aria-describedby=\"wp-block-file--media-8ee2e084-74fb-4061-a941-a7c97b06ec73\">T\u00e9l\u00e9charger<\/a><\/div>\n\n\n\n<div class=\"wp-block-file\"><a id=\"wp-block-file--media-0dcd2156-ff0c-463d-95f8-79c601faeae6\" href=\"https:\/\/cyclepoitevin86.fr\/wp-content\/uploads\/2025\/06\/DO-Poitiers-ZR-Access-1.xlsx\">DO Poitiers ZR (Access)<\/a><a href=\"https:\/\/cyclepoitevin86.fr\/wp-content\/uploads\/2025\/06\/DO-Poitiers-ZR-Access-1.xlsx\" class=\"wp-block-file__button wp-element-button\" download aria-describedby=\"wp-block-file--media-0dcd2156-ff0c-463d-95f8-79c601faeae6\">T\u00e9l\u00e9charger<\/a><\/div>\n\n\n\n<p class=\"has-text-align-center has-vivid-green-cyan-color has-text-color has-link-color wp-elements-a4f12c65c1d78cc63fbc3dce89b6bd07\" style=\"font-size:30px\">Plan du circuit :<\/p>\n\n\n\n<div class=\"wp-block-file\"><a id=\"wp-block-file--media-1bd99674-b52e-4d0e-a8c2-f2c78a5a190a\" href=\"https:\/\/cyclepoitevin86.fr\/wp-content\/uploads\/2024\/05\/Circuit-Regularite.jpg\">Circuit-Regularite<\/a><a href=\"https:\/\/cyclepoitevin86.fr\/wp-content\/uploads\/2024\/05\/Circuit-Regularite.jpg\" class=\"wp-block-file__button wp-element-button\" download aria-describedby=\"wp-block-file--media-1bd99674-b52e-4d0e-a8c2-f2c78a5a190a\">T\u00e9l\u00e9charger<\/a><\/div>\n\n\n\n<p class=\"has-text-align-center has-vivid-green-cyan-color has-text-color has-link-color wp-elements-fc39eb22a8b7ba62490c83eb84759242\" style=\"font-size:30px\">R\u00e8glement :<\/p>\n\n\n\n<div data-wp-interactive=\"core\/file\" class=\"wp-block-file\"><object data-wp-bind--hidden=\"!state.hasPdfPreview\" hidden class=\"wp-block-file__embed\" data=\"https:\/\/cyclepoitevin86.fr\/wp-content\/uploads\/2025\/06\/Reglement-sportif-2.pdf\" type=\"application\/pdf\" style=\"width:100%;height:600px\" aria-label=\"Contenu embarqu\u00e9 Reglement sportif.\"><\/object><a id=\"wp-block-file--media-5c9ac667-1b3a-4777-87e5-e2878340a143\" href=\"https:\/\/cyclepoitevin86.fr\/wp-content\/uploads\/2025\/06\/Reglement-sportif-2.pdf\">Reglement sportif<\/a><a href=\"https:\/\/cyclepoitevin86.fr\/wp-content\/uploads\/2025\/06\/Reglement-sportif-2.pdf\" class=\"wp-block-file__button wp-element-button\" download aria-describedby=\"wp-block-file--media-5c9ac667-1b3a-4777-87e5-e2878340a143\">T\u00e9l\u00e9charger<\/a><\/div>\n\n\n\n<p class=\"has-text-align-center has-vivid-green-cyan-color has-text-color has-link-color wp-elements-e827dc5328c8b84401c3796731e7251f\" style=\"font-size:30px\"><strong><em>Engag\u00e9s : <\/em><\/strong><\/p>\n\n\n\n<div data-wp-interactive=\"core\/file\" class=\"wp-block-file\"><object data-wp-bind--hidden=\"!state.hasPdfPreview\" hidden class=\"wp-block-file__embed\" data=\"https:\/\/cyclepoitevin86.fr\/wp-content\/uploads\/2025\/06\/programme.pdf\" type=\"application\/pdf\" style=\"width:100%;height:600px\" aria-label=\"Contenu embarqu\u00e9 programme.\"><\/object><a id=\"wp-block-file--media-13a7d433-7e12-4233-8e07-f9b6e2407768\" href=\"https:\/\/cyclepoitevin86.fr\/wp-content\/uploads\/2025\/06\/programme.pdf\">programme<\/a><a href=\"https:\/\/cyclepoitevin86.fr\/wp-content\/uploads\/2025\/06\/programme.pdf\" class=\"wp-block-file__button wp-element-button\" download aria-describedby=\"wp-block-file--media-13a7d433-7e12-4233-8e07-f9b6e2407768\">T\u00e9l\u00e9charger<\/a><\/div>\n\n\n\n<p class=\"has-text-align-center has-vivid-green-cyan-color has-text-color has-link-color wp-elements-33e2d9cfeb9937774b9a6906b365aa7b\" style=\"font-size:30px\"><em><strong>R\u00e9sultats : <\/strong><\/em><\/p>\n\n\n\n<p><\/p>\n","protected":false},"excerpt":{"rendered":"<p>Dimanche 22 Juin 2025 &nbsp;&nbsp;D\u00e9tail d&rsquo;Organisation : Plan du circuit : R\u00e8glement : Engag\u00e9s : R\u00e9sultats :<\/p>\n","protected":false},"author":1,"featured_media":0,"parent":0,"menu_order":0,"comment_status":"closed","ping_status":"closed","template":"","meta":{"footnotes":""},"class_list":["post-501","page","type-page","status-publish","hentry"],"_links":{"self":[{"href":"https:\/\/cyclepoitevin86.fr\/index.php\/wp-json\/wp\/v2\/pages\/501","targetHints":{"allow":["GET"]}}],"collection":[{"href":"https:\/\/cyclepoitevin86.fr\/index.php\/wp-json\/wp\/v2\/pages"}],"about":[{"href":"https:\/\/cyclepoitevin86.fr\/index.php\/wp-json\/wp\/v2\/types\/page"}],"author":[{"embeddable":true,"href":"https:\/\/cyclepoitevin86.fr\/index.php\/wp-json\/wp\/v2\/users\/1"}],"replies":[{"embeddable":true,"href":"https:\/\/cyclepoitevin86.fr\/index.php\/wp-json\/wp\/v2\/comments?post=501"}],"version-history":[{"count":17,"href":"https:\/\/cyclepoitevin86.fr\/index.php\/wp-json\/wp\/v2\/pages\/501\/revisions"}],"predecessor-version":[{"id":8271,"href":"https:\/\/cyclepoitevin86.fr\/index.php\/wp-json\/wp\/v2\/pages\/501\/revisions\/8271"}],"wp:attachment":[{"href":"https:\/\/cyclepoitevin86.fr\/index.php\/wp-json\/wp\/v2\/media?parent=501"}],"curies":[{"name":"wp","href":"https:\/\/api.w.org\/{rel}","templated":true}]}}