{"id":498,"date":"2022-05-18T16:39:23","date_gmt":"2022-05-18T14:39:23","guid":{"rendered":"http:\/\/cyclepoitevin86.fr\/?page_id=498"},"modified":"2026-03-12T21:08:01","modified_gmt":"2026-03-12T20:08:01","slug":"ronde-vouglaisienne","status":"publish","type":"page","link":"https:\/\/cyclepoitevin86.fr\/index.php\/ronde-vouglaisienne\/","title":{"rendered":"Ronde Vouglaisienne"},"content":{"rendered":"\n<p class=\"has-text-align-center\" style=\"font-size:28px\"><em><mark style=\"background-color:rgba(0, 0, 0, 0)\" class=\"has-inline-color has-vivid-red-color\"><strong>Dimanche 3 Mai 2026 <\/strong><\/mark><\/em><\/p>\n\n\n<div class=\"wp-block-image\">\n<figure class=\"aligncenter size-large is-resized\"><img loading=\"lazy\" decoding=\"async\" width=\"683\" height=\"1024\" src=\"https:\/\/cyclepoitevin86.fr\/wp-content\/uploads\/2026\/03\/Affiche-Ronde-Vouglaisienne-1-683x1024.jpg\" alt=\"\" class=\"wp-image-9943\" style=\"width:488px;height:auto\" srcset=\"https:\/\/cyclepoitevin86.fr\/wp-content\/uploads\/2026\/03\/Affiche-Ronde-Vouglaisienne-1-683x1024.jpg 683w, https:\/\/cyclepoitevin86.fr\/wp-content\/uploads\/2026\/03\/Affiche-Ronde-Vouglaisienne-1-200x300.jpg 200w, https:\/\/cyclepoitevin86.fr\/wp-content\/uploads\/2026\/03\/Affiche-Ronde-Vouglaisienne-1-768x1152.jpg 768w, https:\/\/cyclepoitevin86.fr\/wp-content\/uploads\/2026\/03\/Affiche-Ronde-Vouglaisienne-1.jpg 1024w\" sizes=\"auto, (max-width: 683px) 100vw, 683px\" \/><\/figure>\n<\/div>\n\n\n<p class=\"has-text-align-center\" style=\"font-size:28px\">D\u00e9tail d&rsquo;Organisation :<\/p>\n\n\n\n<div class=\"wp-block-file\"><a id=\"wp-block-file--media-a78345f3-4ca7-4103-9a7a-8ab4dee82984\" href=\"https:\/\/cyclepoitevin86.fr\/wp-content\/uploads\/2026\/03\/DO-Ronde-Vouglaisienne-2026.xlsx\">DO Ronde Vouglaisienne 2026<\/a><a href=\"https:\/\/cyclepoitevin86.fr\/wp-content\/uploads\/2026\/03\/DO-Ronde-Vouglaisienne-2026.xlsx\" class=\"wp-block-file__button wp-element-button\" download aria-describedby=\"wp-block-file--media-a78345f3-4ca7-4103-9a7a-8ab4dee82984\">T\u00e9l\u00e9charger<\/a><\/div>\n\n\n\n<p class=\"has-text-align-center\" style=\"font-size:28px\"><strong><em><mark style=\"background-color:rgba(0, 0, 0, 0)\" class=\"has-inline-color has-vivid-green-cyan-color\">Livre de route 2025 : <\/mark><\/em><\/strong><\/p>\n\n\n\n<div data-wp-interactive=\"core\/file\" class=\"wp-block-file\"><object data-wp-bind--hidden=\"!state.hasPdfPreview\" hidden class=\"wp-block-file__embed\" data=\"https:\/\/cyclepoitevin86.fr\/wp-content\/uploads\/2026\/03\/livre-de-route.pdf\" type=\"application\/pdf\" style=\"width:100%;height:600px\" aria-label=\"Contenu embarqu\u00e9 livre de route.\"><\/object><a id=\"wp-block-file--media-18a6a54f-e38e-4ffa-844b-f5550be25a8a\" href=\"https:\/\/cyclepoitevin86.fr\/wp-content\/uploads\/2026\/03\/livre-de-route.pdf\">livre de route<\/a><a href=\"https:\/\/cyclepoitevin86.fr\/wp-content\/uploads\/2026\/03\/livre-de-route.pdf\" class=\"wp-block-file__button wp-element-button\" download aria-describedby=\"wp-block-file--media-18a6a54f-e38e-4ffa-844b-f5550be25a8a\">T\u00e9l\u00e9charger<\/a><\/div>\n\n\n\n<p class=\"has-text-align-center\" style=\"font-size:28px\"><strong><em><mark style=\"background-color:rgba(0, 0, 0, 0)\" class=\"has-inline-color has-vivid-green-cyan-color\">Horaires de d\u00e9part du CLM, ci-dessous :<\/mark><\/em><\/strong><\/p>\n\n\n\n<p><\/p>\n\n\n\n<p class=\"has-vivid-green-cyan-color has-text-color has-link-color wp-elements-4f43c55a27209899e22eb36172cfd5bb\" style=\"font-size:28px\"><em>R\u00e9sultats du CLM<\/em> :<\/p>\n\n\n\n<p><\/p>\n\n\n\n<p class=\"has-vivid-green-cyan-color has-text-color has-link-color wp-elements-95fa26d5dab436987d91cfd25cca2ea0\" style=\"font-size:28px\"><em>R\u00e9sultats de l&rsquo;Etape<\/em> :<\/p>\n\n\n\n<p><\/p>\n\n\n\n<p class=\"has-vivid-green-cyan-color has-text-color has-link-color wp-elements-3c68a6a9bd92c8a83582eff13721c241\" style=\"font-size:28px\">R<em>\u00e9sultats du G\u00e9n\u00e9ral<\/em> :<\/p>\n\n\n\n<p><\/p>\n","protected":false},"excerpt":{"rendered":"<p>Dimanche 3 Mai 2026 D\u00e9tail d&rsquo;Organisation : Livre de route 2025 : Horaires de d\u00e9part du CLM, ci-dessous : R\u00e9sultats du CLM : R\u00e9sultats de l&rsquo;Etape : R\u00e9sultats du G\u00e9n\u00e9ral :<\/p>\n","protected":false},"author":1,"featured_media":0,"parent":0,"menu_order":0,"comment_status":"closed","ping_status":"closed","template":"","meta":{"footnotes":""},"class_list":["post-498","page","type-page","status-publish","hentry"],"_links":{"self":[{"href":"https:\/\/cyclepoitevin86.fr\/index.php\/wp-json\/wp\/v2\/pages\/498","targetHints":{"allow":["GET"]}}],"collection":[{"href":"https:\/\/cyclepoitevin86.fr\/index.php\/wp-json\/wp\/v2\/pages"}],"about":[{"href":"https:\/\/cyclepoitevin86.fr\/index.php\/wp-json\/wp\/v2\/types\/page"}],"author":[{"embeddable":true,"href":"https:\/\/cyclepoitevin86.fr\/index.php\/wp-json\/wp\/v2\/users\/1"}],"replies":[{"embeddable":true,"href":"https:\/\/cyclepoitevin86.fr\/index.php\/wp-json\/wp\/v2\/comments?post=498"}],"version-history":[{"count":19,"href":"https:\/\/cyclepoitevin86.fr\/index.php\/wp-json\/wp\/v2\/pages\/498\/revisions"}],"predecessor-version":[{"id":9949,"href":"https:\/\/cyclepoitevin86.fr\/index.php\/wp-json\/wp\/v2\/pages\/498\/revisions\/9949"}],"wp:attachment":[{"href":"https:\/\/cyclepoitevin86.fr\/index.php\/wp-json\/wp\/v2\/media?parent=498"}],"curies":[{"name":"wp","href":"https:\/\/api.w.org\/{rel}","templated":true}]}}