{"id":4584,"date":"2024-01-14T10:04:36","date_gmt":"2024-01-14T09:04:36","guid":{"rendered":"https:\/\/cyclepoitevin86.fr\/?page_id=4584"},"modified":"2026-02-02T16:44:06","modified_gmt":"2026-02-02T15:44:06","slug":"cyclo-cross-de-liguge","status":"publish","type":"page","link":"https:\/\/cyclepoitevin86.fr\/index.php\/cyclo-cross-de-liguge\/","title":{"rendered":"Cyclo-cross de Ligug\u00e9"},"content":{"rendered":"\n<p class=\"has-text-align-center has-vivid-red-color has-text-color has-link-color wp-elements-153a6e3bf2e822e46a3250e81024639b\" style=\"font-size:30px\"><strong>Samedi 28 Novembre 2026<\/strong><\/p>\n\n\n\n<p class=\"has-text-align-center has-vivid-green-cyan-color has-text-color has-link-color wp-elements-2ea34d43d53f46a1a94f10988a4b38c8\" style=\"font-size:28px\">Affiche :<\/p>\n\n\n\n<p class=\"has-text-align-center has-vivid-green-cyan-color has-text-color has-link-color wp-elements-5d0d16fff61c73887198b0e35a67c4e3\" style=\"font-size:28px\">D\u00e9tail d&rsquo;Organisation :<\/p>\n\n\n\n<div class=\"wp-block-file\"><a id=\"wp-block-file--media-ac89ea6c-0929-45a6-9780-081f2873d34f\" href=\"https:\/\/cyclepoitevin86.fr\/wp-content\/uploads\/2025\/09\/DO-CYCLO-CROSS-LIGUGE.xlsx\">DO CYCLO CROSS LIGUGE<\/a><a href=\"https:\/\/cyclepoitevin86.fr\/wp-content\/uploads\/2025\/09\/DO-CYCLO-CROSS-LIGUGE.xlsx\" class=\"wp-block-file__button wp-element-button\" download aria-describedby=\"wp-block-file--media-ac89ea6c-0929-45a6-9780-081f2873d34f\">T\u00e9l\u00e9charger<\/a><\/div>\n\n\n\n<p class=\"has-text-align-center has-vivid-green-cyan-color has-text-color has-link-color wp-elements-426554f0f07ac2ad5fea366c4dab8632\" style=\"font-size:28px\">Plan du circuit : <\/p>\n\n\n\n<figure class=\"wp-block-image size-full\"><img loading=\"lazy\" decoding=\"async\" width=\"885\" height=\"784\" src=\"https:\/\/cyclepoitevin86.fr\/wp-content\/uploads\/2024\/10\/Plan-circuit-1.jpg\" alt=\"\" class=\"wp-image-6643\" srcset=\"https:\/\/cyclepoitevin86.fr\/wp-content\/uploads\/2024\/10\/Plan-circuit-1.jpg 885w, https:\/\/cyclepoitevin86.fr\/wp-content\/uploads\/2024\/10\/Plan-circuit-1-300x266.jpg 300w, https:\/\/cyclepoitevin86.fr\/wp-content\/uploads\/2024\/10\/Plan-circuit-1-768x680.jpg 768w\" sizes=\"auto, (max-width: 885px) 100vw, 885px\" \/><\/figure>\n\n\n\n<p class=\"has-text-align-center has-vivid-green-cyan-color has-text-color has-link-color wp-elements-7bf17be1883f7a2143606c0b95286693\" style=\"font-size:28px\">Engag\u00e9s : <\/p>\n\n\n\n<p class=\"has-text-align-center has-vivid-green-cyan-color has-text-color has-link-color wp-elements-b3a5e0779bf1a9a2067bab88f8020f35\" style=\"font-size:28px\">R\u00e9sultats :<\/p>\n","protected":false},"excerpt":{"rendered":"<p>Samedi 28 Novembre 2026 Affiche : D\u00e9tail d&rsquo;Organisation : Plan du circuit : Engag\u00e9s : R\u00e9sultats :<\/p>\n","protected":false},"author":1,"featured_media":0,"parent":0,"menu_order":0,"comment_status":"closed","ping_status":"closed","template":"","meta":{"footnotes":""},"class_list":["post-4584","page","type-page","status-publish","hentry"],"_links":{"self":[{"href":"https:\/\/cyclepoitevin86.fr\/index.php\/wp-json\/wp\/v2\/pages\/4584","targetHints":{"allow":["GET"]}}],"collection":[{"href":"https:\/\/cyclepoitevin86.fr\/index.php\/wp-json\/wp\/v2\/pages"}],"about":[{"href":"https:\/\/cyclepoitevin86.fr\/index.php\/wp-json\/wp\/v2\/types\/page"}],"author":[{"embeddable":true,"href":"https:\/\/cyclepoitevin86.fr\/index.php\/wp-json\/wp\/v2\/users\/1"}],"replies":[{"embeddable":true,"href":"https:\/\/cyclepoitevin86.fr\/index.php\/wp-json\/wp\/v2\/comments?post=4584"}],"version-history":[{"count":9,"href":"https:\/\/cyclepoitevin86.fr\/index.php\/wp-json\/wp\/v2\/pages\/4584\/revisions"}],"predecessor-version":[{"id":9715,"href":"https:\/\/cyclepoitevin86.fr\/index.php\/wp-json\/wp\/v2\/pages\/4584\/revisions\/9715"}],"wp:attachment":[{"href":"https:\/\/cyclepoitevin86.fr\/index.php\/wp-json\/wp\/v2\/media?parent=4584"}],"curies":[{"name":"wp","href":"https:\/\/api.w.org\/{rel}","templated":true}]}}