{"id":4572,"date":"2024-01-14T09:56:47","date_gmt":"2024-01-14T08:56:47","guid":{"rendered":"https:\/\/cyclepoitevin86.fr\/?page_id=4572"},"modified":"2025-06-14T21:47:32","modified_gmt":"2025-06-14T19:47:32","slug":"montee-de-montamise-2","status":"publish","type":"page","link":"https:\/\/cyclepoitevin86.fr\/index.php\/montee-de-montamise-2\/","title":{"rendered":"Mont\u00e9e de Montamis\u00e9"},"content":{"rendered":"\n<h1 class=\"wp-block-heading has-text-align-center has-vivid-red-color has-text-color has-link-color wp-elements-62eb4d5735e037f07bea6016f55bdd54\"><strong>&nbsp;Samedi 14 Juin 2025 :<\/strong><\/h1>\n\n\n\n<p class=\"has-text-align-center has-vivid-green-cyan-color has-text-color has-link-color wp-elements-7c73e5b53a214efbc25b2a52d465c9d9\" id=\"block-c070c020-b581-4bff-9304-b1fefde720ee\" style=\"font-size:28px\"><strong><em>D\u00e9tail d&rsquo;Organisation :<\/em><\/strong><\/p>\n\n\n\n<div class=\"wp-block-file\"><a id=\"wp-block-file--media-9ada239a-28fd-4176-aad0-57679fdf0b6a\" href=\"https:\/\/cyclepoitevin86.fr\/wp-content\/uploads\/2025\/04\/DO-Montee-Montamise.xlsx\">DO Mont\u00e9e Montamis\u00e9<\/a><a href=\"https:\/\/cyclepoitevin86.fr\/wp-content\/uploads\/2025\/04\/DO-Montee-Montamise.xlsx\" class=\"wp-block-file__button wp-element-button\" download aria-describedby=\"wp-block-file--media-9ada239a-28fd-4176-aad0-57679fdf0b6a\">T\u00e9l\u00e9charger<\/a><\/div>\n\n\n\n<p class=\"has-text-align-center has-vivid-green-cyan-color has-text-color has-link-color wp-elements-5683e85ca275e592555558679cca23c9\" id=\"block-1b6d2289-c01a-43d4-b946-ef6213f35180\" style=\"font-size:28px\"><em><strong>Affiche de l&rsquo;\u00e9preuve<\/strong> : <\/em><\/p>\n\n\n<div class=\"wp-block-image\">\n<figure class=\"aligncenter size-full is-resized\"><img loading=\"lazy\" decoding=\"async\" width=\"657\" height=\"902\" src=\"https:\/\/cyclepoitevin86.fr\/wp-content\/uploads\/2025\/06\/image.png\" alt=\"\" class=\"wp-image-8108\" style=\"width:367px;height:auto\" srcset=\"https:\/\/cyclepoitevin86.fr\/wp-content\/uploads\/2025\/06\/image.png 657w, https:\/\/cyclepoitevin86.fr\/wp-content\/uploads\/2025\/06\/image-219x300.png 219w\" sizes=\"auto, (max-width: 657px) 100vw, 657px\" \/><\/figure>\n<\/div>\n\n\n<p class=\"has-text-align-center has-vivid-green-cyan-color has-text-color has-link-color wp-elements-6258c6df8b539ac5058fe7ed11789082\" id=\"block-1b6d2289-c01a-43d4-b946-ef6213f35180\" style=\"font-size:28px\"><strong><em>R\u00e9sultats Complets de cette \u00e9preuve :<\/em><\/strong><\/p>\n\n\n\n<div data-wp-interactive=\"core\/file\" class=\"wp-block-file\"><object data-wp-bind--hidden=\"!state.hasPdfPreview\" hidden class=\"wp-block-file__embed\" data=\"https:\/\/cyclepoitevin86.fr\/wp-content\/uploads\/2025\/06\/Resultats-finaaux.pdf\" type=\"application\/pdf\" style=\"width:100%;height:600px\" aria-label=\"Contenu embarqu\u00e9 R\u00e9sultats finaaux.\"><\/object><a id=\"wp-block-file--media-fc736c11-8431-495a-8355-d475eed5ab7b\" href=\"https:\/\/cyclepoitevin86.fr\/wp-content\/uploads\/2025\/06\/Resultats-finaaux.pdf\">R\u00e9sultats finaaux<\/a><a href=\"https:\/\/cyclepoitevin86.fr\/wp-content\/uploads\/2025\/06\/Resultats-finaaux.pdf\" class=\"wp-block-file__button wp-element-button\" download aria-describedby=\"wp-block-file--media-fc736c11-8431-495a-8355-d475eed5ab7b\">T\u00e9l\u00e9charger<\/a><\/div>\n","protected":false},"excerpt":{"rendered":"<p>&nbsp;Samedi 14 Juin 2025 : D\u00e9tail d&rsquo;Organisation : Affiche de l&rsquo;\u00e9preuve : R\u00e9sultats Complets de cette \u00e9preuve :<\/p>\n","protected":false},"author":1,"featured_media":0,"parent":0,"menu_order":0,"comment_status":"closed","ping_status":"closed","template":"","meta":{"footnotes":""},"class_list":["post-4572","page","type-page","status-publish","hentry"],"_links":{"self":[{"href":"https:\/\/cyclepoitevin86.fr\/index.php\/wp-json\/wp\/v2\/pages\/4572","targetHints":{"allow":["GET"]}}],"collection":[{"href":"https:\/\/cyclepoitevin86.fr\/index.php\/wp-json\/wp\/v2\/pages"}],"about":[{"href":"https:\/\/cyclepoitevin86.fr\/index.php\/wp-json\/wp\/v2\/types\/page"}],"author":[{"embeddable":true,"href":"https:\/\/cyclepoitevin86.fr\/index.php\/wp-json\/wp\/v2\/users\/1"}],"replies":[{"embeddable":true,"href":"https:\/\/cyclepoitevin86.fr\/index.php\/wp-json\/wp\/v2\/comments?post=4572"}],"version-history":[{"count":5,"href":"https:\/\/cyclepoitevin86.fr\/index.php\/wp-json\/wp\/v2\/pages\/4572\/revisions"}],"predecessor-version":[{"id":8245,"href":"https:\/\/cyclepoitevin86.fr\/index.php\/wp-json\/wp\/v2\/pages\/4572\/revisions\/8245"}],"wp:attachment":[{"href":"https:\/\/cyclepoitevin86.fr\/index.php\/wp-json\/wp\/v2\/media?parent=4572"}],"curies":[{"name":"wp","href":"https:\/\/api.w.org\/{rel}","templated":true}]}}