{"id":445,"date":"2022-05-18T15:46:19","date_gmt":"2022-05-18T13:46:19","guid":{"rendered":"http:\/\/cyclepoitevin86.fr\/?page_id=445"},"modified":"2026-04-12T21:25:06","modified_gmt":"2026-04-12T19:25:06","slug":"gaschet-jules","status":"publish","type":"page","link":"https:\/\/cyclepoitevin86.fr\/index.php\/gaschet-jules\/","title":{"rendered":"GASCHET Jules"},"content":{"rendered":"<div class=\"wp-block-image is-style-rounded\">\n<figure class=\"aligncenter size-large is-resized\"><img loading=\"lazy\" decoding=\"async\" width=\"683\" height=\"1024\" src=\"http:\/\/cyclepoitevin86.fr\/wp-content\/uploads\/2024\/02\/428609212_987595869370057_1447552587006894911_n-683x1024.jpg\" alt=\"\" class=\"wp-image-4768\" style=\"width:321px;height:auto\" srcset=\"https:\/\/cyclepoitevin86.fr\/wp-content\/uploads\/2024\/02\/428609212_987595869370057_1447552587006894911_n-683x1024.jpg 683w, https:\/\/cyclepoitevin86.fr\/wp-content\/uploads\/2024\/02\/428609212_987595869370057_1447552587006894911_n-200x300.jpg 200w, https:\/\/cyclepoitevin86.fr\/wp-content\/uploads\/2024\/02\/428609212_987595869370057_1447552587006894911_n-768x1152.jpg 768w, https:\/\/cyclepoitevin86.fr\/wp-content\/uploads\/2024\/02\/428609212_987595869370057_1447552587006894911_n-1024x1536.jpg 1024w, https:\/\/cyclepoitevin86.fr\/wp-content\/uploads\/2024\/02\/428609212_987595869370057_1447552587006894911_n.jpg 1365w\" sizes=\"auto, (max-width: 683px) 100vw, 683px\" \/><\/figure>\n<\/div>\n\n\n<p class=\"has-text-align-center\" style=\"font-size:30px\"><strong><mark style=\"background-color:rgba(0, 0, 0, 0)\" class=\"has-inline-color has-vivid-green-cyan-color\">SAISON 2026:<\/mark><\/strong><\/p>\n\n\n\n<p style=\"font-size:22px\">12\u00e8me de Orouet (85) <\/p>\n\n\n\n<p style=\"font-size:22px\">25\u00e8me de Pouant (86)<\/p>\n\n\n\n<p style=\"font-size:22px\">26\u00e8me de M\u00e9zi\u00e8res en Brenne (36)<\/p>\n\n\n\n<p style=\"font-size:22px\">66\u00e8me de Aizenay (85)<\/p>\n\n\n\n<p><\/p>\n\n\n\n<p style=\"font-size:22px\">Champion D\u00e9partemental U19 de cyclo-cross<\/p>\n\n\n\n<p style=\"font-size:22px\">1er du cyclo-cross de Buxerolles (86)<\/p>\n\n\n\n<p style=\"font-size:22px\">1er du cyclo-cross Nocturne de St Georges les Baillargeaux (86)<\/p>\n\n\n\n<p style=\"font-size:22px\">1er du cyclo-cross de St Georges les Baillargeaux (86) <\/p>\n\n\n\n<p style=\"font-size:22px\">1er du cyclo-cross de Ch\u00e2tellerault du samedi (86)<\/p>\n\n\n\n<p style=\"font-size:22px\">1er du cyclo-cross de Vounauil eous Biard (86) <\/p>\n\n\n\n<p style=\"font-size:22px\">2\u00e8me du cyclo-cross d&rsquo;Availles Limouzine (86)<\/p>\n\n\n\n<p style=\"font-size:22px\">2\u00e8me du cyclo-cross de Vivonne (86)<\/p>\n\n\n\n<p style=\"font-size:22px\">2\u00e8me du cyclo-cross de Poitiers (86)  <\/p>\n\n\n\n<p style=\"font-size:22px\">3\u00e8me du cyclo-cross de Saulg\u00e9 (86)<\/p>\n\n\n\n<p style=\"font-size:22px\">3\u00e8me du cyclo-cross de Naintr\u00e9 (86) <\/p>\n\n\n\n<p style=\"font-size:22px\">3\u00e8me du cyclo-cross de Vouill\u00e9 (86) <\/p>\n\n\n\n<p style=\"font-size:22px\">3\u00e8me du cyclo-cross de la Citadelle du Brouage (17) <\/p>\n\n\n\n<p style=\"font-size:22px\">3\u00e8me du cyclo- cross \u00e0 l&rsquo;Am\u00e9ricaine de Poitiers (86) <\/p>\n\n\n\n<p style=\"font-size:22px\">3\u00e8me du cyclo-cross de Aiffres (79)<\/p>\n\n\n\n<p style=\"font-size:22px\">4\u00e8me du cyclo-cross de Ligug\u00e9 (86)<\/p>\n\n\n\n<p style=\"font-size:22px\">80\u00e8me de la 1\u00e8re Manche du challenge National \u00e0 Albi (81)<\/p>\n\n\n\n<p class=\"has-text-align-center\" style=\"font-size:30px\"><strong><mark style=\"background-color:rgba(0, 0, 0, 0)\" class=\"has-inline-color has-vivid-green-cyan-color\">SAISON 2025:<\/mark><\/strong><\/p>\n\n\n\n<p style=\"font-size:22px\">3\u00e8me du Championnat d\u00e9partemental du Contre La Montre U19<\/p>\n\n\n\n<p style=\"font-size:22px\">9\u00e8me du Chrono Ch\u00e2telleraudais (86) <\/p>\n\n\n\n<p style=\"font-size:22px\">10\u00e8me de Roiff\u00e9 (86)<\/p>\n\n\n\n<p style=\"font-size:22px\">15\u00e8me de Lussac les Ch\u00e2teaux (86)<\/p>\n\n\n\n<p style=\"font-size:22px\">16\u00e8me de Pouant (86)<\/p>\n\n\n\n<p style=\"font-size:22px\">19\u00e8me de la Nocturne de Ch\u00e2teau Renault (37)<\/p>\n\n\n\n<p style=\"font-size:22px\">22\u00e8me du Vigeant (86) <\/p>\n\n\n\n<p style=\"font-size:22px\">25\u00e8me de la Nocturne du Sanital (86)<\/p>\n\n\n\n<p style=\"font-size:22px\">29\u00e8me de Mar\u00e7ay (86)<\/p>\n\n\n\n<p style=\"font-size:22px\">29\u00e8me de St Hilaire de Riez (85)<\/p>\n\n\n\n<p style=\"font-size:22px\">33\u00e8me de Reignac sur Indre (37)<\/p>\n\n\n\n<p style=\"font-size:22px\">35\u00e8me de Reignac (16) <\/p>\n\n\n\n<p style=\"font-size:22px\">38\u00e8me de Alloue (16)<\/p>\n\n\n\n<p style=\"font-size:22px\">40\u00e8me de M\u00e9zi\u00e8re en Brenne (36)<\/p>\n\n\n\n<p style=\"font-size:22px\">46\u00e8me de Ste Maure &#8211; Descartes (37)<\/p>\n\n\n\n<p><\/p>\n\n\n\n<p style=\"font-size:22px\">1er du cyclo-cross de Poitiers (86)<\/p>\n\n\n\n<p style=\"font-size:22px\">Vice-Champion D\u00e9partemental de cyclo-cross U19<\/p>\n\n\n\n<p style=\"font-size:22px\">2<sup>\u00e8me<\/sup> du cyclo-cross de Vivonne (86)<\/p>\n\n\n\n<p style=\"font-size:22px\">2<sup>\u00e8me<\/sup> du cyclo-cross de Vouneuil sous Biard (86)<\/p>\n\n\n\n<p style=\"font-size:22px\">3<sup>\u00e8me<\/sup> du cyclo-cross de Ch\u00e2tellerault (86)<\/p>\n\n\n\n<p style=\"font-size:22px\">4<sup>\u00e8me<\/sup> du cyclo-cross de Saulg\u00e9 (86)<\/p>\n\n\n\n<p style=\"font-size:22px\">4<sup>\u00e8me<\/sup> du cyclo-cross de Ch\u00e2tellerault (86)<\/p>\n\n\n\n<p style=\"font-size:22px\">5<sup>\u00e8me<\/sup> du cyclo-cross de Chauvigny (86)<\/p>\n\n\n\n<p style=\"font-size:22px\">5<sup>\u00e8me<\/sup> du cyclo-cross de Buxerolles (86)<\/p>\n\n\n\n<p style=\"font-size:22px\">5<sup>\u00e8me<\/sup> du cyclo-cross de Ligug\u00e9 (86)<\/p>\n\n\n\n<p style=\"font-size:22px\">6<sup>\u00e8me<\/sup> du cyclo-cross de Naintr\u00e9 (86)<\/p>\n\n\n\n<p style=\"font-size:22px\">6\u00e8me du cyclo-cross \u00e0 l&rsquo;Am\u00e9ricaine de Poitiers (86)<\/p>\n\n\n\n<p style=\"font-size:22px\">7<sup>\u00e8me<\/sup> du cyclo-cross de Vouill\u00e9 (86)<\/p>\n\n\n\n<p style=\"font-size:22px\">110<sup>\u00e8me<\/sup> de la 4<sup>\u00e8me<\/sup> manche de Coupe de France \u00e0 Pierric (44)<\/p>\n\n\n\n<p class=\"has-text-align-center\" style=\"font-size:30px\"><strong><mark style=\"background-color:rgba(0, 0, 0, 0)\" class=\"has-inline-color has-vivid-green-cyan-color\">SAISON 2024:<\/mark><\/strong><\/p>\n\n\n\n<p style=\"font-size:22px\">4\u00e8me de Naintr\u00e9 (86) <\/p>\n\n\n\n<p style=\"font-size:22px\">5\u00e8me de Melleran (79) <\/p>\n\n\n\n<p style=\"font-size:22px\">8\u00e8me de Pierrefite (79) <\/p>\n\n\n\n<p style=\"font-size:22px\">8\u00e8me de Loudun (86) <\/p>\n\n\n\n<p style=\"font-size:22px\">8\u00e8me du Championnat D\u00e9partemental du Contre la Montre<\/p>\n\n\n\n<p style=\"font-size:22px\">9\u00e8me de Montgam\u00e9 (86)<\/p>\n\n\n\n<p style=\"font-size:22px\">9\u00e8me de la Ronde de Mar\u00e7ay (86)<\/p>\n\n\n\n<p style=\"font-size:22px\">9\u00e8me de Chaunay (86)<\/p>\n\n\n\n<p style=\"font-size:22px\">10\u00e8me du Championnat D\u00e9partemental sur route<\/p>\n\n\n\n<p style=\"font-size:22px\">10\u00e8me des Sables d&rsquo;Olonne (85) <\/p>\n\n\n\n<p style=\"font-size:22px\">10\u00e8me de Montlouis sur Loire (37) <\/p>\n\n\n\n<p style=\"font-size:22px\">11\u00e8me du chrono Chatelleraudais (86)<\/p>\n\n\n\n<p style=\"font-size:22px\">12\u00e8me de Alloue (16)<\/p>\n\n\n\n<p style=\"font-size:22px\">13\u00e8me de Soutiers (79)<\/p>\n\n\n\n<p style=\"font-size:22px\">14\u00e8me du Mini Tour Haut Poitou \u00e0 St L\u00e9ger la Pallue (86)<\/p>\n\n\n\n<p style=\"font-size:22px\">14\u00e8me de Beaumont (86)<\/p>\n\n\n\n<p style=\"font-size:22px\">14\u00e8me de Beaurepaire (85)<\/p>\n\n\n\n<p style=\"font-size:22px\">14\u00e8me de la Germoni\u00e8re (86) <\/p>\n\n\n\n<p style=\"font-size:22px\">19\u00e8me de Ch\u00e2tellerault (86)<\/p>\n\n\n\n<p style=\"font-size:22px\">24\u00e8me de S\u00e8vres Anxaumont (86)<\/p>\n\n\n\n<p><\/p>\n\n\n\n<p><\/p>\n\n\n\n<p style=\"font-size:22px\">3\u00e8me du cyclo-cross \u00e0 l&rsquo;Am\u00e9ricaine de Poitiers (86) <\/p>\n\n\n\n<p style=\"font-size:22px\">4\u00e8me du cyclo-cross de Chauvigny (86) <\/p>\n\n\n\n<p style=\"font-size:22px\">5\u00e8me du cyclo-cross de St Georges les Baillargeaux (86) <\/p>\n\n\n\n<p style=\"font-size:22px\">5\u00e8me du cyclo-cross de Vouneuil sous Biard (86)<\/p>\n\n\n\n<p style=\"font-size:22px\">6\u00e8me du Championnat D\u00e9partemental de cyclo-cross<\/p>\n\n\n\n<p style=\"font-size:22px\">7\u00e8me du cyclo-cross de Naintr\u00e9 (86) <\/p>\n\n\n\n<p style=\"font-size:22px\">7\u00e8me du cyclo-cross de Vivonne (86) <\/p>\n\n\n\n<p style=\"font-size:22px\">7\u00e8me du cyclo-cross de Ch\u00e2tellerault 1 (86) <\/p>\n\n\n\n<p style=\"font-size:22px\">7\u00e8me du cyclo-cross de Ch\u00e2tellerault 2 (86)<\/p>\n\n\n\n<p style=\"font-size:22px\">8\u00e8me du cyclo-cross de Valvert (86)<\/p>\n\n\n\n<p style=\"font-size:22px\">9\u00e8me du cyclo-cross de Availles Limouzine (86)<\/p>\n\n\n\n<p style=\"font-size:22px\">11\u00e8me du cyclo-cross de Vouill\u00e9 (86) <\/p>\n\n\n\n<p style=\"font-size:22px\">13\u00e8me du cyclo-cross de Saulg\u00e9 (86)<\/p>\n\n\n\n<p style=\"font-size:22px\">47\u00e8me du cyclo-cross de Flavignac (87) &#8211; Manche Inter R\u00e9gion du Sud-Ouest<\/p>\n\n\n\n<p class=\"has-text-align-center has-vivid-red-color has-text-color\" style=\"font-size:26px\"><strong><em>SAISON 2023<\/em><\/strong><\/p>\n\n\n\n<p style=\"font-size:22px\">11\u00e8me de Alloue (16) <\/p>\n\n\n\n<p style=\"font-size:22px\">15\u00e8me de St Gervais les Trois Clochers (86)<\/p>\n\n\n\n<p style=\"font-size:22px\">16\u00e8me de Magn\u00e9 (79) <\/p>\n\n\n\n<p style=\"font-size:22px\">17\u00e8me de Chaunay (86) <\/p>\n\n\n\n<p style=\"font-size:22px\">18\u00e8me de Melleran (79)<\/p>\n\n\n\n<p style=\"font-size:22px\">19\u00e8me de Vivonne (86) <\/p>\n\n\n\n<p style=\"font-size:22px\">23\u00e8me de Civaux (86)<\/p>\n\n\n\n<p style=\"font-size:22px\">37\u00e8me de St Hilaire la Treille (87) <\/p>\n\n\n\n<p style=\"font-size:22px\">42\u00e8me de Ch\u00e2tellerault (86)  <\/p>\n\n\n\n<p><\/p>\n\n\n\n<p class=\"has-vivid-cyan-blue-color has-text-color\" style=\"font-size:22px\">3\u00e8me du cyclo-cross \u00e0 l&rsquo;Am\u00e9ricaine de Poitiers (86)<\/p>\n\n\n\n<p class=\"has-vivid-cyan-blue-color has-text-color\" style=\"font-size:22px\">5\u00e8me du Championnat D\u00e9partemental de cyclo-cross<\/p>\n\n\n\n<p class=\"has-vivid-cyan-blue-color has-text-color\" style=\"font-size:22px\">5\u00e8me du cyclo-cross de Chauvigny (86) <\/p>\n\n\n\n<p class=\"has-vivid-cyan-blue-color has-text-color\" style=\"font-size:22px\">7\u00e8me du cyclo-cross de St Georges les Baillargeaux (86) <\/p>\n\n\n\n<p class=\"has-vivid-cyan-blue-color has-text-color\" style=\"font-size:22px\">8\u00e8me du cyclo-cross de Vivonne (86) <\/p>\n\n\n\n<p class=\"has-vivid-cyan-blue-color has-text-color\" style=\"font-size:22px\">9\u00e8me du cyclo-cross de Buxerolles (86) <\/p>\n\n\n\n<p class=\"has-vivid-cyan-blue-color has-text-color\" style=\"font-size:22px\">9\u00e8me du cyclo-cross de Poitiers (86) <\/p>\n\n\n\n<p class=\"has-vivid-cyan-blue-color has-text-color\" style=\"font-size:22px\">10\u00e8me du cyclo-cross de Vouneuil sous Biard (86)  <\/p>\n\n\n\n<p class=\"has-vivid-cyan-blue-color has-text-color\" style=\"font-size:22px\">10\u00e8me du cyclo-cross du CREPS de Poitiers (86)<\/p>\n\n\n\n<p class=\"has-vivid-cyan-blue-color has-text-color\" style=\"font-size:22px\">11\u00e8me du cyclo-cross de Ch\u00e2tellerault (86) <\/p>\n\n\n\n<p class=\"has-vivid-cyan-blue-color has-text-color\" style=\"font-size:22px\">12\u00e8me du cyclo-cross de Vouill\u00e9 (86) <\/p>\n\n\n\n<p class=\"has-vivid-cyan-blue-color has-text-color\" style=\"font-size:22px\">13\u00e8me du cyclo-cross de Naintr\u00e9 (86)<\/p>\n\n\n\n<p class=\"has-text-align-center has-vivid-red-color has-text-color\" style=\"font-size:26px\"><strong><em>SAISON 2022<\/em><\/strong><\/p>\n\n\n\n<p style=\"font-size:24px\">4\u00e8me du Championnat D\u00e9partemental du Contre la Montre<\/p>\n\n\n\n<p style=\"font-size:24px\">7\u00e8me de Montlouis sur Loire (37)&nbsp; <\/p>\n\n\n\n<p style=\"font-size:24px\">8\u00e8me de Montamis\u00e9 (86)<\/p>\n\n\n\n<p style=\"font-size:24px\">10\u00e8me du Sanital \u00e0 Ch\u00e2tellerault (86) <\/p>\n\n\n\n<p style=\"font-size:24px\">10\u00e8me du Championnat R\u00e9gional du Contre la Montre<\/p>\n\n\n\n<p style=\"font-size:24px\">10\u00e8me du Contre la Montre de Bouresse<\/p>\n\n\n\n<p style=\"font-size:24px\">13\u00e8me de Alloue (16)<\/p>\n\n\n\n<p style=\"font-size:24px\">15\u00e8me de Marigny Brizay (86)&nbsp;<\/p>\n\n\n\n<p style=\"font-size:24px\">17\u00e8me de Confolens (16)&nbsp;<\/p>\n\n\n\n<p style=\"font-size:24px\">19\u00e8me de Montgam\u00e9 (86)&nbsp;<\/p>\n\n\n\n<p style=\"font-size:24px\">22\u00e8me&nbsp;de Chasseneuil du Poitou (86)&nbsp;<\/p>\n\n\n\n<p style=\"font-size:24px\">66\u00e8me du Championnat R\u00e9gional sur route Nouvelle Aquitaine <\/p>\n\n\n\n<p class=\"has-vivid-green-cyan-color has-text-color\" style=\"font-size:24px\"><br><br>4<sup>\u00e8me<\/sup>&nbsp;du cyclo-cross de Vouill\u00e9 (86)<\/p>\n\n\n\n<p class=\"has-vivid-green-cyan-color has-text-color\" style=\"font-size:24px\">4<sup>\u00e8me<\/sup>&nbsp;du cyclo-cross de Vouneuil sous Biard (86)<\/p>\n\n\n\n<p class=\"has-vivid-green-cyan-color has-text-color\" style=\"font-size:24px\">5<sup>\u00e8me<\/sup>&nbsp;du Championnat D\u00e9partemental de la Vienne de cyclo-cross<\/p>\n\n\n\n<p class=\"has-vivid-green-cyan-color has-text-color\" style=\"font-size:24px\">5<sup>\u00e8me<\/sup>&nbsp;du cyclo-cross de Pont Chr\u00e9tien (36)<\/p>\n\n\n\n<p class=\"has-vivid-green-cyan-color has-text-color\" style=\"font-size:24px\">5<sup>\u00e8me<\/sup>&nbsp;du cyclo-cross de Thouars (79)<\/p>\n\n\n\n<p class=\"has-vivid-green-cyan-color has-text-color\" style=\"font-size:24px\">5<sup>\u00e8me<\/sup>&nbsp;du cyclo-cross de Poitiers (86)<\/p>\n\n\n\n<p class=\"has-vivid-green-cyan-color has-text-color\" style=\"font-size:24px\">6<sup>\u00e8me<\/sup>&nbsp;du cyclo-cross de Ch\u00e2tellerault (86)<\/p>\n\n\n\n<p class=\"has-vivid-green-cyan-color has-text-color\" style=\"font-size:24px\">7<sup>\u00e8me<\/sup>&nbsp;du cyclo-cross de Chauvigny (86)<\/p>\n\n\n\n<p class=\"has-vivid-green-cyan-color has-text-color\" style=\"font-size:24px\">7\u00e8me du cyclo-cross du CREPS de Poitiers (86)&nbsp;<\/p>\n\n\n\n<p class=\"has-vivid-green-cyan-color has-text-color\" style=\"font-size:24px\">11<sup>\u00e8me<\/sup>&nbsp;du cyclo-cross de Buxerolles (86)<\/p>\n","protected":false},"excerpt":{"rendered":"<p>SAISON 2026: 12\u00e8me de Orouet (85) 25\u00e8me de Pouant (86) 26\u00e8me de M\u00e9zi\u00e8res en Brenne (36) 66\u00e8me de Aizenay (85) Champion D\u00e9partemental U19 de cyclo-cross 1er du cyclo-cross de Buxerolles (86) 1er du cyclo-cross Nocturne de St Georges les Baillargeaux (86) 1er du cyclo-cross de St Georges les Baillargeaux (86) 1er du cyclo-cross de Ch\u00e2tellerault [&hellip;]<\/p>\n","protected":false},"author":1,"featured_media":0,"parent":0,"menu_order":0,"comment_status":"closed","ping_status":"closed","template":"","meta":{"footnotes":""},"class_list":["post-445","page","type-page","status-publish","hentry"],"_links":{"self":[{"href":"https:\/\/cyclepoitevin86.fr\/index.php\/wp-json\/wp\/v2\/pages\/445","targetHints":{"allow":["GET"]}}],"collection":[{"href":"https:\/\/cyclepoitevin86.fr\/index.php\/wp-json\/wp\/v2\/pages"}],"about":[{"href":"https:\/\/cyclepoitevin86.fr\/index.php\/wp-json\/wp\/v2\/types\/page"}],"author":[{"embeddable":true,"href":"https:\/\/cyclepoitevin86.fr\/index.php\/wp-json\/wp\/v2\/users\/1"}],"replies":[{"embeddable":true,"href":"https:\/\/cyclepoitevin86.fr\/index.php\/wp-json\/wp\/v2\/comments?post=445"}],"version-history":[{"count":94,"href":"https:\/\/cyclepoitevin86.fr\/index.php\/wp-json\/wp\/v2\/pages\/445\/revisions"}],"predecessor-version":[{"id":10205,"href":"https:\/\/cyclepoitevin86.fr\/index.php\/wp-json\/wp\/v2\/pages\/445\/revisions\/10205"}],"wp:attachment":[{"href":"https:\/\/cyclepoitevin86.fr\/index.php\/wp-json\/wp\/v2\/media?parent=445"}],"curies":[{"name":"wp","href":"https:\/\/api.w.org\/{rel}","templated":true}]}}