{"id":4331,"date":"2023-11-25T19:47:29","date_gmt":"2023-11-25T18:47:29","guid":{"rendered":"http:\/\/cyclepoitevin86.fr\/?page_id=4331"},"modified":"2026-04-12T21:26:16","modified_gmt":"2026-04-12T19:26:16","slug":"djerbi-sacha","status":"publish","type":"page","link":"https:\/\/cyclepoitevin86.fr\/index.php\/djerbi-sacha\/","title":{"rendered":"DJERBI Sacha"},"content":{"rendered":"<div class=\"wp-block-image\">\n<figure class=\"aligncenter size-large is-resized\"><img loading=\"lazy\" decoding=\"async\" width=\"682\" height=\"1024\" src=\"https:\/\/cyclepoitevin86.fr\/wp-content\/uploads\/2025\/02\/DSC_1411-682x1024.jpg\" alt=\"\" class=\"wp-image-7080\" style=\"width:218px;height:auto\" srcset=\"https:\/\/cyclepoitevin86.fr\/wp-content\/uploads\/2025\/02\/DSC_1411-682x1024.jpg 682w, https:\/\/cyclepoitevin86.fr\/wp-content\/uploads\/2025\/02\/DSC_1411-200x300.jpg 200w, https:\/\/cyclepoitevin86.fr\/wp-content\/uploads\/2025\/02\/DSC_1411-768x1152.jpg 768w, https:\/\/cyclepoitevin86.fr\/wp-content\/uploads\/2025\/02\/DSC_1411-1024x1536.jpg 1024w, https:\/\/cyclepoitevin86.fr\/wp-content\/uploads\/2025\/02\/DSC_1411.jpg 1185w\" sizes=\"auto, (max-width: 682px) 100vw, 682px\" \/><\/figure>\n<\/div>\n\n\n<p class=\"has-text-align-center has-vivid-green-cyan-color has-text-color has-link-color wp-elements-6a5d9452363ae40c60ac396eafa9b69d\" style=\"font-size:30px\"><strong><em>SAISON 2026 :<\/em><\/strong><\/p>\n\n\n\n<p style=\"font-size:22px\">17\u00e8me de Beaumont (86) <\/p>\n\n\n\n<p style=\"font-size:22px\">23\u00e8me de Tauxigny (37) <\/p>\n\n\n\n<p style=\"font-size:22px\">25\u00e8me de Montlouis sur Loire (37)<\/p>\n\n\n\n<p style=\"font-size:22px\">28\u00e8me du Prix Sanital de Ch\u00e2tellerault (86)<\/p>\n\n\n\n<p class=\"has-text-align-center\" style=\"font-size:30px\"><strong><em><mark style=\"background-color:rgba(0, 0, 0, 0)\" class=\"has-inline-color has-vivid-green-cyan-color\">SAISON 2025 :<\/mark><\/em><\/strong><\/p>\n\n\n\n<p style=\"font-size:22px\">5\u00e8me de Chaunay (86) <\/p>\n\n\n\n<p style=\"font-size:22px\">5\u00e8me du Chrono Ch\u00e2telleraudais (86) <\/p>\n\n\n\n<p style=\"font-size:22px\">6\u00e8me de Vervant (17)<\/p>\n\n\n\n<p style=\"font-size:22px\">8\u00e8me de St Gervais les 3 Clochers (86) <\/p>\n\n\n\n<p style=\"font-size:22px\">10\u00e8me de Beaumont (86)<\/p>\n\n\n\n<p style=\"font-size:22px\">10\u00e8me de Saintes (17) <\/p>\n\n\n\n<p style=\"font-size:22px\">11\u00e8me du Prix Sanital de Ch\u00e2tellerault (86)<\/p>\n\n\n\n<p style=\"font-size:22px\">12\u00e8me de Alloue (16) <\/p>\n\n\n\n<p style=\"font-size:22px\">13\u00e8me de Mar\u00e7ay (86)<\/p>\n\n\n\n<p style=\"font-size:22px\">12\u00e8me de La Germoni\u00e8re (86)<\/p>\n\n\n\n<p style=\"font-size:22px\">14\u00e8me de Saint Christophe (86)<\/p>\n\n\n\n<p style=\"font-size:22px\">14\u00e8me de S\u00e8vres Anxaumont (86)  <\/p>\n\n\n\n<p style=\"font-size:22px\">15\u00e8me de Chasseneuil (16) <\/p>\n\n\n\n<p style=\"font-size:22px\">20\u00e8me du Mini Tour de St L\u00e9ger la Pallu (86)<\/p>\n\n\n\n<p style=\"font-size:22px\">27\u00e8me de St Germain sur Moine (49)<\/p>\n\n\n\n<p><\/p>\n\n\n\n<p class=\"has-text-align-center\" style=\"font-size:30px\"><strong><em><mark style=\"background-color:rgba(0, 0, 0, 0)\" class=\"has-inline-color has-vivid-green-cyan-color\">SAISON 2024 :<\/mark><\/em><\/strong><\/p>\n\n\n\n<p style=\"font-size:22px\">13\u00e8me du Championnat D\u00e9partemental sur route<\/p>\n\n\n\n<p style=\"font-size:22px\">13\u00e8me du chrono Chatelleraudais (86) <\/p>\n\n\n\n<p style=\"font-size:22px\">15\u00e8me de Montgam\u00e9 (86)<\/p>\n\n\n\n<p style=\"font-size:22px\">16\u00e8me de Chaunay (86)<\/p>\n\n\n\n<p style=\"font-size:22px\">16\u00e8me de St Gervais les 3 Clochers (86) <\/p>\n\n\n\n<p style=\"font-size:22px\">17\u00e8me de Beaumont (86)<\/p>\n\n\n\n<p style=\"font-size:22px\">18\u00e8me de Alloue (16) <\/p>\n\n\n\n<p style=\"font-size:22px\">21\u00e8me de la Ronde de Mar\u00e7ay (86)<\/p>\n\n\n\n<p style=\"font-size:22px\">23\u00e8me de Ch\u00e2tellerault (86)<\/p>\n\n\n\n<p style=\"font-size:22px\">25\u00e8me du Mini Tour Haut Poitou \u00e0 St L\u00e9ger la Pallue (86)<\/p>\n\n\n\n<p style=\"font-size:22px\">26\u00e8me de St Christophe (86)<\/p>\n","protected":false},"excerpt":{"rendered":"<p>SAISON 2026 : 17\u00e8me de Beaumont (86) 23\u00e8me de Tauxigny (37) 25\u00e8me de Montlouis sur Loire (37) 28\u00e8me du Prix Sanital de Ch\u00e2tellerault (86) SAISON 2025 : 5\u00e8me de Chaunay (86) 5\u00e8me du Chrono Ch\u00e2telleraudais (86) 6\u00e8me de Vervant (17) 8\u00e8me de St Gervais les 3 Clochers (86) 10\u00e8me de Beaumont (86) 10\u00e8me de Saintes [&hellip;]<\/p>\n","protected":false},"author":1,"featured_media":0,"parent":0,"menu_order":0,"comment_status":"closed","ping_status":"closed","template":"","meta":{"footnotes":""},"class_list":["post-4331","page","type-page","status-publish","hentry"],"_links":{"self":[{"href":"https:\/\/cyclepoitevin86.fr\/index.php\/wp-json\/wp\/v2\/pages\/4331","targetHints":{"allow":["GET"]}}],"collection":[{"href":"https:\/\/cyclepoitevin86.fr\/index.php\/wp-json\/wp\/v2\/pages"}],"about":[{"href":"https:\/\/cyclepoitevin86.fr\/index.php\/wp-json\/wp\/v2\/types\/page"}],"author":[{"embeddable":true,"href":"https:\/\/cyclepoitevin86.fr\/index.php\/wp-json\/wp\/v2\/users\/1"}],"replies":[{"embeddable":true,"href":"https:\/\/cyclepoitevin86.fr\/index.php\/wp-json\/wp\/v2\/comments?post=4331"}],"version-history":[{"count":31,"href":"https:\/\/cyclepoitevin86.fr\/index.php\/wp-json\/wp\/v2\/pages\/4331\/revisions"}],"predecessor-version":[{"id":10208,"href":"https:\/\/cyclepoitevin86.fr\/index.php\/wp-json\/wp\/v2\/pages\/4331\/revisions\/10208"}],"wp:attachment":[{"href":"https:\/\/cyclepoitevin86.fr\/index.php\/wp-json\/wp\/v2\/media?parent=4331"}],"curies":[{"name":"wp","href":"https:\/\/api.w.org\/{rel}","templated":true}]}}