{"id":411,"date":"2022-05-18T15:43:46","date_gmt":"2022-05-18T13:43:46","guid":{"rendered":"http:\/\/cyclepoitevin86.fr\/?page_id=411"},"modified":"2025-07-27T22:01:58","modified_gmt":"2025-07-27T20:01:58","slug":"gireme-romain","status":"publish","type":"page","link":"https:\/\/cyclepoitevin86.fr\/index.php\/gireme-romain\/","title":{"rendered":"GIREME Romain"},"content":{"rendered":"\n<p class=\"has-text-align-center has-vivid-green-cyan-color has-text-color has-link-color wp-elements-80e675ce433f4f40cef0c314c0d81a32\" style=\"font-size:28px\"><em><strong>SAISON 2025 :<\/strong><\/em><\/p>\n\n\n\n<p style=\"font-size:22px\">2\u00e8me du Championnat de France des Pompiers \u00e0 Sauternes (33) <\/p>\n\n\n\n<p style=\"font-size:22px\">5\u00e8me de la Nocturne de Naintr\u00e9 (86) <\/p>\n\n\n\n<p style=\"font-size:22px\">9\u00e8me du Vigeant (86) <\/p>\n\n\n\n<p style=\"font-size:22px\">15\u00e8me de Avoine (37) <\/p>\n\n\n\n<p style=\"font-size:22px\">28\u00e8me de la Nocturne des Boulevards de Loudun (86)<\/p>\n\n\n\n<p style=\"font-size:22px\">40\u00e8me de Alloue (16)<\/p>\n\n\n\n<p class=\"has-text-align-center has-vivid-green-cyan-color has-text-color has-link-color wp-elements-b520901cc0f971edb953fa99cf690ec4\" style=\"font-size:28px\"><strong><em>SAISON 2024 :<\/em><\/strong><\/p>\n\n\n\n<p style=\"font-size:22px\">1er de Pouant (86) <\/p>\n\n\n\n<p style=\"font-size:22px\">Champion de France des Sapeurs-Pompiers du Contre la Montre Juniors<\/p>\n\n\n\n<p style=\"font-size:22px\">2\u00e8me de Millac (86)  <\/p>\n\n\n\n<p style=\"font-size:22px\">3\u00e8me du Championnat R\u00e9gional sur route des U19<\/p>\n\n\n\n<p style=\"font-size:22px\">9\u00e8me de Dou\u00e9 en Anjou &#8211; Douces (49)<\/p>\n\n\n\n<p style=\"font-size:22px\">11du GP de Nersac (16)<\/p>\n\n\n\n<p style=\"font-size:22px\">14\u00e8me de Marmande Val de Garonne Classic (47)<\/p>\n\n\n\n<p style=\"font-size:22px\">15\u00e8me de la Ronde de Mar\u00e7ay (86)<\/p>\n\n\n\n<p style=\"font-size:22px\">17\u00e8me du Prix d&rsquo;Ouverture \u00e0 Ch\u00e2tellerault (86)<\/p>\n\n\n\n<p style=\"font-size:22px\">18\u00e8me de la Nocturne de Buxerolles (86) <\/p>\n\n\n\n<p style=\"font-size:22px\">19\u00e8me de la Ronde Vouglaisienne (86)<\/p>\n\n\n\n<p style=\"font-size:22px\">20\u00e8me de Aslonnes (86) <\/p>\n\n\n\n<p style=\"font-size:22px\">22\u00e8me de la Nocturne de Buxerolles (86)<\/p>\n\n\n\n<p style=\"font-size:22px\">23\u00e8me du GP de la Ville de Ch\u00e2tellerault (86)<\/p>\n\n\n\n<p style=\"font-size:22px\">29\u00e8me du GP de Montamis\u00e9 (86)  <\/p>\n\n\n\n<p style=\"font-size:22px\">36\u00e8me de Ch\u00e2teau Larcher (86)<\/p>\n\n\n\n<p style=\"font-size:22px\">41\u00e8me de Alloue (16)<\/p>\n\n\n\n<p style=\"font-size:22px\">67\u00e8me de la Route d&rsquo;Eole (41)<\/p>\n\n\n\n<p class=\"has-text-align-center\" style=\"font-size:28px\"><mark style=\"background-color:rgba(0, 0, 0, 0)\" class=\"has-inline-color has-vivid-green-cyan-color\"><strong><em>SAISON 2023 :<\/em><\/strong><\/mark><\/p>\n\n\n\n<p style=\"font-size:22px\">Champion de France des Sapeurs-Pompiers du Contre la Montre Juniors<\/p>\n\n\n\n<p style=\"font-size:22px\">Champion de France des Sapeurs-Pompiers sur route Juniors <\/p>\n\n\n\n<p style=\"font-size:22px\">Champion D\u00e9partemental sur route des Open 3<\/p>\n\n\n\n<p style=\"font-size:22px\">2\u00e8me du Championnat D\u00e9partemental sur route des U19 <\/p>\n\n\n\n<p style=\"font-size:22px\">2\u00e8me de Monthou sur Cher (41) <\/p>\n\n\n\n<p style=\"font-size:22px\">3\u00e8me de Alloue (16) <\/p>\n\n\n\n<p style=\"font-size:22px\">3\u00e8me de Millac (86) <\/p>\n\n\n\n<p style=\"font-size:22px\">3\u00e8me de St Laurent sur S\u00e8vre (85) <\/p>\n\n\n\n<p style=\"font-size:22px\">9\u00e8me de Pouant (86) <\/p>\n\n\n\n<p style=\"font-size:22px\">11\u00e8me du Championnat R\u00e9gional \u00e0 Pardaillan (47) <\/p>\n\n\n\n<p style=\"font-size:22px\">11\u00e8me de Courcemont (72)<\/p>\n\n\n\n<p style=\"font-size:22px\">12\u00e8me de Chaunay (86) <\/p>\n\n\n\n<p style=\"font-size:22px\">13\u00e8me de Mornac sur Seudre (17)<\/p>\n\n\n\n<p style=\"font-size:22px\">14\u00e8me de la Nocturne de Loudun (86) <\/p>\n\n\n\n<p style=\"font-size:22px\">14\u00e8me de St Georges des C\u00f4teaux (17)<\/p>\n\n\n\n<p style=\"font-size:22px\">16\u00e8me de la Nocturne de Buxerolles (86)<\/p>\n\n\n\n<p style=\"font-size:22px\">17\u00e8me de Lussac les Ch\u00e2teaux (86)<\/p>\n\n\n\n<p style=\"font-size:22px\">27\u00e8me de Soulbrois (79)<\/p>\n\n\n\n<p style=\"font-size:22px\">33\u00e8me de la Ronde Vouglaisienne (86)<\/p>\n\n\n\n<p style=\"font-size:22px\">34\u00e8me de Montamis\u00e9 (86) <\/p>\n\n\n\n<p style=\"font-size:22px\">35\u00e8me de Ch\u00e2teau Larcher (86) <\/p>\n\n\n\n<p style=\"font-size:22px\">58\u00e8me de Eguzon (36)<\/p>\n\n\n\n<p class=\"has-text-align-center\" style=\"font-size:28px\"><strong><em><mark style=\"background-color:rgba(0, 0, 0, 0)\" class=\"has-inline-color has-vivid-green-cyan-color\">SAISON 2022 :<\/mark><\/em><\/strong><\/p>\n\n\n\n<p style=\"font-size:22px\">Champion D\u00e9partemental du Contre La Montre<\/p>\n\n\n\n<p style=\"font-size:22px\">1er de Confolens (16) <\/p>\n\n\n\n<p style=\"font-size:24px\">5\u00e8me de Montamis\u00e9 (86) <\/p>\n\n\n\n<p style=\"font-size:24px\">6\u00e8me du Championnat R\u00e9gional du Contre La Montre <\/p>\n\n\n\n<p style=\"font-size:24px\">7\u00e8me du Contre la Montre de Bouresse <\/p>\n\n\n\n<p style=\"font-size:24px\">8\u00e8me de Alloue (16)<\/p>\n\n\n\n<p style=\"font-size:24px\">10\u00e8me du Sanital \u00e0 Ch\u00e2tellerault (86)<\/p>\n\n\n\n<p style=\"font-size:24px\">11\u00e8me de Vivonne (86)&nbsp; <\/p>\n\n\n\n<p style=\"font-size:24px\">13\u00e8me de La Chaize le Vicomte (85)<\/p>\n\n\n\n<p style=\"font-size:24px\">17\u00e8me&nbsp;de Chasseneuil du Poitou (86)<\/p>\n\n\n\n<p style=\"font-size:24px\">14\u00e8me de Montgam\u00e9 (86)&nbsp;<\/p>\n\n\n\n<p style=\"font-size:24px\">19\u00e8me de La Chapelle Bertrand (79)<\/p>\n\n\n\n<p style=\"font-size:24px\">44\u00e8me du Championnat R\u00e9gional sur route de Nouvelle Aquitaine <\/p>\n\n\n\n<p style=\"font-size:24px\">44\u00e8me de la Civraisienne (86)  <\/p>\n\n\n\n<p><\/p>\n","protected":false},"excerpt":{"rendered":"<p>SAISON 2025 : 2\u00e8me du Championnat de France des Pompiers \u00e0 Sauternes (33) 5\u00e8me de la Nocturne de Naintr\u00e9 (86) 9\u00e8me du Vigeant (86) 15\u00e8me de Avoine (37) 28\u00e8me de la Nocturne des Boulevards de Loudun (86) 40\u00e8me de Alloue (16) SAISON 2024 : 1er de Pouant (86) Champion de France des Sapeurs-Pompiers du Contre [&hellip;]<\/p>\n","protected":false},"author":1,"featured_media":0,"parent":0,"menu_order":0,"comment_status":"closed","ping_status":"closed","template":"","meta":{"footnotes":""},"class_list":["post-411","page","type-page","status-publish","hentry"],"_links":{"self":[{"href":"https:\/\/cyclepoitevin86.fr\/index.php\/wp-json\/wp\/v2\/pages\/411","targetHints":{"allow":["GET"]}}],"collection":[{"href":"https:\/\/cyclepoitevin86.fr\/index.php\/wp-json\/wp\/v2\/pages"}],"about":[{"href":"https:\/\/cyclepoitevin86.fr\/index.php\/wp-json\/wp\/v2\/types\/page"}],"author":[{"embeddable":true,"href":"https:\/\/cyclepoitevin86.fr\/index.php\/wp-json\/wp\/v2\/users\/1"}],"replies":[{"embeddable":true,"href":"https:\/\/cyclepoitevin86.fr\/index.php\/wp-json\/wp\/v2\/comments?post=411"}],"version-history":[{"count":55,"href":"https:\/\/cyclepoitevin86.fr\/index.php\/wp-json\/wp\/v2\/pages\/411\/revisions"}],"predecessor-version":[{"id":8539,"href":"https:\/\/cyclepoitevin86.fr\/index.php\/wp-json\/wp\/v2\/pages\/411\/revisions\/8539"}],"wp:attachment":[{"href":"https:\/\/cyclepoitevin86.fr\/index.php\/wp-json\/wp\/v2\/media?parent=411"}],"curies":[{"name":"wp","href":"https:\/\/api.w.org\/{rel}","templated":true}]}}