{"id":407,"date":"2022-05-18T15:43:46","date_gmt":"2022-05-18T13:43:46","guid":{"rendered":"http:\/\/cyclepoitevin86.fr\/?page_id=407"},"modified":"2025-07-20T22:12:22","modified_gmt":"2025-07-20T20:12:22","slug":"collin-penichon-mathis","status":"publish","type":"page","link":"https:\/\/cyclepoitevin86.fr\/index.php\/collin-penichon-mathis\/","title":{"rendered":"COLLIN PENICHON Mathis"},"content":{"rendered":"<div class=\"wp-block-image\">\n<figure class=\"aligncenter size-large is-resized\"><img loading=\"lazy\" decoding=\"async\" width=\"683\" height=\"1024\" src=\"http:\/\/cyclepoitevin86.fr\/wp-content\/uploads\/2024\/02\/428603442_987597542703223_5230720502510520556_n-683x1024.jpg\" alt=\"\" class=\"wp-image-4790\" style=\"width:263px;height:auto\" srcset=\"https:\/\/cyclepoitevin86.fr\/wp-content\/uploads\/2024\/02\/428603442_987597542703223_5230720502510520556_n-683x1024.jpg 683w, https:\/\/cyclepoitevin86.fr\/wp-content\/uploads\/2024\/02\/428603442_987597542703223_5230720502510520556_n-200x300.jpg 200w, https:\/\/cyclepoitevin86.fr\/wp-content\/uploads\/2024\/02\/428603442_987597542703223_5230720502510520556_n-768x1152.jpg 768w, https:\/\/cyclepoitevin86.fr\/wp-content\/uploads\/2024\/02\/428603442_987597542703223_5230720502510520556_n-1024x1536.jpg 1024w, https:\/\/cyclepoitevin86.fr\/wp-content\/uploads\/2024\/02\/428603442_987597542703223_5230720502510520556_n.jpg 1365w\" sizes=\"auto, (max-width: 683px) 100vw, 683px\" \/><\/figure>\n<\/div>\n\n\n<p class=\"has-text-align-center has-vivid-green-cyan-color has-text-color has-link-color wp-elements-42b7fb57467d3abe75682de66141e33c\" style=\"font-size:28px\"><strong><em>SAISON 2025 :<\/em><\/strong><\/p>\n\n\n\n<p style=\"font-size:22px\">16\u00e8me de Chaunay (86)  <\/p>\n\n\n\n<p style=\"font-size:22px\">17\u00e8me de la Nocturne du Sanital (86)<\/p>\n\n\n\n<p style=\"font-size:22px\">18\u00e8me de Lussac les Ch\u00e2teaux (86)<\/p>\n\n\n\n<p style=\"font-size:22px\">23\u00e8me de Pouant (86)<\/p>\n\n\n\n<p style=\"font-size:22px\">23\u00e8me de Mar\u00e7ay (86) <\/p>\n\n\n\n<p style=\"font-size:22px\">30\u00e8me de Cussac (87) <\/p>\n\n\n\n<p style=\"font-size:22px\">45\u00e8me de Alloue (16)<\/p>\n\n\n\n<p style=\"font-size:22px\">51\u00e8me de Montlouis sur Loire (37)<\/p>\n\n\n\n<p style=\"font-size:22px\">55\u00e8me de Ambersac (16)<\/p>\n\n\n\n<p class=\"has-text-align-center has-vivid-green-cyan-color has-text-color has-link-color wp-elements-b520901cc0f971edb953fa99cf690ec4\" style=\"font-size:28px\"><strong><em>SAISON 2024 :<\/em><\/strong><\/p>\n\n\n\n<p style=\"font-size:22px\">13\u00e8me de Pouant (86)<\/p>\n\n\n\n<p style=\"font-size:22px\">35\u00e8me de Mazerolles (86) <\/p>\n\n\n\n<p style=\"font-size:22px\">37\u00e8me de Gensac la Pallue (16)<\/p>\n\n\n\n<p style=\"font-size:22px\">37\u00e8me de Lussac les Ch\u00e2teaux (86)<\/p>\n\n\n\n<p style=\"font-size:22px\">41\u00e8me de la Nocturne de Naintr\u00e9 (86)  <\/p>\n\n\n\n<p style=\"font-size:22px\">43\u00e8me de la Nocturne du Sanital de Ch\u00e2tellerault (86)<\/p>\n\n\n\n<p style=\"font-size:22px\">46\u00e8me de la Ronde Vouglaisienne (86)<\/p>\n\n\n\n<p style=\"font-size:22px\">46\u00e8me de Saint Philbert de Pontcharrault (85)<\/p>\n\n\n\n<p style=\"font-size:22px\">48\u00e8me de la Ronde de Mar\u00e7ay (86)<\/p>\n\n\n\n<p style=\"font-size:22px\">68\u00e8me du Prix d&rsquo;Ouverture \u00e0 Ch\u00e2tellerault (86)<\/p>\n\n\n\n<p class=\"has-text-align-center\" style=\"font-size:28px\"><strong><em><mark style=\"background-color:rgba(0, 0, 0, 0)\" class=\"has-inline-color has-vivid-green-cyan-color\">SAISON 2023 :<\/mark><\/em><\/strong><\/p>\n\n\n\n<p style=\"font-size:22px\">19\u00e8me du Championnat R\u00e9gional sur Piste de l&rsquo;Omnium<\/p>\n\n\n\n<p class=\"has-text-align-center\" style=\"font-size:28px\"><strong><em><mark style=\"background-color:rgba(0, 0, 0, 0)\" class=\"has-inline-color has-vivid-green-cyan-color\">SAISON 2022 :<\/mark><\/em><\/strong><\/p>\n\n\n\n<p style=\"font-size:22px\">18\u00e8me de Vivonne (86)<\/p>\n\n\n\n<p style=\"font-size:22px\">22\u00e8me de Confolens (16)<\/p>\n\n\n\n<p style=\"font-size:22px\">23\u00e8me&nbsp;de Marigny Brizay (86)<\/p>\n","protected":false},"excerpt":{"rendered":"<p>SAISON 2025 : 16\u00e8me de Chaunay (86) 17\u00e8me de la Nocturne du Sanital (86) 18\u00e8me de Lussac les Ch\u00e2teaux (86) 23\u00e8me de Pouant (86) 23\u00e8me de Mar\u00e7ay (86) 30\u00e8me de Cussac (87) 45\u00e8me de Alloue (16) 51\u00e8me de Montlouis sur Loire (37) 55\u00e8me de Ambersac (16) SAISON 2024 : 13\u00e8me de Pouant (86) 35\u00e8me de [&hellip;]<\/p>\n","protected":false},"author":1,"featured_media":0,"parent":0,"menu_order":0,"comment_status":"closed","ping_status":"closed","template":"","meta":{"footnotes":""},"class_list":["post-407","page","type-page","status-publish","hentry"],"_links":{"self":[{"href":"https:\/\/cyclepoitevin86.fr\/index.php\/wp-json\/wp\/v2\/pages\/407","targetHints":{"allow":["GET"]}}],"collection":[{"href":"https:\/\/cyclepoitevin86.fr\/index.php\/wp-json\/wp\/v2\/pages"}],"about":[{"href":"https:\/\/cyclepoitevin86.fr\/index.php\/wp-json\/wp\/v2\/types\/page"}],"author":[{"embeddable":true,"href":"https:\/\/cyclepoitevin86.fr\/index.php\/wp-json\/wp\/v2\/users\/1"}],"replies":[{"embeddable":true,"href":"https:\/\/cyclepoitevin86.fr\/index.php\/wp-json\/wp\/v2\/comments?post=407"}],"version-history":[{"count":24,"href":"https:\/\/cyclepoitevin86.fr\/index.php\/wp-json\/wp\/v2\/pages\/407\/revisions"}],"predecessor-version":[{"id":8482,"href":"https:\/\/cyclepoitevin86.fr\/index.php\/wp-json\/wp\/v2\/pages\/407\/revisions\/8482"}],"wp:attachment":[{"href":"https:\/\/cyclepoitevin86.fr\/index.php\/wp-json\/wp\/v2\/media?parent=407"}],"curies":[{"name":"wp","href":"https:\/\/api.w.org\/{rel}","templated":true}]}}