{"id":404,"date":"2022-05-18T15:43:46","date_gmt":"2022-05-18T13:43:46","guid":{"rendered":"http:\/\/cyclepoitevin86.fr\/?page_id=404"},"modified":"2026-02-07T19:15:39","modified_gmt":"2026-02-07T18:15:39","slug":"camoin-paul","status":"publish","type":"page","link":"https:\/\/cyclepoitevin86.fr\/index.php\/camoin-paul\/","title":{"rendered":"CAMOIN Paul"},"content":{"rendered":"<div class=\"wp-block-image is-style-rounded\">\n<figure class=\"aligncenter size-full is-resized\"><img loading=\"lazy\" decoding=\"async\" width=\"1024\" height=\"768\" src=\"https:\/\/cyclepoitevin86.fr\/wp-content\/uploads\/2024\/10\/3.jpg\" alt=\"\" class=\"wp-image-6628\" style=\"width:391px;height:auto\" srcset=\"https:\/\/cyclepoitevin86.fr\/wp-content\/uploads\/2024\/10\/3.jpg 1024w, https:\/\/cyclepoitevin86.fr\/wp-content\/uploads\/2024\/10\/3-300x225.jpg 300w, https:\/\/cyclepoitevin86.fr\/wp-content\/uploads\/2024\/10\/3-768x576.jpg 768w\" sizes=\"auto, (max-width: 1024px) 100vw, 1024px\" \/><\/figure>\n<\/div>\n\n\n<p class=\"has-text-align-center has-vivid-green-cyan-color has-text-color has-link-color wp-elements-b1c86a553a43152620ffb51721c34f6c\" style=\"font-size:30px\"><strong>SAISON 2026<\/strong><\/p>\n\n\n\n<p style=\"font-size:22px\">Champion National de cyclo-cross ufolep des 17\/19 ans<\/p>\n\n\n\n<p style=\"font-size:22px\">3\u00e8me du cyclo- cross \u00e0 l&rsquo;Am\u00e9ricaine de Poitiers (86)<\/p>\n\n\n\n<p style=\"font-size:22px\">8\u00e8me du cyclo-cross de Vivonne (86)<\/p>\n\n\n\n<p style=\"font-size:22px\">8\u00e8me du cyclo-cross de Vouneuil sous Biard (86)<\/p>\n\n\n\n<p style=\"font-size:22px\">10\u00e8me du cyclo-cross de Chauvigny (86)<\/p>\n\n\n\n<p style=\"font-size:22px\">11\u00e8me du cyclo-cross de St Georges les Baillargeaux (86)<\/p>\n\n\n\n<p style=\"font-size:22px\">19\u00e8me du cyclo-cross de St Cyr &#8211; Beaumont (86)<\/p>\n\n\n\n<p style=\"font-size:22px\">19\u00e8me du cyclo-cross de St Cyr &#8211; Beaumont (86)<\/p>\n\n\n\n<p class=\"has-text-align-center\" style=\"font-size:30px\"><strong><mark style=\"background-color:rgba(0, 0, 0, 0)\" class=\"has-inline-color has-vivid-green-cyan-color\">SAISON 2025<\/mark><\/strong><\/p>\n\n\n\n<p style=\"font-size:22px\">Champion D\u00e9partemental de cyclo-cross U19 <\/p>\n\n\n\n<p style=\"font-size:22px\">1er du cyclo-cross de Availles Limouzine (86)<\/p>\n\n\n\n<p style=\"font-size:22px\">1er du cyclo-cross de Vivonne (86)<\/p>\n\n\n\n<p style=\"font-size:22px\">1er de la Nocturne de St Georges les Baillargeaux (86)<\/p>\n\n\n\n<p style=\"font-size:22px\">1er du cyclo-cross de St Georges les Baillargeaux (86) <\/p>\n\n\n\n<p style=\"font-size:22px\">1er du cyclo-cross de Ch\u00e2tellerault (86)<\/p>\n\n\n\n<p style=\"font-size:22px\">2\u00e8me du cyclo-cross de Saulg\u00e9 (86)<\/p>\n\n\n\n<p style=\"font-size:22px\">2\u00e8me du cyclo-cross de Chauvigny (86) <\/p>\n\n\n\n<p style=\"font-size:22px\">3\u00e8me du cyclo-cross de Naintr\u00e9 (86)<\/p>\n\n\n\n<p style=\"font-size:22px\">3\u00e8me du cyclo-cross de Ch\u00e2tellerault (86) <\/p>\n\n\n\n<p style=\"font-size:22px\">4\u00e8me du cyclo-cross de Buxerolles (86)<\/p>\n\n\n\n<p style=\"font-size:22px\">4\u00e8me du cyclo-cross de Ligug\u00e9 (86) <\/p>\n\n\n\n<p style=\"font-size:22px\">5\u00e8me du cyclo-cross de Vouill\u00e9 (86) <\/p>\n\n\n\n<p style=\"font-size:22px\">6\u00e8me du cyclo-cross \u00e0 l&rsquo;Am\u00e9ricaine de Poitiers (86)<\/p>\n\n\n\n<p class=\"has-text-align-center\" style=\"font-size:30px\"><strong><mark style=\"background-color:rgba(0, 0, 0, 0)\" class=\"has-inline-color has-vivid-green-cyan-color\">SAISON 2024<\/mark><\/strong><\/p>\n\n\n\n<p style=\"font-size:22px\">2\u00e8me VTT XCO semi urbain \u00e0 Vivonne (86)<\/p>\n\n\n\n<p><\/p>\n\n\n\n<p style=\"font-size:22px\">1er du cyclo-cross de Vivonne (86)<\/p>\n\n\n\n<p style=\"font-size:22px\">1er du cyclo-cross \u00e0 l&rsquo;Am\u00e9ricaine de Poitiers (86) <\/p>\n\n\n\n<p style=\"font-size:22px\">2\u00e8me du cyclo-cross de St Georges les Baillargeaux (86)<\/p>\n\n\n\n<p style=\"font-size:22px\">3\u00e8me du Championnat D\u00e9partemental de cyclo-cross <\/p>\n\n\n\n<p style=\"font-size:22px\">3\u00e8me du cyclo-cross de Chauvigny (86) <\/p>\n\n\n\n<p style=\"font-size:22px\">3\u00e8me du cyclo-cross de Vouneuil sous Biard (86)<\/p>\n\n\n\n<p style=\"font-size:22px\">4\u00e8me du cyclo-cross de Availles Limouzine (86) <\/p>\n\n\n\n<p style=\"font-size:22px\">4\u00e8me du cyclo-cross de Ch\u00e2tellerault 1 (86)<\/p>\n\n\n\n<p style=\"font-size:22px\">4\u00e8me du cyclo-cross de Ch\u00e2tellerault 2 (86)<\/p>\n\n\n\n<p style=\"font-size:22px\">7\u00e8me du cyclo-cross de Valvert (86)<\/p>\n\n\n\n<p style=\"font-size:22px\">8\u00e8me du cyclo-cross de Naintr\u00e9 (86) <\/p>\n\n\n\n<p style=\"font-size:22px\">9\u00e8me du cyclo-cross de Gond Pontouvre (16) <\/p>\n\n\n\n<p style=\"font-size:22px\">11\u00e8me du cyclo-cross de Vouill\u00e9 (86)<\/p>\n\n\n\n<p class=\"has-text-align-center\" style=\"font-size:26px\"><strong><em><mark style=\"background-color:rgba(0, 0, 0, 0)\" class=\"has-inline-color has-vivid-red-color\">SAISON 2023<\/mark><\/em><\/strong><\/p>\n\n\n\n<p class=\"has-vivid-green-cyan-color has-text-color\" style=\"font-size:22px\">2\u00e8me du cyclo-cross de Availles Limouzine (86) <\/p>\n\n\n\n<p class=\"has-vivid-green-cyan-color has-text-color\" style=\"font-size:22px\">2\u00e8me du cyclo-cross de Vivonne (86)  <\/p>\n\n\n\n<p class=\"has-vivid-green-cyan-color has-text-color\" style=\"font-size:22px\">2\u00e8me du cyclo-cross de Poitiers (86) <\/p>\n\n\n\n<p class=\"has-vivid-green-cyan-color has-text-color\" style=\"font-size:22px\">2\u00e8me du cyclo-cross \u00e0 l&rsquo;Am\u00e9ricaine de Poitiers (86) <\/p>\n\n\n\n<p class=\"has-vivid-green-cyan-color has-text-color\" style=\"font-size:22px\">3\u00e8me du cyclo-cross de Vouneuil sous Biard (86) <\/p>\n\n\n\n<p class=\"has-vivid-green-cyan-color has-text-color\" style=\"font-size:22px\">4\u00e8me du cyclo-cross de St Fraigne (16) <\/p>\n\n\n\n<p class=\"has-vivid-green-cyan-color has-text-color\" style=\"font-size:22px\">4\u00e8me du cyclo-cross de Brion pr\u00e8s Thouet (79)<\/p>\n\n\n\n<p class=\"has-vivid-green-cyan-color has-text-color\" style=\"font-size:22px\">5\u00e8me du cyclo-cross de Chef Boutonne (79) <\/p>\n\n\n\n<p class=\"has-vivid-green-cyan-color has-text-color\" style=\"font-size:22px\">6\u00e8me du cyclo-cross de Naintr\u00e9 (86) <\/p>\n\n\n\n<p class=\"has-vivid-green-cyan-color has-text-color\" style=\"font-size:22px\">6\u00e8me du cyclo-cross de Buxerolles (86) <\/p>\n\n\n\n<p class=\"has-vivid-green-cyan-color has-text-color\" style=\"font-size:22px\">6\u00e8me du cyclo-cross de Ch\u00e2tellerault (86) <\/p>\n\n\n\n<p class=\"has-vivid-green-cyan-color has-text-color\" style=\"font-size:22px\">6\u00e8me du cyclo-cross du CREPS de Poitiers (86)<\/p>\n\n\n\n<p class=\"has-vivid-green-cyan-color has-text-color\" style=\"font-size:22px\">11\u00e8me du cyclo-cross de Vouill\u00e9 (86) <\/p>\n\n\n\n<p class=\"has-vivid-green-cyan-color has-text-color\" style=\"font-size:22px\">19\u00e8me du cyclo-cross de Monnaie (37)<\/p>\n\n\n\n<p class=\"has-text-align-center\" style=\"font-size:26px\"><strong><em><mark style=\"background-color:rgba(0, 0, 0, 0)\" class=\"has-inline-color has-vivid-red-color\">SAISON 2022<\/mark><\/em><\/strong><\/p>\n\n\n\n<p style=\"font-size:24px\">16\u00e8me de Chaunay (86) <\/p>\n\n\n\n<p style=\"font-size:24px\">22\u00e8me de Alloue (16) <\/p>\n\n\n\n<p style=\"font-size:24px\">28\u00e8me de La Chapelle Bertrand (79) <\/p>\n\n\n\n<p style=\"font-size:24px\">30\u00e8me&nbsp;de Marigny Brizay (86)<\/p>\n\n\n\n<p style=\"font-size:24px\"><\/p>\n\n\n\n<p class=\"has-vivid-green-cyan-color has-text-color\" style=\"font-size:24px\">4<sup>\u00e8me<\/sup>&nbsp;du cyclo-cross \u00e0 l\u2019am\u00e9ricaine de Poitiers (86)<\/p>\n\n\n\n<p class=\"has-vivid-green-cyan-color has-text-color\" style=\"font-size:24px\">5<sup>\u00e8me<\/sup>&nbsp;du Championnat D\u00e9partemental de la Vienne de cyclo-cross<\/p>\n\n\n\n<p class=\"has-vivid-green-cyan-color has-text-color\" style=\"font-size:24px\">6<sup>\u00e8me<\/sup>&nbsp;du cyclo-cross de Vouneuil sous Biard (86)<\/p>\n\n\n\n<p class=\"has-vivid-green-cyan-color has-text-color\" style=\"font-size:24px\">7<sup>\u00e8me<\/sup>&nbsp;du cyclo-cross de Chauvigny (86)<\/p>\n\n\n\n<p class=\"has-vivid-green-cyan-color has-text-color\" style=\"font-size:24px\">8\u00e8me du cyclo-cross du CREPS de Poitiers (86)&nbsp;<\/p>\n\n\n\n<p class=\"has-vivid-green-cyan-color has-text-color\" style=\"font-size:24px\">10<sup>\u00e8me<\/sup>&nbsp;du cyclo-cross de Naintr\u00e9 (86)<\/p>\n\n\n\n<p class=\"has-vivid-green-cyan-color has-text-color\" style=\"font-size:24px\">10<sup>\u00e8me<\/sup>&nbsp;du cyclo-cross de Poitiers (86)<\/p>\n\n\n\n<p class=\"has-vivid-green-cyan-color has-text-color\" style=\"font-size:24px\">14<sup>\u00e8me<\/sup>&nbsp;du cyclo-cross de Vouill\u00e9 (86)<\/p>\n\n\n\n<p class=\"has-vivid-green-cyan-color has-text-color\" style=\"font-size:24px\">19<sup>\u00e8me<\/sup>&nbsp;du cyclo-cross de Buxerolles (86)<\/p>\n","protected":false},"excerpt":{"rendered":"<p>SAISON 2026 Champion National de cyclo-cross ufolep des 17\/19 ans 3\u00e8me du cyclo- cross \u00e0 l&rsquo;Am\u00e9ricaine de Poitiers (86) 8\u00e8me du cyclo-cross de Vivonne (86) 8\u00e8me du cyclo-cross de Vouneuil sous Biard (86) 10\u00e8me du cyclo-cross de Chauvigny (86) 11\u00e8me du cyclo-cross de St Georges les Baillargeaux (86) 19\u00e8me du cyclo-cross de St Cyr &#8211; [&hellip;]<\/p>\n","protected":false},"author":1,"featured_media":0,"parent":0,"menu_order":0,"comment_status":"closed","ping_status":"closed","template":"","meta":{"footnotes":""},"class_list":["post-404","page","type-page","status-publish","hentry"],"_links":{"self":[{"href":"https:\/\/cyclepoitevin86.fr\/index.php\/wp-json\/wp\/v2\/pages\/404","targetHints":{"allow":["GET"]}}],"collection":[{"href":"https:\/\/cyclepoitevin86.fr\/index.php\/wp-json\/wp\/v2\/pages"}],"about":[{"href":"https:\/\/cyclepoitevin86.fr\/index.php\/wp-json\/wp\/v2\/types\/page"}],"author":[{"embeddable":true,"href":"https:\/\/cyclepoitevin86.fr\/index.php\/wp-json\/wp\/v2\/users\/1"}],"replies":[{"embeddable":true,"href":"https:\/\/cyclepoitevin86.fr\/index.php\/wp-json\/wp\/v2\/comments?post=404"}],"version-history":[{"count":49,"href":"https:\/\/cyclepoitevin86.fr\/index.php\/wp-json\/wp\/v2\/pages\/404\/revisions"}],"predecessor-version":[{"id":9761,"href":"https:\/\/cyclepoitevin86.fr\/index.php\/wp-json\/wp\/v2\/pages\/404\/revisions\/9761"}],"wp:attachment":[{"href":"https:\/\/cyclepoitevin86.fr\/index.php\/wp-json\/wp\/v2\/media?parent=404"}],"curies":[{"name":"wp","href":"https:\/\/api.w.org\/{rel}","templated":true}]}}