{"id":373,"date":"2022-05-18T15:36:39","date_gmt":"2022-05-18T13:36:39","guid":{"rendered":"http:\/\/cyclepoitevin86.fr\/?page_id=373"},"modified":"2024-02-20T20:11:56","modified_gmt":"2024-02-20T19:11:56","slug":"legros-emmanuel","status":"publish","type":"page","link":"https:\/\/cyclepoitevin86.fr\/index.php\/legros-emmanuel\/","title":{"rendered":"LEGROS Emmanuel"},"content":{"rendered":"<div class=\"wp-block-image\">\n<figure class=\"aligncenter size-large is-resized\"><img loading=\"lazy\" decoding=\"async\" width=\"683\" height=\"1024\" src=\"https:\/\/cyclepoitevin86.fr\/wp-content\/uploads\/2024\/02\/428612705_987598332703144_6905217545072968413_n-683x1024.jpg\" alt=\"\" class=\"wp-image-4805\" style=\"width:316px;height:auto\" srcset=\"https:\/\/cyclepoitevin86.fr\/wp-content\/uploads\/2024\/02\/428612705_987598332703144_6905217545072968413_n-683x1024.jpg 683w, https:\/\/cyclepoitevin86.fr\/wp-content\/uploads\/2024\/02\/428612705_987598332703144_6905217545072968413_n-200x300.jpg 200w, https:\/\/cyclepoitevin86.fr\/wp-content\/uploads\/2024\/02\/428612705_987598332703144_6905217545072968413_n-768x1152.jpg 768w, https:\/\/cyclepoitevin86.fr\/wp-content\/uploads\/2024\/02\/428612705_987598332703144_6905217545072968413_n-1024x1536.jpg 1024w, https:\/\/cyclepoitevin86.fr\/wp-content\/uploads\/2024\/02\/428612705_987598332703144_6905217545072968413_n.jpg 1365w\" sizes=\"auto, (max-width: 683px) 100vw, 683px\" \/><\/figure>\n<\/div>\n\n\n<p class=\"has-text-align-center\" style=\"font-size:26px\"><strong><em><mark style=\"background-color:rgba(0, 0, 0, 0)\" class=\"has-inline-color has-vivid-green-cyan-color\">SAISON 2023 :<\/mark><\/em><\/strong><\/p>\n\n\n\n<p style=\"font-size:24px\">28\u00e8me de Bl\u00e9r\u00e9 (37)<\/p>\n\n\n\n<p class=\"has-text-align-center\" style=\"font-size:26px\"><strong><em><mark style=\"background-color:rgba(0, 0, 0, 0)\" class=\"has-inline-color has-vivid-green-cyan-color\">SAISON 2022 :<\/mark><\/em><\/strong><\/p>\n\n\n\n<p style=\"font-size:24px\">12\u00e8me de Chaunay (86)<\/p>\n","protected":false},"excerpt":{"rendered":"<p>SAISON 2023 : 28\u00e8me de Bl\u00e9r\u00e9 (37) SAISON 2022 : 12\u00e8me de Chaunay (86)<\/p>\n","protected":false},"author":1,"featured_media":0,"parent":0,"menu_order":0,"comment_status":"closed","ping_status":"closed","template":"","meta":{"footnotes":""},"class_list":["post-373","page","type-page","status-publish","hentry"],"_links":{"self":[{"href":"https:\/\/cyclepoitevin86.fr\/index.php\/wp-json\/wp\/v2\/pages\/373","targetHints":{"allow":["GET"]}}],"collection":[{"href":"https:\/\/cyclepoitevin86.fr\/index.php\/wp-json\/wp\/v2\/pages"}],"about":[{"href":"https:\/\/cyclepoitevin86.fr\/index.php\/wp-json\/wp\/v2\/types\/page"}],"author":[{"embeddable":true,"href":"https:\/\/cyclepoitevin86.fr\/index.php\/wp-json\/wp\/v2\/users\/1"}],"replies":[{"embeddable":true,"href":"https:\/\/cyclepoitevin86.fr\/index.php\/wp-json\/wp\/v2\/comments?post=373"}],"version-history":[{"count":5,"href":"https:\/\/cyclepoitevin86.fr\/index.php\/wp-json\/wp\/v2\/pages\/373\/revisions"}],"predecessor-version":[{"id":4806,"href":"https:\/\/cyclepoitevin86.fr\/index.php\/wp-json\/wp\/v2\/pages\/373\/revisions\/4806"}],"wp:attachment":[{"href":"https:\/\/cyclepoitevin86.fr\/index.php\/wp-json\/wp\/v2\/media?parent=373"}],"curies":[{"name":"wp","href":"https:\/\/api.w.org\/{rel}","templated":true}]}}