{"id":347,"date":"2022-05-18T15:32:37","date_gmt":"2022-05-18T13:32:37","guid":{"rendered":"http:\/\/cyclepoitevin86.fr\/?page_id=347"},"modified":"2025-12-06T17:28:25","modified_gmt":"2025-12-06T16:28:25","slug":"hay-bastien","status":"publish","type":"page","link":"https:\/\/cyclepoitevin86.fr\/index.php\/hay-bastien\/","title":{"rendered":"HAY Bastien"},"content":{"rendered":"<div class=\"wp-block-image is-style-rounded\">\n<figure class=\"aligncenter size-large is-resized\"><img loading=\"lazy\" decoding=\"async\" width=\"683\" height=\"1024\" src=\"https:\/\/cyclepoitevin86.fr\/wp-content\/uploads\/2024\/02\/428619782_987597742703203_9082493760619580233_n-683x1024.jpg\" alt=\"\" class=\"wp-image-4797\" style=\"width:337px;height:auto\" srcset=\"https:\/\/cyclepoitevin86.fr\/wp-content\/uploads\/2024\/02\/428619782_987597742703203_9082493760619580233_n-683x1024.jpg 683w, https:\/\/cyclepoitevin86.fr\/wp-content\/uploads\/2024\/02\/428619782_987597742703203_9082493760619580233_n-200x300.jpg 200w, https:\/\/cyclepoitevin86.fr\/wp-content\/uploads\/2024\/02\/428619782_987597742703203_9082493760619580233_n-768x1152.jpg 768w, https:\/\/cyclepoitevin86.fr\/wp-content\/uploads\/2024\/02\/428619782_987597742703203_9082493760619580233_n-1024x1536.jpg 1024w, https:\/\/cyclepoitevin86.fr\/wp-content\/uploads\/2024\/02\/428619782_987597742703203_9082493760619580233_n.jpg 1365w\" sizes=\"auto, (max-width: 683px) 100vw, 683px\" \/><\/figure>\n<\/div>\n\n\n<p class=\"has-text-align-center\" style=\"font-size:30px\"><strong><mark style=\"background-color:rgba(0, 0, 0, 0)\" class=\"has-inline-color has-vivid-green-cyan-color\">SAISON 2026:<\/mark><\/strong><\/p>\n\n\n\n<p style=\"font-size:22px\">1er du cyclo-cross de St Cyr &#8211; Beaumont (86)<\/p>\n\n\n\n<p style=\"font-size:22px\">1er du cyclo-cross Nocturne de St Georges les Baillargeaux (86) <\/p>\n\n\n\n<p style=\"font-size:22px\">Vice champion D\u00e9partemental Open de cyclo-cross<\/p>\n\n\n\n<p style=\"font-size:22px\">Vice Vhampion de France de cyclo-cross des Masters 1<\/p>\n\n\n\n<p style=\"font-size:22px\">2\u00e8me du cyclo-cross de Buxerolles (86)<\/p>\n\n\n\n<p style=\"font-size:22px\">2\u00e8me du cyclo-cross de St Georges les Baillargeaux (86)  <\/p>\n\n\n\n<p style=\"font-size:22px\">2\u00e8me du cyclo-cross de Ch\u00e2tellerault du dimanche (86) <\/p>\n\n\n\n<p style=\"font-size:22px\">2\u00e8me du cyclo-cross de Poitiers (86) <\/p>\n\n\n\n<p style=\"font-size:22px\">3\u00e8me du cyclo-cross de St Angeau (16)<\/p>\n\n\n\n<p style=\"font-size:22px\">3\u00e8me du cyclo-cross de Vouneuil sous Biard (86)<\/p>\n\n\n\n<p style=\"font-size:22px\">4\u00e8me du cyclo-cross de Vouill\u00e9 (86)<\/p>\n\n\n\n<p style=\"font-size:22px\">5\u00e8me du cyclo-cross de Saulg\u00e9 (86) <\/p>\n\n\n\n<p style=\"font-size:22px\">5\u00e8me du cyclo-cross d&rsquo;Availles Limouzine (86) <\/p>\n\n\n\n<p style=\"font-size:22px\">5\u00e8me du cyclo-cross de Oradour sur Vayres (87) <\/p>\n\n\n\n<p style=\"font-size:22px\">9\u00e8me de la manche de Coupe de France Masters \u00e0 Quelneuc (56)<\/p>\n\n\n\n<p class=\"has-text-align-center\" style=\"font-size:30px\"><strong><mark style=\"background-color:rgba(0, 0, 0, 0)\" class=\"has-inline-color has-vivid-green-cyan-color\">SAISON 2025<\/mark><\/strong><\/p>\n\n\n\n<p style=\"font-size:22px\">19\u00e8me du Chrono Ch\u00e2telleraudais (86)  <\/p>\n\n\n\n<p style=\"font-size:22px\">26\u00e8me de la Nocturne du Sanital (86)<\/p>\n\n\n\n<p><\/p>\n\n\n\n<p style=\"font-size:22px\">Champion D\u00e9partemental de cyclo-cross Open<\/p>\n\n\n\n<p style=\"font-size:22px\">Vice Champion de France de cyclo-cross Masters<\/p>\n\n\n\n<p style=\"font-size:22px\">3<sup>\u00e8me<\/sup> du cyclo-cross de Naintr\u00e9 (86)<\/p>\n\n\n\n<p style=\"font-size:22px\">3<sup>\u00e8me<\/sup> de la Nocturne de St Georges les Baillargeaux (86)<\/p>\n\n\n\n<p style=\"font-size:22px\">3<sup>\u00e8me<\/sup> du cyclo-cross de Ch\u00e2tellerault (86)<\/p>\n\n\n\n<p style=\"font-size:22px\">3<sup>\u00e8me<\/sup> du cyclo-cross de Poitiers (86)<\/p>\n\n\n\n<p style=\"font-size:22px\">4<sup>\u00e8me<\/sup> du cyclo-cross de Saulg\u00e9 (86)<\/p>\n\n\n\n<p style=\"font-size:22px\">4<sup>\u00e8me<\/sup> du cyclo-cross de Vouill\u00e9 (86)<\/p>\n\n\n\n<p style=\"font-size:22px\">4<sup>\u00e8me<\/sup> du cyclo-cross de Buxerolles (86)<\/p>\n\n\n\n<p style=\"font-size:22px\">4\u00e8me du Championnat R\u00e9gional de cyclo-cross Elite<\/p>\n\n\n\n<p style=\"font-size:22px\">5<sup>\u00e8me<\/sup> du cyclo-cross de Ch\u00e2tellerault (86)<\/p>\n\n\n\n<p style=\"font-size:22px\">5\u00e8me du cyclo-cross de Bonnac la C\u00f4te (87) <\/p>\n\n\n\n<p style=\"font-size:22px\">9\u00e8me du cyclo-cross de Aiffres (79)<\/p>\n\n\n\n<p style=\"font-size:22px\">12<sup>\u00e8me<\/sup> du cyclo-cross de St Angeau (16)<\/p>\n\n\n\n<p class=\"has-text-align-center\" style=\"font-size:30px\"><strong><mark style=\"background-color:rgba(0, 0, 0, 0)\" class=\"has-inline-color has-vivid-green-cyan-color\">SAISON 2024<\/mark><\/strong><\/p>\n\n\n\n<p style=\"font-size:22px\">24\u00e8me de la Nocturne de Chauvigny (86) .<\/p>\n\n\n\n<p style=\"font-size:22px\">32\u00e8me de la Nocturne de Buxerolles (86)<\/p>\n\n\n\n<p><\/p>\n\n\n\n<p style=\"font-size:22px\">Champion D\u00e9partemental de cyclo-cross<\/p>\n\n\n\n<p style=\"font-size:22px\">1er de la 2\u00e8me Manche de la Coupe de France de cyclo-cross \u00e0 Albi des Masters 1<\/p>\n\n\n\n<p style=\"font-size:22px\">1er du cyclo-cross de Naintr\u00e9 (86) <\/p>\n\n\n\n<p style=\"font-size:22px\">1er du cyclo-cross de Chauvigny (86) <\/p>\n\n\n\n<p style=\"font-size:22px\">1er du cyclo-cross de St Georges les Baillargeaux (86) <\/p>\n\n\n\n<p style=\"font-size:22px\">Vice Champion R\u00e9gional Masters de cyclo-cross<\/p>\n\n\n\n<p style=\"font-size:22px\">2\u00e8me du cyclo-cross de Saulg\u00e9 (86) <\/p>\n\n\n\n<p style=\"font-size:22px\">2\u00e8me du cyclo-cross de St Pierre \u00e0 Champs (79) <\/p>\n\n\n\n<p style=\"font-size:22px\">2\u00e8me du cyclo-cross de Ch\u00e2tellerault 1 (86) <\/p>\n\n\n\n<p style=\"font-size:22px\">2\u00e8me du cyclo-cross de Ch\u00e2tellerault 2 (86) <\/p>\n\n\n\n<p style=\"font-size:22px\">3\u00e8me du Championnat de France de cyclo-cross des Masters 1<\/p>\n\n\n\n<p style=\"font-size:22px\">3\u00e8me du cyclo-cross de Vouill\u00e9 (86)<\/p>\n\n\n\n<p style=\"font-size:22px\">4\u00e8me de la Coupe de France de cyclo-cross des Masters 1<\/p>\n\n\n\n<p style=\"font-size:22px\">3\u00e8me du cyclo-cross de Valvert (86) <\/p>\n\n\n\n<p style=\"font-size:22px\">3\u00e8me du cyclo-cross de Vouneuil sous Biard (86)<\/p>\n\n\n\n<p style=\"font-size:22px\">4\u00e8me du cyclo-cross de Ch\u00e2teauroux (36) <\/p>\n\n\n\n<p style=\"font-size:22px\">4\u00e8me du cyclo-cross de Vivonne (86) <\/p>\n\n\n\n<p style=\"font-size:22px\">4\u00e8me du cyclo-cross de St Angeau (16) <\/p>\n\n\n\n<p style=\"font-size:22px\">6\u00e8me du cyclo-cross de St Jean St Germain (37) <\/p>\n\n\n\n<p style=\"font-size:22px\">6\u00e8me de la 1\u00e8re Manche de la Coupe de France de cyclo-cross \u00e0 Quelneuc des Masters 1  <\/p>\n\n\n\n<p style=\"font-size:22px\">6\u00e8me du cyclo-cross de Brion pr\u00e8s Thouet (79) <\/p>\n\n\n\n<p style=\"font-size:22px\">12\u00e8me du Championnat R\u00e9gional Nouvelle Aquitaine de cyclo-cross \u00e0 St Angeau (16)<\/p>\n\n\n\n<p style=\"font-size:22px\">37\u00e8me de la 3\u00e8me Manche de la Coupe de France de cyclo-cross \u00e0 Flamanville des Masters 1 <\/p>\n\n\n\n<p class=\"has-text-align-center\" style=\"font-size:30px\"><strong><mark style=\"background-color:rgba(0, 0, 0, 0)\" class=\"has-inline-color has-vivid-green-cyan-color\">SAISON 2023<\/mark><\/strong><\/p>\n\n\n\n<p class=\"has-luminous-vivid-orange-color has-text-color\" style=\"font-size:22px\">2\u00e8me du VTT de Ballan Mir\u00e9 (37)<\/p>\n\n\n\n<p><\/p>\n\n\n\n<p style=\"font-size:22px\">Champion D\u00e9partemental de cyclo-cross Seniors <\/p>\n\n\n\n<p style=\"font-size:22px\">Vice Champion de France de cyclo-cross des Masters 1<\/p>\n\n\n\n<p style=\"font-size:22px\">2\u00e8me du cyclo-cross de Champs St Pierre (79) <\/p>\n\n\n\n<p style=\"font-size:22px\">2\u00e8me du cyclo-cross de Poitiers (86) <\/p>\n\n\n\n<p style=\"font-size:22px\">3\u00e8me du cyclo-cross de Flavignac (87)  <\/p>\n\n\n\n<p style=\"font-size:22px\">3\u00e8me du cyclo-cross de Vivonne (86)  <\/p>\n\n\n\n<p style=\"font-size:22px\">3\u00e8me du cyclo-cross de Availles Limouzine (86)<\/p>\n\n\n\n<p style=\"font-size:22px\">3\u00e8me du cyclo-cross de Chef Boutonne (79)  <\/p>\n\n\n\n<p style=\"font-size:22px\">3\u00e8me du cyclo-cross de St Angeau (16) <\/p>\n\n\n\n<p style=\"font-size:22px\">3\u00e8me du cyclo-cross \u00e0 l&rsquo;Am\u00e9ricaine de Poitiers (86)<\/p>\n\n\n\n<p style=\"font-size:22px\">3\u00e8me du cyclo-cross de St Georges les Baillargeaux (86) <\/p>\n\n\n\n<p style=\"font-size:22px\">3\u00e8me du cyclo-cross de Brion pr\u00e8s Thouet (79) <\/p>\n\n\n\n<p style=\"font-size:22px\">4\u00e8me du cyclo-cross de Buxerolles (86) <\/p>\n\n\n\n<p style=\"font-size:22px\">5\u00e8me du Championnat R\u00e9gional de cyclo-cross en Elite<\/p>\n\n\n\n<p style=\"font-size:22px\">6\u00e8me du cyclo-cross de Naintr\u00e9 (86) <\/p>\n\n\n\n<p style=\"font-size:22px\">6\u00e8me de la 3\u00e8me Manche de Coupe de France des Masters \u00e0 Troyes (10)<\/p>\n\n\n\n<p style=\"font-size:22px\">11\u00e8me du cyclo-cross de Vouill\u00e9 (86) <\/p>\n\n\n\n<p style=\"font-size:22px\">40\u00e8me de la 4\u00e8me Manche de Coupe de France \u00e0 Camors (56)<\/p>\n\n\n\n<p style=\"font-size:22px\">50\u00e8me de la 6\u00e8me Manche de Coupe de France \u00e0 troyes (10)<\/p>\n\n\n\n<p style=\"font-size:22px\">92\u00e8me de la 3\u00e8me Manche de Coupe de France \u00e0 Camors (56)<\/p>\n\n\n\n<p class=\"has-text-align-center has-vivid-red-color has-text-color\" style=\"font-size:30px\"><strong>SAISON <em><mark style=\"background-color:rgba(0, 0, 0, 0)\" class=\"has-inline-color has-vivid-red-color\">2022<\/mark><\/em><\/strong><\/p>\n\n\n\n<p class=\"has-vivid-green-cyan-color has-text-color\" style=\"font-size:22px\">Champion D\u00e9partemental de la Vienne de cyclo-cross en seniors<\/p>\n\n\n\n<p class=\"has-vivid-green-cyan-color has-text-color\" style=\"font-size:22px\">1<sup>er<\/sup>&nbsp;du cyclo-cross \u00e0 l\u2019am\u00e9ricaine de Poitiers (86)<\/p>\n\n\n\n<p class=\"has-vivid-green-cyan-color has-text-color\" style=\"font-size:22px\">2\u00e8me du Championnat R\u00e9gional Nouvelle Aquitaine de cyclo-cross en seniors<\/p>\n\n\n\n<p class=\"has-vivid-green-cyan-color has-text-color\" style=\"font-size:22px\">4<sup>\u00e8me<\/sup>&nbsp;du cyclo-cross de Thouars (79)<\/p>\n\n\n\n<p class=\"has-vivid-green-cyan-color has-text-color\" style=\"font-size:22px\">4<sup>\u00e8me<\/sup>&nbsp;du cyclo-cross de Poitiers (86)<\/p>\n\n\n\n<p class=\"has-vivid-green-cyan-color has-text-color\" style=\"font-size:22px\">6<sup>\u00e8me<\/sup>&nbsp;du cyclo-cross de Chauvigny (86)<\/p>\n\n\n\n<p class=\"has-vivid-green-cyan-color has-text-color\" style=\"font-size:22px\">6<sup>\u00e8me<\/sup>&nbsp;du cyclo-cross de Buxerolles (86)<\/p>\n\n\n\n<p class=\"has-vivid-green-cyan-color has-text-color\" style=\"font-size:22px\">6<sup>\u00e8me<\/sup>&nbsp;du cyclo-cross de Vouneuil sous Biard (86)<\/p>\n\n\n\n<p class=\"has-vivid-green-cyan-color has-text-color\" style=\"font-size:22px\">6\u00e8me du cyclo-cross de Aiffres (79)<\/p>\n\n\n\n<p class=\"has-vivid-green-cyan-color has-text-color\" style=\"font-size:22px\">7<sup>\u00e8me<\/sup>&nbsp;du cyclo-cross de Ch\u00e2tellerault (86)<\/p>\n\n\n\n<p class=\"has-vivid-green-cyan-color has-text-color\" style=\"font-size:22px\">7\u00e8me du cyclo-cross de Apremont (85)<\/p>\n\n\n\n<p class=\"has-vivid-green-cyan-color has-text-color\" style=\"font-size:22px\">9<sup>\u00e8me<\/sup>&nbsp;du cyclo-cross de Vouill\u00e9 (86)<\/p>\n","protected":false},"excerpt":{"rendered":"<p>SAISON 2026: 1er du cyclo-cross de St Cyr &#8211; Beaumont (86) 1er du cyclo-cross Nocturne de St Georges les Baillargeaux (86) Vice champion D\u00e9partemental Open de cyclo-cross Vice Vhampion de France de cyclo-cross des Masters 1 2\u00e8me du cyclo-cross de Buxerolles (86) 2\u00e8me du cyclo-cross de St Georges les Baillargeaux (86) 2\u00e8me du cyclo-cross de [&hellip;]<\/p>\n","protected":false},"author":1,"featured_media":0,"parent":0,"menu_order":0,"comment_status":"closed","ping_status":"closed","template":"","meta":{"footnotes":""},"class_list":["post-347","page","type-page","status-publish","hentry"],"_links":{"self":[{"href":"https:\/\/cyclepoitevin86.fr\/index.php\/wp-json\/wp\/v2\/pages\/347","targetHints":{"allow":["GET"]}}],"collection":[{"href":"https:\/\/cyclepoitevin86.fr\/index.php\/wp-json\/wp\/v2\/pages"}],"about":[{"href":"https:\/\/cyclepoitevin86.fr\/index.php\/wp-json\/wp\/v2\/types\/page"}],"author":[{"embeddable":true,"href":"https:\/\/cyclepoitevin86.fr\/index.php\/wp-json\/wp\/v2\/users\/1"}],"replies":[{"embeddable":true,"href":"https:\/\/cyclepoitevin86.fr\/index.php\/wp-json\/wp\/v2\/comments?post=347"}],"version-history":[{"count":66,"href":"https:\/\/cyclepoitevin86.fr\/index.php\/wp-json\/wp\/v2\/pages\/347\/revisions"}],"predecessor-version":[{"id":9480,"href":"https:\/\/cyclepoitevin86.fr\/index.php\/wp-json\/wp\/v2\/pages\/347\/revisions\/9480"}],"wp:attachment":[{"href":"https:\/\/cyclepoitevin86.fr\/index.php\/wp-json\/wp\/v2\/media?parent=347"}],"curies":[{"name":"wp","href":"https:\/\/api.w.org\/{rel}","templated":true}]}}