{"id":329,"date":"2022-05-18T15:29:32","date_gmt":"2022-05-18T13:29:32","guid":{"rendered":"http:\/\/cyclepoitevin86.fr\/?page_id=329"},"modified":"2025-04-27T20:18:21","modified_gmt":"2025-04-27T18:18:21","slug":"cardineau-frederic","status":"publish","type":"page","link":"https:\/\/cyclepoitevin86.fr\/index.php\/cardineau-frederic\/","title":{"rendered":"CARDINEAU Fr\u00e9d\u00e9ric"},"content":{"rendered":"<div class=\"wp-block-image\">\n<figure class=\"aligncenter size-full\"><img loading=\"lazy\" decoding=\"async\" width=\"240\" height=\"320\" src=\"https:\/\/cyclepoitevin86.fr\/wp-content\/uploads\/2024\/02\/FILE_20240211184221.jpg\" alt=\"\" class=\"wp-image-4698\" srcset=\"https:\/\/cyclepoitevin86.fr\/wp-content\/uploads\/2024\/02\/FILE_20240211184221.jpg 240w, https:\/\/cyclepoitevin86.fr\/wp-content\/uploads\/2024\/02\/FILE_20240211184221-225x300.jpg 225w\" sizes=\"auto, (max-width: 240px) 100vw, 240px\" \/><\/figure>\n<\/div>\n\n\n<p class=\"has-text-align-center\" style=\"font-size:28px\"><strong><em><mark style=\"background-color:rgba(0, 0, 0, 0)\" class=\"has-inline-color has-vivid-green-cyan-color\">SAISON 2025 :<\/mark><\/em><\/strong><\/p>\n\n\n\n<p style=\"font-size:22px\">16\u00e8me de Bressuire (79) <\/p>\n\n\n\n<p style=\"font-size:22px\">17\u00e8me de Pouant (86) <\/p>\n\n\n\n<p style=\"font-size:22px\">25\u00e8me de Mar\u00e7ay (86) <\/p>\n\n\n\n<p class=\"has-text-align-center has-vivid-green-cyan-color has-text-color has-link-color wp-elements-b520901cc0f971edb953fa99cf690ec4\" style=\"font-size:28px\"><strong><em>SAISON 2024 :<\/em><\/strong><\/p>\n\n\n\n<p style=\"font-size:22px\">Vice Champion D\u00e9partemental sur route des Open 3<\/p>\n\n\n\n<p style=\"font-size:22px\">4\u00e8me de Bressuire (79)<\/p>\n\n\n\n<p style=\"font-size:22px\">8\u00e8me de St Aubin la Plaine (85)<\/p>\n\n\n\n<p style=\"font-size:22px\">8\u00e8me de la Nocturne de Pons (17) <\/p>\n\n\n\n<p style=\"font-size:22px\">11\u00e8me de Confolens (16)<\/p>\n\n\n\n<p style=\"font-size:22px\">11\u00e8me de Vervant (17) <\/p>\n\n\n\n<p style=\"font-size:22px\">15\u00e8me de Charc\u00e9 Saint Ellier (49)<\/p>\n\n\n\n<p style=\"font-size:22px\">15\u00e8me de St Hilaire de Villefranche (17) <\/p>\n\n\n\n<p style=\"font-size:22px\">15\u00e8me de Chaunay (86) <\/p>\n\n\n\n<p style=\"font-size:22px\">20\u00e8me de Pierrefite (79)<\/p>\n\n\n\n<p style=\"font-size:22px\">21\u00e8me de Saint Philbert de Pontcharrault (85)<\/p>\n\n\n\n<p style=\"font-size:22px\">24\u00e8me de Lussac les Ch\u00e2teaux (86)<\/p>\n\n\n\n<p style=\"font-size:22px\">30\u00e8me de la Ronde Vouglaisienne (86)<\/p>\n\n\n\n<p style=\"font-size:22px\">33\u00e8me de Alloue (16) <\/p>\n\n\n\n<p style=\"font-size:22px\">38\u00e8me de Chemill\u00e9 (49)<\/p>\n\n\n\n<p style=\"font-size:22px\">39\u00e8me du Prix d&rsquo;Ouverture \u00e0 Ch\u00e2tellerault (86)<\/p>\n\n\n\n<p class=\"has-text-align-center\" style=\"font-size:28px\"><strong><em><mark style=\"background-color:rgba(0, 0, 0, 0)\" class=\"has-inline-color has-vivid-green-cyan-color\">SAISON 2023 :<\/mark><\/em><\/strong><\/p>\n\n\n\n<p style=\"font-size:24px\">4\u00e8me de Soulbrois (79) <\/p>\n\n\n\n<p style=\"font-size:24px\">4\u00e8me de St Varent (79) <\/p>\n\n\n\n<p style=\"font-size:24px\">5\u00e8me de Vihiers (49) <\/p>\n\n\n\n<p style=\"font-size:24px\">12\u00e8me de La Voide &#8211; Lys Haut Layon (49) <\/p>\n\n\n\n<p style=\"font-size:24px\">12\u00e8me de Alloue (16) <\/p>\n\n\n\n<p style=\"font-size:24px\">13\u00e8me de St Martin d&rsquo;Arry (17)<\/p>\n\n\n\n<p style=\"font-size:24px\">16\u00e8me de Vervant (17) <\/p>\n\n\n\n<p style=\"font-size:24px\">17\u00e8me de Gourg\u00e9 (79) <\/p>\n\n\n\n<p style=\"font-size:24px\">17\u00e8me de Bressuire (79)  <\/p>\n\n\n\n<p style=\"font-size:24px\">17\u00e8me de Pierrefite (79)<\/p>\n\n\n\n<p style=\"font-size:24px\">18\u00e8me de Vouh\u00e9 (79) <\/p>\n\n\n\n<p style=\"font-size:24px\">20\u00e8me de Lussac les Ch\u00e2teaux (86)<\/p>\n\n\n\n<p style=\"font-size:24px\">21\u00e8me de Douces (49) <\/p>\n\n\n\n<p style=\"font-size:24px\">21\u00e8me de la Ronde Vouglaisienne (86) <\/p>\n\n\n\n<p style=\"font-size:24px\">24\u00e8me de Rouillac (16) <\/p>\n\n\n\n<p style=\"font-size:24px\">40\u00e8me de Mornac sur Seudre (17)<\/p>\n\n\n\n<p style=\"font-size:24px\">50\u00e8me de Plassay (17) <\/p>\n\n\n\n<p class=\"has-text-align-center\" style=\"font-size:28px\"><strong><em><mark style=\"background-color:rgba(0, 0, 0, 0)\" class=\"has-inline-color has-vivid-green-cyan-color\">SAISON 2022 :<\/mark><\/em><\/strong><\/p>\n\n\n\n<p style=\"font-size:24px\">1er de la Ronde Vouglaisienne (86)&nbsp;<\/p>\n\n\n\n<p style=\"font-size:24px\">Vice Champion D\u00e9partemental des 2\u00e8me Cat\u00e9gories<\/p>\n\n\n\n<p style=\"font-size:24px\">4\u00e8me du Championnat de France CLM des Masters 3 (40-44 ans) \u00e0 Crocq (23)<\/p>\n\n\n\n<p style=\"font-size:24px\">6\u00e8me du Championnat de France des Masters 3 (40-44 ans) \u00e0 Crocq (23)<\/p>\n\n\n\n<p style=\"font-size:24px\">7\u00e8me des Boucles de l&rsquo;Arnoult (17)<\/p>\n\n\n\n<p style=\"font-size:24px\">8\u00e8me de Saintes (17) <\/p>\n\n\n\n<p style=\"font-size:24px\">8\u00e8me de Montlieu la Garde (17)<\/p>\n\n\n\n<p style=\"font-size:24px\">9\u00e8me de St Varent (79)<\/p>\n\n\n\n<p style=\"font-size:24px\">11\u00e8me de Aslonnes (86)<\/p>\n\n\n\n<p style=\"font-size:24px\">11\u00e8me de Alloue (16)<\/p>\n\n\n\n<p style=\"font-size:24px\">12\u00e8me de Barbezieux (16)<\/p>\n\n\n\n<p style=\"font-size:24px\">15\u00e8me de Rouillac (16)<\/p>\n\n\n\n<p style=\"font-size:24px\">16\u00e8me du Vigeant (86) <\/p>\n\n\n\n<p style=\"font-size:24px\">21\u00e8me de Chaunay (86)<\/p>\n\n\n\n<p style=\"font-size:24px\">28\u00e8me de la Nocturne de Buxerolles (86) <\/p>\n\n\n\n<p style=\"font-size:24px\">28\u00e8me du Championnat R\u00e9gional \u00e0 Saint Chamassay (24) <\/p>\n\n\n\n<p style=\"font-size:24px\">32\u00e8me de Gourg\u00e9 (79)<\/p>\n\n\n\n<p style=\"font-size:24px\">34\u00e8me du Tour du Haut Poitou (86) <\/p>\n\n\n\n<p style=\"font-size:24px\">59\u00e8me de La Souterraine (23)<\/p>\n","protected":false},"excerpt":{"rendered":"<p>SAISON 2025 : 16\u00e8me de Bressuire (79) 17\u00e8me de Pouant (86) 25\u00e8me de Mar\u00e7ay (86) SAISON 2024 : Vice Champion D\u00e9partemental sur route des Open 3 4\u00e8me de Bressuire (79) 8\u00e8me de St Aubin la Plaine (85) 8\u00e8me de la Nocturne de Pons (17) 11\u00e8me de Confolens (16) 11\u00e8me de Vervant (17) 15\u00e8me de Charc\u00e9 [&hellip;]<\/p>\n","protected":false},"author":1,"featured_media":0,"parent":0,"menu_order":0,"comment_status":"closed","ping_status":"closed","template":"","meta":{"footnotes":""},"class_list":["post-329","page","type-page","status-publish","hentry"],"_links":{"self":[{"href":"https:\/\/cyclepoitevin86.fr\/index.php\/wp-json\/wp\/v2\/pages\/329","targetHints":{"allow":["GET"]}}],"collection":[{"href":"https:\/\/cyclepoitevin86.fr\/index.php\/wp-json\/wp\/v2\/pages"}],"about":[{"href":"https:\/\/cyclepoitevin86.fr\/index.php\/wp-json\/wp\/v2\/types\/page"}],"author":[{"embeddable":true,"href":"https:\/\/cyclepoitevin86.fr\/index.php\/wp-json\/wp\/v2\/users\/1"}],"replies":[{"embeddable":true,"href":"https:\/\/cyclepoitevin86.fr\/index.php\/wp-json\/wp\/v2\/comments?post=329"}],"version-history":[{"count":49,"href":"https:\/\/cyclepoitevin86.fr\/index.php\/wp-json\/wp\/v2\/pages\/329\/revisions"}],"predecessor-version":[{"id":7685,"href":"https:\/\/cyclepoitevin86.fr\/index.php\/wp-json\/wp\/v2\/pages\/329\/revisions\/7685"}],"wp:attachment":[{"href":"https:\/\/cyclepoitevin86.fr\/index.php\/wp-json\/wp\/v2\/media?parent=329"}],"curies":[{"name":"wp","href":"https:\/\/api.w.org\/{rel}","templated":true}]}}