{"id":288,"date":"2022-05-18T10:24:01","date_gmt":"2022-05-18T08:24:01","guid":{"rendered":"http:\/\/cyclepoitevin86.fr\/?page_id=288"},"modified":"2026-02-06T18:02:22","modified_gmt":"2026-02-06T17:02:22","slug":"presentation","status":"publish","type":"page","link":"https:\/\/cyclepoitevin86.fr\/index.php\/presentation\/","title":{"rendered":"Pr\u00e9sentation Ecole de V\u00e9lo"},"content":{"rendered":"<div class=\"wp-block-image\">\n<figure class=\"aligncenter size-full is-resized\"><img loading=\"lazy\" decoding=\"async\" width=\"592\" height=\"835\" src=\"https:\/\/cyclepoitevin86.fr\/wp-content\/uploads\/2025\/09\/Pub-Ecole-de-Velo-1.jpg\" alt=\"\" class=\"wp-image-8990\" style=\"width:504px;height:auto\" srcset=\"https:\/\/cyclepoitevin86.fr\/wp-content\/uploads\/2025\/09\/Pub-Ecole-de-Velo-1.jpg 592w, https:\/\/cyclepoitevin86.fr\/wp-content\/uploads\/2025\/09\/Pub-Ecole-de-Velo-1-213x300.jpg 213w\" sizes=\"auto, (max-width: 592px) 100vw, 592px\" \/><\/figure>\n<\/div>\n\n\n<p style=\"font-size:24px\">\u00a0\u00a0\u00a0\u00a0 Tous les mercredis, de septembre \u00e0 juin, hors vacances scolaires ; au V\u00e9lodrome Michel Amand, de 14h00 \u00e0 16h30, ces n\u00e9ophytes du v\u00e9lo viennent apprendre les bases du cyclisme. Et peut \u00eatre qu&rsquo;un jour, ils suivront les traces des Champions qui ont d\u00e9but\u00e9 \u00e0 leur \u00e2ge&#8230;\u00a0<\/p>\n\n\n\n<p style=\"font-size:24px\">&nbsp;&nbsp;&nbsp;&nbsp;&nbsp; L&rsquo;\u00e9cole de v\u00e9lo du Cycle Poitevin est une structure permettant aux jeunes \u00e2g\u00e9s de 5 \u00e0 14 ans de s&rsquo;\u00e9panouir, toute l&rsquo;ann\u00e9e dans la conduite d&rsquo;un v\u00e9lo de course sur route et sur piste, \u00e9galement en VTT pendant la p\u00e9riode hivernale.<\/p>\n\n\n\n<p style=\"font-size:24px\">Class\u00e9e parmi les meilleures de la r\u00e9gion, cette \u00e9cole de v\u00e9lo est encadr\u00e9e par des animateurs et \u00e9ducateurs comp\u00e9tents.<\/p>\n\n\n\n<p style=\"font-size:24px\">.<\/p>\n\n\n\n<p class=\"has-text-align-center has-vivid-red-color has-text-color\" style=\"font-size:24px\"><strong><em>Les cat\u00e9gories d&rsquo;\u00e2ges :<\/em><\/strong><\/p>\n\n\n\n<p class=\"has-vivid-cyan-blue-color has-text-color\" style=\"font-size:24px\">U7 (4 \u00e0 6 ans)<\/p>\n\n\n\n<p class=\"has-vivid-cyan-blue-color has-text-color\" style=\"font-size:24px\">U9 (7 \u00e0 8 ans)<\/p>\n\n\n\n<p class=\"has-vivid-cyan-blue-color has-text-color\" style=\"font-size:24px\">U11 (9 \u00e0 10 ans)<\/p>\n\n\n\n<p class=\"has-vivid-cyan-blue-color has-text-color\" style=\"font-size:24px\">U13 (11 \u00e0 12 ans)<\/p>\n","protected":false},"excerpt":{"rendered":"<p>\u00a0\u00a0\u00a0\u00a0 Tous les mercredis, de septembre \u00e0 juin, hors vacances scolaires ; au V\u00e9lodrome Michel Amand, de 14h00 \u00e0 16h30, ces n\u00e9ophytes du v\u00e9lo viennent apprendre les bases du cyclisme. Et peut \u00eatre qu&rsquo;un jour, ils suivront les traces des Champions qui ont d\u00e9but\u00e9 \u00e0 leur \u00e2ge&#8230;\u00a0 &nbsp;&nbsp;&nbsp;&nbsp;&nbsp; L&rsquo;\u00e9cole de v\u00e9lo du Cycle Poitevin est [&hellip;]<\/p>\n","protected":false},"author":1,"featured_media":0,"parent":0,"menu_order":0,"comment_status":"closed","ping_status":"closed","template":"","meta":{"footnotes":""},"class_list":["post-288","page","type-page","status-publish","hentry"],"_links":{"self":[{"href":"https:\/\/cyclepoitevin86.fr\/index.php\/wp-json\/wp\/v2\/pages\/288","targetHints":{"allow":["GET"]}}],"collection":[{"href":"https:\/\/cyclepoitevin86.fr\/index.php\/wp-json\/wp\/v2\/pages"}],"about":[{"href":"https:\/\/cyclepoitevin86.fr\/index.php\/wp-json\/wp\/v2\/types\/page"}],"author":[{"embeddable":true,"href":"https:\/\/cyclepoitevin86.fr\/index.php\/wp-json\/wp\/v2\/users\/1"}],"replies":[{"embeddable":true,"href":"https:\/\/cyclepoitevin86.fr\/index.php\/wp-json\/wp\/v2\/comments?post=288"}],"version-history":[{"count":7,"href":"https:\/\/cyclepoitevin86.fr\/index.php\/wp-json\/wp\/v2\/pages\/288\/revisions"}],"predecessor-version":[{"id":9742,"href":"https:\/\/cyclepoitevin86.fr\/index.php\/wp-json\/wp\/v2\/pages\/288\/revisions\/9742"}],"wp:attachment":[{"href":"https:\/\/cyclepoitevin86.fr\/index.php\/wp-json\/wp\/v2\/media?parent=288"}],"curies":[{"name":"wp","href":"https:\/\/api.w.org\/{rel}","templated":true}]}}