{"id":2034,"date":"2023-01-05T20:53:41","date_gmt":"2023-01-05T19:53:41","guid":{"rendered":"http:\/\/cyclepoitevin86.fr\/?page_id=2034"},"modified":"2026-04-12T21:26:46","modified_gmt":"2026-04-12T19:26:46","slug":"chollet-tom","status":"publish","type":"page","link":"https:\/\/cyclepoitevin86.fr\/index.php\/chollet-tom\/","title":{"rendered":"CHOLLET Tom"},"content":{"rendered":"<div class=\"wp-block-image\">\n<figure class=\"aligncenter size-large is-resized\"><img loading=\"lazy\" decoding=\"async\" width=\"683\" height=\"1024\" src=\"https:\/\/cyclepoitevin86.fr\/wp-content\/uploads\/2024\/02\/428598803_987596176036693_7404088520091572508_n-683x1024.jpg\" alt=\"\" class=\"wp-image-4772\" style=\"width:332px;height:auto\" srcset=\"https:\/\/cyclepoitevin86.fr\/wp-content\/uploads\/2024\/02\/428598803_987596176036693_7404088520091572508_n-683x1024.jpg 683w, https:\/\/cyclepoitevin86.fr\/wp-content\/uploads\/2024\/02\/428598803_987596176036693_7404088520091572508_n-200x300.jpg 200w, https:\/\/cyclepoitevin86.fr\/wp-content\/uploads\/2024\/02\/428598803_987596176036693_7404088520091572508_n-768x1152.jpg 768w, https:\/\/cyclepoitevin86.fr\/wp-content\/uploads\/2024\/02\/428598803_987596176036693_7404088520091572508_n-1024x1536.jpg 1024w, https:\/\/cyclepoitevin86.fr\/wp-content\/uploads\/2024\/02\/428598803_987596176036693_7404088520091572508_n.jpg 1365w\" sizes=\"auto, (max-width: 683px) 100vw, 683px\" \/><\/figure>\n<\/div>\n\n\n<p class=\"has-text-align-center has-vivid-green-cyan-color has-text-color has-link-color wp-elements-b8a142dee0db1a8f0d8b2b3a8f0bc2a0\" style=\"font-size:30px\"><em><strong>SAISON 2026 :<\/strong><\/em><\/p>\n\n\n\n<p style=\"font-size:22px\">2\u00e8me de Dun sur Auron (18) <\/p>\n\n\n\n<p style=\"font-size:22px\">3\u00e8me du Prix Sanital de Ch\u00e2tellerault (86)<\/p>\n\n\n\n<p style=\"font-size:22px\">4\u00e8me de Bl\u00e9r\u00e9 (37) <\/p>\n\n\n\n<p style=\"font-size:22px\">7\u00e8me de Dun le Palestel &#8211; 1\u00e8re manche Mini Tour Creusois (23)<\/p>\n\n\n\n<p style=\"font-size:22px\">7\u00e8me de Bonnac la C\u00f4te (87)  <\/p>\n\n\n\n<p style=\"font-size:22px\">9\u00e8me de Brette les Pins (72) <\/p>\n\n\n\n<p style=\"font-size:22px\">36\u00e8me de la 1\u00e8re Manche de la Coupe de France GSO<\/p>\n\n\n\n<p style=\"font-size:22px\">60\u00e8me du CLM de la 1\u00e8re Manche de Coupe de France GSO<\/p>\n\n\n\n<p class=\"has-text-align-center\" style=\"font-size:30px\"><strong><em><mark style=\"background-color:rgba(0, 0, 0, 0)\" class=\"has-inline-color has-vivid-green-cyan-color\">SAISON 2025 :<\/mark><\/em><\/strong><\/p>\n\n\n\n<p style=\"font-size:22px\">3\u00e8me du Prix Sanital de Ch\u00e2tellerault (86)<\/p>\n\n\n\n<p style=\"font-size:22px\">3\u00e8me de Brette les Pins (72)<\/p>\n\n\n\n<p style=\"font-size:22px\">4\u00e8me de Mar\u00e7ay (86) <\/p>\n\n\n\n<p style=\"font-size:22px\">4\u00e8me de Courchamps (79) <\/p>\n\n\n\n<p style=\"font-size:22px\">5\u00e8me de Bonnac la C\u00f4te (87)<\/p>\n\n\n\n<p style=\"font-size:22px\">5\u00e8me de Beaumont (86)  <\/p>\n\n\n\n<p style=\"font-size:22px\">5\u00e8me de Chaunay (86) <\/p>\n\n\n\n<p style=\"font-size:22px\">7\u00e8me de Bridor\u00e9 (37)<\/p>\n\n\n\n<p style=\"font-size:22px\">8\u00e8me du Chrono Ch\u00e2telleraudais (86) <\/p>\n\n\n\n<p style=\"font-size:22px\">9\u00e8me de Alloue (16)<\/p>\n\n\n\n<p style=\"font-size:22px\">9\u00e8me de Villebois lavalette (16)<\/p>\n\n\n\n<p style=\"font-size:22px\">10\u00e8me de Segonzac (16)<\/p>\n\n\n\n<p style=\"font-size:22px\">10\u00e8me du Crit\u00e9rium de St Seurin sur L&rsquo;Isle<\/p>\n\n\n\n<p style=\"font-size:22px\">11\u00e8me du Mini Tour de St L\u00e9ger la Pallu (86)<\/p>\n\n\n\n<p style=\"font-size:22px\">11\u00e8me de Avoine (37) <\/p>\n\n\n\n<p style=\"font-size:22px\">12\u00e8me de S\u00e8vres Anxaumont (86)<\/p>\n\n\n\n<p style=\"font-size:22px\">14\u00e8me de La Germoni\u00e8re (86) <\/p>\n\n\n\n<p style=\"font-size:22px\">14\u00e8me de Monthou sur Cher (18) <\/p>\n\n\n\n<p style=\"font-size:22px\">17\u00e8me de Saint Christophe (86)<\/p>\n\n\n\n<p style=\"font-size:22px\">24\u00e8me des Tour Dunois &#8211; 1\u00e8re Manche du mini tour Creusois (23) <\/p>\n\n\n\n<p style=\"font-size:22px\">40\u00e8me de Grand Bourg (23) Finale du Mini Tour Creusois <\/p>\n\n\n\n<p style=\"font-size:22px\">47\u00e8me du Championnat R\u00e9gional \u00e0 Tarnos (40)<\/p>\n\n\n\n<p style=\"font-size:22px\">53\u00e8me de Meljannes le calp (30)  <\/p>\n\n\n\n<p class=\"has-text-align-center has-vivid-green-cyan-color has-text-color has-link-color wp-elements-5746fd33b80dc5b465ac0367efdc338e\" style=\"font-size:28px\"><strong><em>SAISON 2024 :<\/em><\/strong><\/p>\n\n\n\n<p style=\"font-size:22px\">Champion D\u00e9partemental du Contre La Montre<\/p>\n\n\n\n<p style=\"font-size:22px\">1er du Mini Tour Haut Poitou \u00e0 St L\u00e9ger la Pallue (86)<\/p>\n\n\n\n<p style=\"font-size:22px\">1er de Arnac la Poste (87) <\/p>\n\n\n\n<p style=\"font-size:22px\">1er de la Ronde de Mar\u00e7ay (86)<\/p>\n\n\n\n<p style=\"font-size:22px\">1er de Confolens (16)<\/p>\n\n\n\n<p style=\"font-size:22px\">1er de Alloue (16)<\/p>\n\n\n\n<p style=\"font-size:22px\">1er de Segonzac (86) <\/p>\n\n\n\n<p style=\"font-size:22px\">1er de Villebois Lavalette (16) <\/p>\n\n\n\n<p style=\"font-size:22px\">1er du chrono Chatelleraudais (86)<\/p>\n\n\n\n<p style=\"font-size:22px\">2\u00e8me du Championnat D\u00e9partemental sur route<\/p>\n\n\n\n<p style=\"font-size:22px\">2\u00e8me de St Christophe (86) <\/p>\n\n\n\n<p style=\"font-size:22px\">2\u00e8me de Ch\u00e2tellerault (86) <\/p>\n\n\n\n<p style=\"font-size:22px\">2\u00e8me de Montlieu la Garde (17) <\/p>\n\n\n\n<p style=\"font-size:22px\">2\u00e8me de Bregolles en Mauge (49) <\/p>\n\n\n\n<p style=\"font-size:22px\">2\u00e8me de Beaumont (86)<\/p>\n\n\n\n<p style=\"font-size:22px\">2\u00e8me de Taponnat (16) <\/p>\n\n\n\n<p style=\"font-size:22px\">2\u00e8me de Vausseroux (79) <\/p>\n\n\n\n<p style=\"font-size:22px\">2\u00e8me de Nanteuil (79) <\/p>\n\n\n\n<p style=\"font-size:22px\">3\u00e8me de Saint Sauveur d&rsquo;Aunis (17)<\/p>\n\n\n\n<p style=\"font-size:22px\">3\u00e8me de Lussac les Eglises (87)<\/p>\n\n\n\n<p style=\"font-size:22px\">3\u00e8me de Montgam\u00e9 (86) <\/p>\n\n\n\n<p style=\"font-size:22px\">3\u00e8me de Soutiers (79)<\/p>\n\n\n\n<p style=\"font-size:22px\">3\u00e8me de Pierrefite (79) <\/p>\n\n\n\n<p style=\"font-size:22px\">3\u00e8me de la Germoni\u00e8re (86) <\/p>\n\n\n\n<p style=\"font-size:22px\">4\u00e8me du Championnat R\u00e9gional sur route<\/p>\n\n\n\n<p style=\"font-size:22px\">4\u00e8me de Chaunay (86)<\/p>\n\n\n\n<p style=\"font-size:22px\">4\u00e8me de Beaurepaire (85) <\/p>\n\n\n\n<p style=\"font-size:22px\">4\u00e8me de La Couronne (16) <\/p>\n\n\n\n<p style=\"font-size:22px\">4\u00e8me de St Gervais les 3 Clochers (86) <\/p>\n\n\n\n<p style=\"font-size:22px\">5\u00e8me de Dompierre les Eglises (23)<\/p>\n\n\n\n<p style=\"font-size:22px\">6\u00e8me de Cherval (24)<\/p>\n\n\n\n<p style=\"font-size:22px\">7\u00e8me de la Ronde du Soulor (64)<\/p>\n\n\n\n<p style=\"font-size:22px\">8\u00e8me de Dou\u00e9 en Anjou (49)<\/p>\n\n\n\n<p style=\"font-size:22px\">12\u00e8me de S\u00e8vres Anxaumont (86)<\/p>\n\n\n\n<p style=\"font-size:22px\">37\u00e8me de la Feneraie (85)<\/p>\n\n\n\n<p class=\"has-text-align-center has-vivid-green-cyan-color has-text-color has-link-color wp-elements-d2f85e9a0f264b6841f6dcfc0b1d16c4\" style=\"font-size:28px\"><strong><em>SAISON 2023 :<\/em><\/strong><\/p>\n\n\n\n<p style=\"font-size:22px\">1er de St Julien l&rsquo;Ars (86)<\/p>\n\n\n\n<p style=\"font-size:22px\">3\u00e8me de Civaux (86)<\/p>\n\n\n\n<p style=\"font-size:22px\">5\u00e8me de Courchamps (49)<\/p>\n\n\n\n<p style=\"font-size:22px\">5\u00e8me de Chaunay (86)<\/p>\n\n\n\n<p style=\"font-size:22px\">6\u00e8me de Ch\u00e2tellerault (86) <\/p>\n\n\n\n<p style=\"font-size:22px\">6\u00e8me de Montgam\u00e9 86)<\/p>\n\n\n\n<p style=\"font-size:22px\">6\u00e8me de Alloue (16)<\/p>\n\n\n\n<p style=\"font-size:22px\">6\u00e8me de St Maixent l&rsquo;Ecole (79) <\/p>\n\n\n\n<p style=\"font-size:22px\">6\u00e8me de Dou\u00e9 en Anjou (49)  <\/p>\n\n\n\n<p style=\"font-size:22px\">6\u00e8me de Segonzac (17) <\/p>\n\n\n\n<p style=\"font-size:22px\">7\u00e8me \u00e0 St Pierre des Landes (53) <\/p>\n\n\n\n<p style=\"font-size:22px\">7\u00e8me du Chrono Ch\u00e2telleraudais (86)<\/p>\n\n\n\n<p style=\"font-size:22px\">8\u00e8me de Vivonne (86)  <\/p>\n\n\n\n<p style=\"font-size:22px\">8\u00e8me de Melleran (79) <\/p>\n\n\n\n<p style=\"font-size:22px\">8\u00e8me de Secondigny (79)<\/p>\n\n\n\n<p style=\"font-size:22px\">9\u00e8me de Pierrefite (79)<\/p>\n\n\n\n<p style=\"font-size:22px\">11\u00e8me de Montlouis sur Loire (37) <\/p>\n\n\n\n<p style=\"font-size:22px\">11\u00e8me de La Germoni\u00e8re (86) <\/p>\n\n\n\n<p style=\"font-size:22px\">13\u00e8me de St Hilaire la Treille (87) <\/p>\n\n\n\n<p style=\"font-size:22px\">14\u00e8me de Beaumont (86) <\/p>\n\n\n\n<p style=\"font-size:22px\">43\u00e8me du Championnat R\u00e9gional \u00e0 Pardaillan (47) <\/p>\n","protected":false},"excerpt":{"rendered":"<p>SAISON 2026 : 2\u00e8me de Dun sur Auron (18) 3\u00e8me du Prix Sanital de Ch\u00e2tellerault (86) 4\u00e8me de Bl\u00e9r\u00e9 (37) 7\u00e8me de Dun le Palestel &#8211; 1\u00e8re manche Mini Tour Creusois (23) 7\u00e8me de Bonnac la C\u00f4te (87) 9\u00e8me de Brette les Pins (72) 36\u00e8me de la 1\u00e8re Manche de la Coupe de France GSO [&hellip;]<\/p>\n","protected":false},"author":1,"featured_media":0,"parent":0,"menu_order":0,"comment_status":"closed","ping_status":"closed","template":"","meta":{"footnotes":""},"class_list":["post-2034","page","type-page","status-publish","hentry"],"_links":{"self":[{"href":"https:\/\/cyclepoitevin86.fr\/index.php\/wp-json\/wp\/v2\/pages\/2034","targetHints":{"allow":["GET"]}}],"collection":[{"href":"https:\/\/cyclepoitevin86.fr\/index.php\/wp-json\/wp\/v2\/pages"}],"about":[{"href":"https:\/\/cyclepoitevin86.fr\/index.php\/wp-json\/wp\/v2\/types\/page"}],"author":[{"embeddable":true,"href":"https:\/\/cyclepoitevin86.fr\/index.php\/wp-json\/wp\/v2\/users\/1"}],"replies":[{"embeddable":true,"href":"https:\/\/cyclepoitevin86.fr\/index.php\/wp-json\/wp\/v2\/comments?post=2034"}],"version-history":[{"count":88,"href":"https:\/\/cyclepoitevin86.fr\/index.php\/wp-json\/wp\/v2\/pages\/2034\/revisions"}],"predecessor-version":[{"id":10209,"href":"https:\/\/cyclepoitevin86.fr\/index.php\/wp-json\/wp\/v2\/pages\/2034\/revisions\/10209"}],"wp:attachment":[{"href":"https:\/\/cyclepoitevin86.fr\/index.php\/wp-json\/wp\/v2\/media?parent=2034"}],"curies":[{"name":"wp","href":"https:\/\/api.w.org\/{rel}","templated":true}]}}