{"id":175,"date":"2022-05-17T10:00:33","date_gmt":"2022-05-17T08:00:33","guid":{"rendered":"http:\/\/cyclepoitevin86.fr\/?page_id=175"},"modified":"2022-11-28T21:35:28","modified_gmt":"2022-11-28T20:35:28","slug":"bureau-du-club","status":"publish","type":"page","link":"https:\/\/cyclepoitevin86.fr\/index.php\/bureau-du-club\/","title":{"rendered":"Bureau du club"},"content":{"rendered":"\n<p style=\"font-size:26px\"><strong><em>Pr\u00e9sident :&nbsp;<\/em><\/strong>Franck FAUGEROUX<\/p>\n\n\n\n<p style=\"font-size:26px\"><strong>Vice-Pr\u00e9sidents :<\/strong> Francis BOBIN et Jo\u00ebl FAUGEROUX<\/p>\n\n\n\n<p style=\"font-size:26px\"><strong>Secr\u00e9taires g\u00e9n\u00e9raux :<\/strong>\u00a0Jean Claude BOUDRUCHE et Manu LEGROS<\/p>\n\n\n\n<p style=\"font-size:26px\"><strong>Tr\u00e9sorier G\u00e9n\u00e9ral :<\/strong> Jean Michel SAPIN<\/p>\n\n\n\n<p style=\"font-size:26px\"><strong>Tr\u00e9sorier Adjoint :<\/strong> Delphine GRIMAL<br><\/p>\n\n\n\n<p class=\"has-black-color has-text-color has-medium-font-size\"> <\/p>\n","protected":false},"excerpt":{"rendered":"<p>Pr\u00e9sident :&nbsp;Franck FAUGEROUX Vice-Pr\u00e9sidents : Francis BOBIN et Jo\u00ebl FAUGEROUX Secr\u00e9taires g\u00e9n\u00e9raux :\u00a0Jean Claude BOUDRUCHE et Manu LEGROS Tr\u00e9sorier G\u00e9n\u00e9ral : Jean Michel SAPIN Tr\u00e9sorier Adjoint : Delphine GRIMAL<\/p>\n","protected":false},"author":1,"featured_media":0,"parent":0,"menu_order":0,"comment_status":"closed","ping_status":"closed","template":"","meta":{"footnotes":""},"class_list":["post-175","page","type-page","status-publish","hentry"],"_links":{"self":[{"href":"https:\/\/cyclepoitevin86.fr\/index.php\/wp-json\/wp\/v2\/pages\/175","targetHints":{"allow":["GET"]}}],"collection":[{"href":"https:\/\/cyclepoitevin86.fr\/index.php\/wp-json\/wp\/v2\/pages"}],"about":[{"href":"https:\/\/cyclepoitevin86.fr\/index.php\/wp-json\/wp\/v2\/types\/page"}],"author":[{"embeddable":true,"href":"https:\/\/cyclepoitevin86.fr\/index.php\/wp-json\/wp\/v2\/users\/1"}],"replies":[{"embeddable":true,"href":"https:\/\/cyclepoitevin86.fr\/index.php\/wp-json\/wp\/v2\/comments?post=175"}],"version-history":[{"count":4,"href":"https:\/\/cyclepoitevin86.fr\/index.php\/wp-json\/wp\/v2\/pages\/175\/revisions"}],"predecessor-version":[{"id":1798,"href":"https:\/\/cyclepoitevin86.fr\/index.php\/wp-json\/wp\/v2\/pages\/175\/revisions\/1798"}],"wp:attachment":[{"href":"https:\/\/cyclepoitevin86.fr\/index.php\/wp-json\/wp\/v2\/media?parent=175"}],"curies":[{"name":"wp","href":"https:\/\/api.w.org\/{rel}","templated":true}]}}