{"id":1732,"date":"2022-11-24T21:21:00","date_gmt":"2022-11-24T20:21:00","guid":{"rendered":"http:\/\/cyclepoitevin86.fr\/?page_id=1732"},"modified":"2026-04-04T21:36:18","modified_gmt":"2026-04-04T19:36:18","slug":"guimpier-rayan","status":"publish","type":"page","link":"https:\/\/cyclepoitevin86.fr\/index.php\/guimpier-rayan\/","title":{"rendered":"GUIMPIER Rayan"},"content":{"rendered":"<div class=\"wp-block-image\">\n<figure class=\"aligncenter size-large is-resized\"><img loading=\"lazy\" decoding=\"async\" width=\"683\" height=\"1024\" src=\"https:\/\/cyclepoitevin86.fr\/wp-content\/uploads\/2024\/02\/428604980_987596072703370_5643034712779766274_n-683x1024.jpg\" alt=\"\" class=\"wp-image-4770\" style=\"width:282px;height:auto\" srcset=\"https:\/\/cyclepoitevin86.fr\/wp-content\/uploads\/2024\/02\/428604980_987596072703370_5643034712779766274_n-683x1024.jpg 683w, https:\/\/cyclepoitevin86.fr\/wp-content\/uploads\/2024\/02\/428604980_987596072703370_5643034712779766274_n-200x300.jpg 200w, https:\/\/cyclepoitevin86.fr\/wp-content\/uploads\/2024\/02\/428604980_987596072703370_5643034712779766274_n-768x1152.jpg 768w, https:\/\/cyclepoitevin86.fr\/wp-content\/uploads\/2024\/02\/428604980_987596072703370_5643034712779766274_n-1024x1536.jpg 1024w, https:\/\/cyclepoitevin86.fr\/wp-content\/uploads\/2024\/02\/428604980_987596072703370_5643034712779766274_n.jpg 1365w\" sizes=\"auto, (max-width: 683px) 100vw, 683px\" \/><\/figure>\n<\/div>\n\n\n<p class=\"has-text-align-center has-vivid-green-cyan-color has-text-color has-link-color wp-elements-41ce6f18079ad403937c93341b8a1267\" style=\"font-size:30px\"><strong><em>SAISON 2026 : <\/em><\/strong><\/p>\n\n\n\n<p style=\"font-size:22px\">20\u00e8me du Prix Sanital de Ch\u00e2tellerault (86) <\/p>\n\n\n\n<p style=\"font-size:22px\">20\u00e8me de Beaumont (86) <\/p>\n\n\n\n<p style=\"font-size:22px\">31\u00e8me de Bl\u00e9r\u00e9 (37) <\/p>\n\n\n\n<p style=\"font-size:22px\">70\u00e8me de Dun le Palestel &#8211; 1\u00e8re manche Mini Tour Creusois (23)<\/p>\n\n\n\n<p class=\"has-text-align-center\" style=\"font-size:30px\"><strong><em><mark style=\"background-color:rgba(0, 0, 0, 0)\" class=\"has-inline-color has-vivid-green-cyan-color\">SAISON 2025 :<\/mark><\/em><\/strong><\/p>\n\n\n\n<p style=\"font-size:22px\">10\u00e8me du Chrono Ch\u00e2telleraudais (86)  <\/p>\n\n\n\n<p style=\"font-size:22px\">13\u00e8me de Mar\u00e7ay (86)<\/p>\n\n\n\n<p style=\"font-size:22px\">14\u00e8me de S\u00e8vres Anxaumont (86)<\/p>\n\n\n\n<p style=\"font-size:22px\">14\u00e8me de Magn\u00e9 (79) <\/p>\n\n\n\n<p style=\"font-size:22px\">14\u00e8me de Montravers (79) <\/p>\n\n\n\n<p style=\"font-size:22px\">15\u00e8me de Melleran (79) <\/p>\n\n\n\n<p style=\"font-size:22px\">18\u00e8me du Mini Tour de St L\u00e9ger la Pallu (86)<\/p>\n\n\n\n<p style=\"font-size:22px\">18\u00e8me de Cussac (87) <\/p>\n\n\n\n<p style=\"font-size:22px\">19\u00e8me de Montlouis sur Loire (37)<\/p>\n\n\n\n<p style=\"font-size:22px\">21\u00e8me de Chaunay (86) <\/p>\n\n\n\n<p style=\"font-size:22px\">22\u00e8me de Beaumont (86)<\/p>\n\n\n\n<p style=\"font-size:22px\">23\u00e8me de La Germoni\u00e8re (86) <\/p>\n\n\n\n<p style=\"font-size:22px\">24\u00e8me de Alloue (16)<\/p>\n\n\n\n<p style=\"font-size:22px\">27\u00e8me de Villebois lavalette (16) <\/p>\n\n\n\n<p style=\"font-size:22px\">36\u00e8me de Saint Christophe (86)<\/p>\n\n\n\n<p style=\"font-size:22px\">71\u00e8me de Grand Bourg (23) Finale du Mini Tour Creusois <\/p>\n\n\n\n<p style=\"font-size:22px\">75\u00e8me du Championnat R\u00e9gional \u00e0 Tarnos (40)<\/p>\n\n\n\n<p class=\"has-text-align-center\" style=\"font-size:30px\"><strong><em><mark style=\"background-color:rgba(0, 0, 0, 0)\" class=\"has-inline-color has-vivid-green-cyan-color\">SAISON 2024 :<\/mark><\/em><\/strong><\/p>\n\n\n\n<p style=\"font-size:22px\">7\u00e8me de la Ronde de Mar\u00e7ay (86)<\/p>\n\n\n\n<p style=\"font-size:22px\">8\u00e8me du Championnat D\u00e9partemental sur route<\/p>\n\n\n\n<p style=\"font-size:22px\">9\u00e8me de Montgam\u00e9 (86)  <\/p>\n\n\n\n<p style=\"font-size:22px\">10\u00e8me du chrono Chatelleraudais (86) <\/p>\n\n\n\n<p style=\"font-size:22px\">11\u00e8me de Beaumont (86)<\/p>\n\n\n\n<p style=\"font-size:22px\">11\u00e8me de Ch\u00e2tellerault (86)<\/p>\n\n\n\n<p style=\"font-size:22px\">11\u00e8me de Chaunay (86) <\/p>\n\n\n\n<p style=\"font-size:22px\">11\u00e8me de St Gervais les 3 Clochers (86) <\/p>\n\n\n\n<p style=\"font-size:22px\">12\u00e8me de Alloue (16)<\/p>\n\n\n\n<p style=\"font-size:22px\">13\u00e8me du Mini Tour Haut Poitou \u00e0 St L\u00e9ger la Pallue (86) <\/p>\n\n\n\n<p style=\"font-size:22px\">21\u00e8me de la Germoni\u00e8re (86) <\/p>\n\n\n\n<p style=\"font-size:22px\">38\u00e8me du Championnat R\u00e9gional sur route<\/p>\n","protected":false},"excerpt":{"rendered":"<p>SAISON 2026 : 20\u00e8me du Prix Sanital de Ch\u00e2tellerault (86) 20\u00e8me de Beaumont (86) 31\u00e8me de Bl\u00e9r\u00e9 (37) 70\u00e8me de Dun le Palestel &#8211; 1\u00e8re manche Mini Tour Creusois (23) SAISON 2025 : 10\u00e8me du Chrono Ch\u00e2telleraudais (86) 13\u00e8me de Mar\u00e7ay (86) 14\u00e8me de S\u00e8vres Anxaumont (86) 14\u00e8me de Magn\u00e9 (79) 14\u00e8me de Montravers (79) [&hellip;]<\/p>\n","protected":false},"author":1,"featured_media":0,"parent":0,"menu_order":0,"comment_status":"closed","ping_status":"closed","template":"","meta":{"footnotes":""},"class_list":["post-1732","page","type-page","status-publish","hentry"],"_links":{"self":[{"href":"https:\/\/cyclepoitevin86.fr\/index.php\/wp-json\/wp\/v2\/pages\/1732","targetHints":{"allow":["GET"]}}],"collection":[{"href":"https:\/\/cyclepoitevin86.fr\/index.php\/wp-json\/wp\/v2\/pages"}],"about":[{"href":"https:\/\/cyclepoitevin86.fr\/index.php\/wp-json\/wp\/v2\/types\/page"}],"author":[{"embeddable":true,"href":"https:\/\/cyclepoitevin86.fr\/index.php\/wp-json\/wp\/v2\/users\/1"}],"replies":[{"embeddable":true,"href":"https:\/\/cyclepoitevin86.fr\/index.php\/wp-json\/wp\/v2\/comments?post=1732"}],"version-history":[{"count":34,"href":"https:\/\/cyclepoitevin86.fr\/index.php\/wp-json\/wp\/v2\/pages\/1732\/revisions"}],"predecessor-version":[{"id":10119,"href":"https:\/\/cyclepoitevin86.fr\/index.php\/wp-json\/wp\/v2\/pages\/1732\/revisions\/10119"}],"wp:attachment":[{"href":"https:\/\/cyclepoitevin86.fr\/index.php\/wp-json\/wp\/v2\/media?parent=1732"}],"curies":[{"name":"wp","href":"https:\/\/api.w.org\/{rel}","templated":true}]}}