{"id":1646,"date":"2022-11-16T17:25:11","date_gmt":"2022-11-16T16:25:11","guid":{"rendered":"http:\/\/cyclepoitevin86.fr\/?page_id=1646"},"modified":"2025-11-26T18:35:17","modified_gmt":"2025-11-26T17:35:17","slug":"petites-annonces","status":"publish","type":"page","link":"https:\/\/cyclepoitevin86.fr\/index.php\/petites-annonces\/","title":{"rendered":"PETITES ANNONCES"},"content":{"rendered":"\n<p class=\"has-vivid-green-cyan-color has-text-color\" style=\"font-size:24px\">Sur cette page d\u00e9di\u00e9e aux petites annonces, vous trouverez peut \u00eatre la bonne occasion<\/p>\n\n\n\n<p style=\"font-size:22px\">A VENDRE HOME TRA\u00ceNER CONNECTE<\/p>\n\n\n\n<p style=\"font-size:22px\">Marque Tack Flux S Smart<\/p>\n\n\n\n<p style=\"font-size:22px\">Achet\u00e9 en mai 2023 mais tr\u00e8s peu servi<\/p>\n\n\n\n<p style=\"font-size:22px\">Contact : 0671930060<\/p>\n\n\n\n<p style=\"font-size:28px\">Prix :<bdo lang=\"\" dir=\"ltr\"><mark style=\"background-color:rgba(0, 0, 0, 0)\" class=\"has-inline-color has-vivid-red-color\"> <strong>250 Euros<\/strong><\/mark><\/bdo><\/p>\n\n\n\n<figure class=\"wp-block-gallery has-nested-images columns-default is-cropped wp-block-gallery-1 is-layout-flex wp-block-gallery-is-layout-flex\">\n<figure class=\"wp-block-image size-large\"><img loading=\"lazy\" decoding=\"async\" width=\"1024\" height=\"768\" data-id=\"9421\" src=\"https:\/\/cyclepoitevin86.fr\/wp-content\/uploads\/2025\/11\/589570681_864500059378777_663555571416697792_n-1024x768.jpg\" alt=\"\" class=\"wp-image-9421\" srcset=\"https:\/\/cyclepoitevin86.fr\/wp-content\/uploads\/2025\/11\/589570681_864500059378777_663555571416697792_n-1024x768.jpg 1024w, https:\/\/cyclepoitevin86.fr\/wp-content\/uploads\/2025\/11\/589570681_864500059378777_663555571416697792_n-300x225.jpg 300w, https:\/\/cyclepoitevin86.fr\/wp-content\/uploads\/2025\/11\/589570681_864500059378777_663555571416697792_n-768x576.jpg 768w, https:\/\/cyclepoitevin86.fr\/wp-content\/uploads\/2025\/11\/589570681_864500059378777_663555571416697792_n-1536x1152.jpg 1536w, https:\/\/cyclepoitevin86.fr\/wp-content\/uploads\/2025\/11\/589570681_864500059378777_663555571416697792_n.jpg 1600w\" sizes=\"auto, (max-width: 1024px) 100vw, 1024px\" \/><\/figure>\n\n\n\n<figure class=\"wp-block-image size-large\"><img loading=\"lazy\" decoding=\"async\" width=\"768\" height=\"1024\" data-id=\"9423\" src=\"https:\/\/cyclepoitevin86.fr\/wp-content\/uploads\/2025\/11\/589597755_681385718185059_7754071496190101903_n-768x1024.jpg\" alt=\"\" class=\"wp-image-9423\" srcset=\"https:\/\/cyclepoitevin86.fr\/wp-content\/uploads\/2025\/11\/589597755_681385718185059_7754071496190101903_n-768x1024.jpg 768w, https:\/\/cyclepoitevin86.fr\/wp-content\/uploads\/2025\/11\/589597755_681385718185059_7754071496190101903_n-225x300.jpg 225w, https:\/\/cyclepoitevin86.fr\/wp-content\/uploads\/2025\/11\/589597755_681385718185059_7754071496190101903_n-1152x1536.jpg 1152w, https:\/\/cyclepoitevin86.fr\/wp-content\/uploads\/2025\/11\/589597755_681385718185059_7754071496190101903_n.jpg 1200w\" sizes=\"auto, (max-width: 768px) 100vw, 768px\" \/><\/figure>\n\n\n\n<figure class=\"wp-block-image size-large\"><img loading=\"lazy\" decoding=\"async\" width=\"1024\" height=\"768\" data-id=\"9422\" src=\"https:\/\/cyclepoitevin86.fr\/wp-content\/uploads\/2025\/11\/589644882_3023709367814518_7161448050910642642_n-1024x768.jpg\" alt=\"\" class=\"wp-image-9422\" srcset=\"https:\/\/cyclepoitevin86.fr\/wp-content\/uploads\/2025\/11\/589644882_3023709367814518_7161448050910642642_n-1024x768.jpg 1024w, https:\/\/cyclepoitevin86.fr\/wp-content\/uploads\/2025\/11\/589644882_3023709367814518_7161448050910642642_n-300x225.jpg 300w, https:\/\/cyclepoitevin86.fr\/wp-content\/uploads\/2025\/11\/589644882_3023709367814518_7161448050910642642_n-768x576.jpg 768w, https:\/\/cyclepoitevin86.fr\/wp-content\/uploads\/2025\/11\/589644882_3023709367814518_7161448050910642642_n-1536x1152.jpg 1536w, https:\/\/cyclepoitevin86.fr\/wp-content\/uploads\/2025\/11\/589644882_3023709367814518_7161448050910642642_n.jpg 1600w\" sizes=\"auto, (max-width: 1024px) 100vw, 1024px\" \/><\/figure>\n<\/figure>\n\n\n\n<p style=\"font-size:22px\"><strong>A VENDRE&nbsp;VELO DE ROUTE FUJI&nbsp;&nbsp;&nbsp;<\/strong><\/p>\n\n\n\n<p style=\"font-size:22px\">BON ETAT , &nbsp;REVISE<\/p>\n\n\n\n<p style=\"font-size:22px\">CADRE EN CARBONE MODELE ALTAMIRA 2.3<\/p>\n\n\n\n<p style=\"font-size:22px\">TAILLE M\/L&nbsp;<\/p>\n\n\n\n<p style=\"font-size:22px\">DEVELOPPEMENT POUR LES MINIMES EST INSTALLE<\/p>\n\n\n\n<p style=\"font-size:22px\">CONTACTER AU&nbsp;:&nbsp; 06 82 58 68 39&nbsp; ALESSIA <\/p>\n\n\n\n<p style=\"font-size:22px\">PRIX : <strong><mark style=\"background-color:rgba(0, 0, 0, 0)\" class=\"has-inline-color has-vivid-red-color\">1000 \u20ac<\/mark><\/strong><\/p>\n\n\n<div class=\"wp-block-image\">\n<figure class=\"aligncenter size-full\"><img loading=\"lazy\" decoding=\"async\" width=\"675\" height=\"434\" src=\"https:\/\/cyclepoitevin86.fr\/wp-content\/uploads\/2025\/09\/Sans-titre.jpg\" alt=\"\" class=\"wp-image-8827\" srcset=\"https:\/\/cyclepoitevin86.fr\/wp-content\/uploads\/2025\/09\/Sans-titre.jpg 675w, https:\/\/cyclepoitevin86.fr\/wp-content\/uploads\/2025\/09\/Sans-titre-300x193.jpg 300w\" sizes=\"auto, (max-width: 675px) 100vw, 675px\" \/><\/figure>\n<\/div>\n\n\n<p style=\"font-size:22px\"><\/p>\n","protected":false},"excerpt":{"rendered":"<p>Sur cette page d\u00e9di\u00e9e aux petites annonces, vous trouverez peut \u00eatre la bonne occasion A VENDRE HOME TRA\u00ceNER CONNECTE Marque Tack Flux S Smart Achet\u00e9 en mai 2023 mais tr\u00e8s peu servi Contact : 0671930060 Prix : 250 Euros A VENDRE&nbsp;VELO DE ROUTE FUJI&nbsp;&nbsp;&nbsp; BON ETAT , &nbsp;REVISE CADRE EN CARBONE MODELE ALTAMIRA 2.3 TAILLE [&hellip;]<\/p>\n","protected":false},"author":1,"featured_media":0,"parent":0,"menu_order":0,"comment_status":"closed","ping_status":"closed","template":"","meta":{"footnotes":""},"class_list":["post-1646","page","type-page","status-publish","hentry"],"_links":{"self":[{"href":"https:\/\/cyclepoitevin86.fr\/index.php\/wp-json\/wp\/v2\/pages\/1646","targetHints":{"allow":["GET"]}}],"collection":[{"href":"https:\/\/cyclepoitevin86.fr\/index.php\/wp-json\/wp\/v2\/pages"}],"about":[{"href":"https:\/\/cyclepoitevin86.fr\/index.php\/wp-json\/wp\/v2\/types\/page"}],"author":[{"embeddable":true,"href":"https:\/\/cyclepoitevin86.fr\/index.php\/wp-json\/wp\/v2\/users\/1"}],"replies":[{"embeddable":true,"href":"https:\/\/cyclepoitevin86.fr\/index.php\/wp-json\/wp\/v2\/comments?post=1646"}],"version-history":[{"count":17,"href":"https:\/\/cyclepoitevin86.fr\/index.php\/wp-json\/wp\/v2\/pages\/1646\/revisions"}],"predecessor-version":[{"id":9425,"href":"https:\/\/cyclepoitevin86.fr\/index.php\/wp-json\/wp\/v2\/pages\/1646\/revisions\/9425"}],"wp:attachment":[{"href":"https:\/\/cyclepoitevin86.fr\/index.php\/wp-json\/wp\/v2\/media?parent=1646"}],"curies":[{"name":"wp","href":"https:\/\/api.w.org\/{rel}","templated":true}]}}