{"id":1579,"date":"2022-11-10T20:08:24","date_gmt":"2022-11-10T19:08:24","guid":{"rendered":"http:\/\/cyclepoitevin86.fr\/?page_id=1579"},"modified":"2026-01-04T22:39:15","modified_gmt":"2026-01-04T21:39:15","slug":"trochon-christophe","status":"publish","type":"page","link":"https:\/\/cyclepoitevin86.fr\/index.php\/trochon-christophe\/","title":{"rendered":"TROCHON Christophe"},"content":{"rendered":"<div class=\"wp-block-image is-style-rounded\">\n<figure class=\"aligncenter size-large is-resized\"><img loading=\"lazy\" decoding=\"async\" width=\"683\" height=\"1024\" src=\"http:\/\/cyclepoitevin86.fr\/wp-content\/uploads\/2024\/02\/428616440_987598176036493_8510381723083089462_n-683x1024.jpg\" alt=\"\" class=\"wp-image-4803\" style=\"width:286px;height:auto\" srcset=\"https:\/\/cyclepoitevin86.fr\/wp-content\/uploads\/2024\/02\/428616440_987598176036493_8510381723083089462_n-683x1024.jpg 683w, https:\/\/cyclepoitevin86.fr\/wp-content\/uploads\/2024\/02\/428616440_987598176036493_8510381723083089462_n-200x300.jpg 200w, https:\/\/cyclepoitevin86.fr\/wp-content\/uploads\/2024\/02\/428616440_987598176036493_8510381723083089462_n-768x1152.jpg 768w, https:\/\/cyclepoitevin86.fr\/wp-content\/uploads\/2024\/02\/428616440_987598176036493_8510381723083089462_n-1024x1536.jpg 1024w, https:\/\/cyclepoitevin86.fr\/wp-content\/uploads\/2024\/02\/428616440_987598176036493_8510381723083089462_n.jpg 1365w\" sizes=\"auto, (max-width: 683px) 100vw, 683px\" \/><\/figure>\n<\/div>\n\n\n<p class=\"has-text-align-center\" style=\"font-size:30px\"><strong><mark style=\"background-color:rgba(0, 0, 0, 0)\" class=\"has-inline-color has-vivid-green-cyan-color\">SAISON 2026:<\/mark><\/strong><\/p>\n\n\n\n<p style=\"font-size:22px\">2\u00e8me du cyclo-cross Access de Montendre (17)<\/p>\n\n\n\n<p style=\"font-size:22px\">3\u00e8me du championnat D\u00e9partemental Access de cyclo-cross<\/p>\n\n\n\n<p style=\"font-size:22px\">4\u00e8me du cyclo-cross Access Nocturne de St Georges les Baillargeaux (86)<\/p>\n\n\n\n<p style=\"font-size:22px\">4\u00e8me du cyclo-cross Access de la Citadelle du Brouage (17)<\/p>\n\n\n\n<p style=\"font-size:22px\">6\u00e8me du Championnat R\u00e9gional de cyclo-cross en Masters <\/p>\n\n\n\n<p style=\"font-size:22px\">8\u00e8me du cyclo-cross de Chauvigny (86)<\/p>\n\n\n\n<p style=\"font-size:22px\">9\u00e8me du cyclo-cross de Buxerolles (86) <\/p>\n\n\n\n<p style=\"font-size:22px\">10\u00e8me du cyclo-cross de Ch\u00e2tellerault du samedi (86) <\/p>\n\n\n\n<p style=\"font-size:22px\">10\u00e8me du cyclo-cross de Ch\u00e2tellerault du dimanche (86)<\/p>\n\n\n\n<p style=\"font-size:22px\">11\u00e8me du cyclo-cross de St Cyr &#8211; Beaumont (86)<\/p>\n\n\n\n<p style=\"font-size:22px\">12\u00e8me du cyclo-cross de Ligug\u00e9 (86) <\/p>\n\n\n\n<p style=\"font-size:22px\">13\u00e8me du cyclo-cross d&rsquo;Availles Limouzine (86)<\/p>\n\n\n\n<p style=\"font-size:22px\">14\u00e8me du cyclo-cross de Vouneuil sous Biard (86)<\/p>\n\n\n\n<p style=\"font-size:22px\">15\u00e8me du cyclo-cross de Saulg\u00e9 (86)<\/p>\n\n\n\n<p style=\"font-size:22px\">15\u00e8me du cyclo-cross de Vouill\u00e9 (86) <\/p>\n\n\n\n<p style=\"font-size:22px\">19\u00e8me du cyclo-cross de Naintr\u00e9 (86)<\/p>\n\n\n\n<p class=\"has-text-align-center\" style=\"font-size:30px\"><strong><mark style=\"background-color:rgba(0, 0, 0, 0)\" class=\"has-inline-color has-vivid-green-cyan-color\">SAISON 2025<\/mark><\/strong><\/p>\n\n\n\n<p style=\"font-size:22px\">2\u00e8me du Championnat D\u00e9partemental du Contre la Montre des Access 3 et 4 <\/p>\n\n\n\n<p style=\"font-size:22px\">14\u00e8me du Chrono Ch\u00e2telleraudais (86)<\/p>\n\n\n\n<p style=\"font-size:22px\"><\/p>\n\n\n\n<p style=\"font-size:22px\">3<sup>\u00e8me<\/sup> du cyclo-cross du Brouage (17)<\/p>\n\n\n\n<p style=\"font-size:22px\">3\u00e8me du Championnat R\u00e9gional de cyclo-cross des Masters<\/p>\n\n\n\n<p style=\"font-size:22px\">11<sup>\u00e8me<\/sup> du cyclo-cross de Ch\u00e2tellerault (86)<\/p>\n\n\n\n<p style=\"font-size:22px\">13<sup>\u00e8me<\/sup> du cyclo-cross de Ch\u00e2tellerault (86)<\/p>\n\n\n\n<p style=\"font-size:22px\">13<sup>\u00e8me<\/sup> du cyclo-cross de Ligug\u00e9 (86)<\/p>\n\n\n\n<p class=\"has-text-align-center\" style=\"font-size:30px\"><strong><mark style=\"background-color:rgba(0, 0, 0, 0)\" class=\"has-inline-color has-vivid-green-cyan-color\">SAISON 2024<\/mark><\/strong><\/p>\n\n\n\n<p style=\"font-size:22px\">1er du R\u00e9gional VTT Tandem Mixte<\/p>\n\n\n\n<p style=\"font-size:22px\">5\u00e8me VTT XCO semi urbain \u00e0 Vivonne (86) <\/p>\n\n\n\n<p style=\"font-size:22px\">3\u00e8me de Queaux (86) <\/p>\n\n\n\n<p style=\"font-size:22px\">3\u00e8me de Chauvigny Lespinasse (86)<\/p>\n\n\n\n<p><\/p>\n\n\n\n<p style=\"font-size:22px\">3\u00e8me du Championnat D\u00e9partemental de Cyclo-cross en Access<\/p>\n\n\n\n<p style=\"font-size:22px\">4\u00e8me du cyclo-cross du Brouage (17) en Access<\/p>\n\n\n\n<p style=\"font-size:22px\">7\u00e8me du cyclo-cross de St Georges les Baillargeaux (86)<\/p>\n\n\n\n<p style=\"font-size:22px\">9\u00e8me du cyclo-cross de Chauvigny (86) <\/p>\n\n\n\n<p style=\"font-size:22px\">10\u00e8me du cyclo-cross de Availles Limouzine (86) <\/p>\n\n\n\n<p style=\"font-size:22px\">11\u00e8me du cyclo-cross de Naintr\u00e9 (86) <\/p>\n\n\n\n<p style=\"font-size:22px\">13\u00e8me du cyclo-cross de Ch\u00e2tellerault 2 (86) <\/p>\n\n\n\n<p style=\"font-size:22px\">15\u00e8me du cyclo-cross de Brion pr\u00e8s Thouet (79)<\/p>\n\n\n\n<p style=\"font-size:22px\">16\u00e8me du cyclo-cross de Casteljaloux (47) <\/p>\n\n\n\n<p style=\"font-size:22px\">16\u00e8me du cyclo-cross de Vouneuil sous Biard (86) <\/p>\n\n\n\n<p style=\"font-size:22px\">17\u00e8me du  cyclo-cross de Bonnac la C\u00f4te (87) <\/p>\n\n\n\n<p style=\"font-size:22px\">18\u00e8me du cyclo-cross de Saulg\u00e9 (86) <\/p>\n\n\n\n<p style=\"font-size:22px\">18\u00e8me du cyclo-cross de Valvert (86) <\/p>\n\n\n\n<p style=\"font-size:22px\">20\u00e8me du cyclo-cross de Ch\u00e2tellerault 1 (86) <\/p>\n\n\n\n<p style=\"font-size:22px\">21\u00e8me du cyclo-cross de Vivonne (86) <\/p>\n\n\n\n<p class=\"has-text-align-center\" style=\"font-size:30px\"><strong><mark style=\"background-color:rgba(0, 0, 0, 0)\" class=\"has-inline-color has-vivid-green-cyan-color\">SAISON 2023<\/mark><\/strong><\/p>\n\n\n\n<p style=\"font-size:22px\">5\u00e8me de Maill\u00e9 (86) <\/p>\n\n\n\n<p style=\"font-size:22px\">10\u00e8me du Tour de la Communaut\u00e9 de Valence en Poitou (86) <\/p>\n\n\n\n<p><\/p>\n\n\n\n<p class=\"has-luminous-vivid-orange-color has-text-color\" style=\"font-size:22px\">Champion R\u00e9gional de VTT Tandem mixte \u00e0  Ch\u00e2teauneuf sur Charente (16)<\/p>\n\n\n\n<p class=\"has-luminous-vivid-orange-color has-text-color\" style=\"font-size:22px\">Champion D\u00e9partemental de VTT Tandem mixte \u00e0  Vivonne (86) <\/p>\n\n\n\n<p class=\"has-luminous-vivid-orange-color has-text-color\" style=\"font-size:22px\"><mark style=\"background-color:rgba(0, 0, 0, 0)\" class=\"has-inline-color has-luminous-vivid-orange-color\">1er de l&rsquo;\u00e9preuve VTT Tandem de Marans (17) <\/mark><\/p>\n\n\n\n<p class=\"has-luminous-vivid-orange-color has-text-color\" style=\"font-size:22px\"><mark style=\"background-color:rgba(0, 0, 0, 0)\" class=\"has-inline-color has-luminous-vivid-orange-color\">1er de l&rsquo;\u00e9preuve VTT Tandem de Ronce les Bains (17)<\/mark><\/p>\n\n\n\n<p class=\"has-luminous-vivid-orange-color has-text-color\" style=\"font-size:22px\"><mark style=\"background-color:rgba(0, 0, 0, 0)\" class=\"has-inline-color has-luminous-vivid-orange-color\">1er de l&rsquo;\u00e9preuve VTT Tandem de La Mothe St Heray (79)<\/mark> <\/p>\n\n\n\n<p class=\"has-luminous-vivid-orange-color has-text-color\" style=\"font-size:22px\"><mark style=\"background-color:rgba(0, 0, 0, 0)\" class=\"has-inline-color has-luminous-vivid-orange-color\">1er de l&rsquo;\u00e9preuve VTT Tandem de Corme Royal (17) <\/mark> <\/p>\n\n\n\n<p class=\"has-luminous-vivid-orange-color has-text-color\" style=\"font-size:22px\"><mark style=\"background-color:rgba(0, 0, 0, 0)\" class=\"has-inline-color has-luminous-vivid-orange-color\">1er de l&rsquo;\u00e9preuve VTT Tandem de Ligug\u00e9 (86)<\/mark> <\/p>\n\n\n\n<p class=\"has-luminous-vivid-orange-color has-text-color\" style=\"font-size:22px\">1er de l&rsquo;\u00e9preuve VTT Tandem de St Maixent sur Vie (85) <\/p>\n\n\n\n<p class=\"has-luminous-vivid-orange-color has-text-color\" style=\"font-size:22px\">1er de l&rsquo;\u00e9preuve VTT Tandem de Aizenay (85)<\/p>\n\n\n\n<p class=\"has-luminous-vivid-orange-color has-text-color\" style=\"font-size:22px\"><\/p>\n\n\n\n<p><\/p>\n\n\n\n<p><\/p>\n\n\n\n<p style=\"font-size:22px\">Champion d\u00e9partemental de cyclo-cross des 40-49 ans<\/p>\n\n\n\n<p style=\"font-size:22px\">1er du cyclo-cross de la Mothe St H\u00e9ray (79) <\/p>\n\n\n\n<p style=\"font-size:22px\">1er du cyclo-cross de Cherveux (79) <\/p>\n\n\n\n<p style=\"font-size:22px\">3\u00e8me du cyclo-cross de Grandjean (17)<\/p>\n\n\n\n<p style=\"font-size:22px\">3\u00e8me du cyclo-cross de St L\u00e9ger la Martini\u00e8re (79) <\/p>\n\n\n\n<p style=\"font-size:22px\">3\u00e8me du r\u00e9gional de cyclo-cross des 40-49 ans<\/p>\n\n\n\n<p style=\"font-size:22px\">4\u00e8me du cyclo-cross de Neuville de Poitou (86) <\/p>\n\n\n\n<p style=\"font-size:22px\">4\u00e8me du cyclo-cross de Bignay (17)<\/p>\n\n\n\n<p style=\"font-size:22px\">6\u00e8me du cyclo-cross de Brie (16) <\/p>\n\n\n\n<p style=\"font-size:22px\">6\u00e8me du cyclo-cross de Brux (86) <\/p>\n\n\n\n<p style=\"font-size:22px\">7\u00e8me du cyclo-cross du Ch\u00e2teau d&rsquo;Ol\u00e9ron (17) <\/p>\n\n\n\n<p style=\"font-size:22px\">11\u00e8me du cyclo-cross de Souli\u00e8vres (79) <\/p>\n\n\n\n<p style=\"font-size:22px\">36\u00e8me du National cyclo-cross des 40-49 ans<\/p>\n","protected":false},"excerpt":{"rendered":"<p>SAISON 2026: 2\u00e8me du cyclo-cross Access de Montendre (17) 3\u00e8me du championnat D\u00e9partemental Access de cyclo-cross 4\u00e8me du cyclo-cross Access Nocturne de St Georges les Baillargeaux (86) 4\u00e8me du cyclo-cross Access de la Citadelle du Brouage (17) 6\u00e8me du Championnat R\u00e9gional de cyclo-cross en Masters 8\u00e8me du cyclo-cross de Chauvigny (86) 9\u00e8me du cyclo-cross de [&hellip;]<\/p>\n","protected":false},"author":1,"featured_media":0,"parent":0,"menu_order":0,"comment_status":"closed","ping_status":"closed","template":"","meta":{"footnotes":""},"class_list":["post-1579","page","type-page","status-publish","hentry"],"_links":{"self":[{"href":"https:\/\/cyclepoitevin86.fr\/index.php\/wp-json\/wp\/v2\/pages\/1579","targetHints":{"allow":["GET"]}}],"collection":[{"href":"https:\/\/cyclepoitevin86.fr\/index.php\/wp-json\/wp\/v2\/pages"}],"about":[{"href":"https:\/\/cyclepoitevin86.fr\/index.php\/wp-json\/wp\/v2\/types\/page"}],"author":[{"embeddable":true,"href":"https:\/\/cyclepoitevin86.fr\/index.php\/wp-json\/wp\/v2\/users\/1"}],"replies":[{"embeddable":true,"href":"https:\/\/cyclepoitevin86.fr\/index.php\/wp-json\/wp\/v2\/comments?post=1579"}],"version-history":[{"count":62,"href":"https:\/\/cyclepoitevin86.fr\/index.php\/wp-json\/wp\/v2\/pages\/1579\/revisions"}],"predecessor-version":[{"id":9623,"href":"https:\/\/cyclepoitevin86.fr\/index.php\/wp-json\/wp\/v2\/pages\/1579\/revisions\/9623"}],"wp:attachment":[{"href":"https:\/\/cyclepoitevin86.fr\/index.php\/wp-json\/wp\/v2\/media?parent=1579"}],"curies":[{"name":"wp","href":"https:\/\/api.w.org\/{rel}","templated":true}]}}