{"id":1568,"date":"2022-11-10T19:57:42","date_gmt":"2022-11-10T18:57:42","guid":{"rendered":"http:\/\/cyclepoitevin86.fr\/?page_id=1568"},"modified":"2026-04-12T21:24:30","modified_gmt":"2026-04-12T19:24:30","slug":"robuchon-matteo","status":"publish","type":"page","link":"https:\/\/cyclepoitevin86.fr\/index.php\/robuchon-matteo\/","title":{"rendered":"ROBUCHON Matt\u00e9o"},"content":{"rendered":"<div class=\"wp-block-image\">\n<figure class=\"aligncenter size-large is-resized\"><img loading=\"lazy\" decoding=\"async\" width=\"683\" height=\"1024\" src=\"https:\/\/cyclepoitevin86.fr\/wp-content\/uploads\/2026\/03\/DSC_2854-683x1024.jpg\" alt=\"\" class=\"wp-image-9901\" style=\"aspect-ratio:0.6655052264808362;width:273px;height:auto\" srcset=\"https:\/\/cyclepoitevin86.fr\/wp-content\/uploads\/2026\/03\/DSC_2854-683x1024.jpg 683w, https:\/\/cyclepoitevin86.fr\/wp-content\/uploads\/2026\/03\/DSC_2854-200x300.jpg 200w, https:\/\/cyclepoitevin86.fr\/wp-content\/uploads\/2026\/03\/DSC_2854-768x1152.jpg 768w, https:\/\/cyclepoitevin86.fr\/wp-content\/uploads\/2026\/03\/DSC_2854-1024x1536.jpg 1024w, https:\/\/cyclepoitevin86.fr\/wp-content\/uploads\/2026\/03\/DSC_2854-1365x2048.jpg 1365w, https:\/\/cyclepoitevin86.fr\/wp-content\/uploads\/2026\/03\/DSC_2854-scaled.jpg 1707w\" sizes=\"auto, (max-width: 683px) 100vw, 683px\" \/><figcaption class=\"wp-element-caption\">JCD<\/figcaption><\/figure>\n<\/div>\n\n\n<p class=\"has-text-align-center has-vivid-green-cyan-color has-text-color has-link-color wp-elements-41ce6f18079ad403937c93341b8a1267\" style=\"font-size:30px\"><strong><em>SAISON 2026 : <\/em><\/strong><\/p>\n\n\n\n<p style=\"font-size:22px\">5\u00e8me de Bonnac la C\u00f4te (87) <\/p>\n\n\n\n<p style=\"font-size:22px\">6\u00e8me du Prix Sanital de Ch\u00e2tellerault (86)<\/p>\n\n\n\n<p style=\"font-size:22px\">7\u00e8me de Bl\u00e9r\u00e9 (37) <\/p>\n\n\n\n<p style=\"font-size:22px\">12\u00e8me de Tauxigny (37) <\/p>\n\n\n\n<p style=\"font-size:22px\">17\u00e8me de la 1\u00e8re Manche de la Coupe de France GSO<\/p>\n\n\n\n<p style=\"font-size:22px\">23\u00e8me de Dun le Palestel &#8211; 1\u00e8re manche Mini Tour Creusois (23) <\/p>\n\n\n\n<p style=\"font-size:22px\">56\u00e8me du CLM de la 1\u00e8re Manche de Coupe de France GSO<\/p>\n\n\n\n<p class=\"has-text-align-center\" style=\"font-size:30px\"><strong><mark style=\"background-color:rgba(0, 0, 0, 0)\" class=\"has-inline-color has-vivid-green-cyan-color\">SAISON 2025 :<\/mark><\/strong><\/p>\n\n\n\n<p style=\"font-size:22px\">5\u00e8me de Mar\u00e7ay (86)<\/p>\n\n\n\n<p style=\"font-size:22px\">6\u00e8me de Bonnac la C\u00f4te (87)<\/p>\n\n\n\n<p style=\"font-size:22px\">8\u00e8me de Beaumont (86)  <\/p>\n\n\n\n<p style=\"font-size:22px\">8\u00e8me de Alloue (16)<\/p>\n\n\n\n<p style=\"font-size:22px\">8\u00e8me de Pierrefite (79)  <\/p>\n\n\n\n<p style=\"font-size:22px\">8\u00e8me de St Gervais les 3 Clochers (86) <\/p>\n\n\n\n<p style=\"font-size:22px\">10\u00e8me de Chemery (18)<\/p>\n\n\n\n<p style=\"font-size:22px\">11\u00e8me de Melleran (79) <\/p>\n\n\n\n<p style=\"font-size:22px\">11\u00e8me de Mansles (16) <\/p>\n\n\n\n<p style=\"font-size:22px\">12\u00e8me du Chrono Ch\u00e2telleraudais (86)<\/p>\n\n\n\n<p style=\"font-size:22px\">13\u00e8me de Chaunay (86)<\/p>\n\n\n\n<p style=\"font-size:22px\">14\u00e8me du Prix Sanital de Ch\u00e2tellerault (86)<\/p>\n\n\n\n<p style=\"font-size:22px\">15\u00e8me de la Jonch\u00e8re (87) <\/p>\n\n\n\n<p style=\"font-size:22px\">16\u00e8me de Confolens (16) <\/p>\n\n\n\n<p style=\"font-size:22px\">18\u00e8me de Montlouis sur Loire (37)<\/p>\n\n\n\n<p style=\"font-size:22px\">19\u00e8me de S\u00e8vres Anxaumont (86)  <\/p>\n\n\n\n<p style=\"font-size:22px\">19\u00e8me de Villemur (31) Manche GSO<\/p>\n\n\n\n<p style=\"font-size:22px\">25\u00e8me du Mini Tour de St L\u00e9ger la Pallu (86)<\/p>\n\n\n\n<p style=\"font-size:22px\">28\u00e8me de Saint Christophe (86) <\/p>\n\n\n\n<p style=\"font-size:22px\">39\u00e8me de Grand Bourg (23) Finale du Mini Tour Creusois<\/p>\n\n\n\n<p><\/p>\n\n\n\n<p style=\"font-size:22px\">5<sup>\u00e8me<\/sup> du cyclo-cross de Vouill\u00e9 (86)<\/p>\n\n\n\n<p style=\"font-size:22px\">6<sup>\u00e8me<\/sup> du cyclo-cross de Availles Limouzine (86)<\/p>\n\n\n\n<p style=\"font-size:22px\">7<sup>\u00e8me<\/sup> du cyclo-cross de Naintr\u00e9 (86)<\/p>\n\n\n\n<p style=\"font-size:22px\">11<sup>\u00e8me<\/sup> du cyclo-cross de Saulg\u00e9 (86)<\/p>\n\n\n\n<p class=\"has-text-align-center\" style=\"font-size:30px\"><strong><mark style=\"background-color:rgba(0, 0, 0, 0)\" class=\"has-inline-color has-vivid-green-cyan-color\">SAISON 2024 :<\/mark><\/strong><\/p>\n\n\n\n<p style=\"font-size:22px\">5\u00e8me de Vervant (17) <\/p>\n\n\n\n<p style=\"font-size:22px\">7\u00e8me du Championnat D\u00e9partemental sur route<\/p>\n\n\n\n<p style=\"font-size:22px\">8\u00e8me de Montgam\u00e9 (86)  <\/p>\n\n\n\n<p style=\"font-size:22px\">9\u00e8me de Alloue (16) <\/p>\n\n\n\n<p style=\"font-size:22px\">9\u00e8me de St gervais les 3 Clochers &rsquo;86)  <\/p>\n\n\n\n<p style=\"font-size:22px\">10\u00e8me de Beaumont (86)<\/p>\n\n\n\n<p style=\"font-size:22px\">10\u00e8me de S\u00e8vres Anxaumont (86)<\/p>\n\n\n\n<p style=\"font-size:22px\">10\u00e8me de Bressuire (79) <\/p>\n\n\n\n<p style=\"font-size:22px\">11\u00e8me du Mini Tour Haut Poitou \u00e0 St L\u00e9ger la Pallue (86)<\/p>\n\n\n\n<p style=\"font-size:22px\">12\u00e8me de Pierrefite (79) <\/p>\n\n\n\n<p style=\"font-size:22px\">12\u00e8me du chrono Chatelleraudais (86) <\/p>\n\n\n\n<p style=\"font-size:22px\">13\u00e8me de Ch\u00e2tellerault (86)<\/p>\n\n\n\n<p style=\"font-size:22px\">13\u00e8me de Chaunay (86)<\/p>\n\n\n\n<p style=\"font-size:22px\">16\u00e8me de la Ronde de Mar\u00e7ay (86) <\/p>\n\n\n\n<p style=\"font-size:22px\">18\u00e8me du Championnat R\u00e9gional sur route <\/p>\n\n\n\n<p style=\"font-size:22px\">19\u00e8me de la Germoni\u00e8re (86)<\/p>\n\n\n\n<p><\/p>\n\n\n\n<p><\/p>\n\n\n\n<p style=\"font-size:22px\">4\u00e8me du cyclo-cross \u00e0 l&rsquo;Am\u00e9ricaine de Poitiers (86)<\/p>\n\n\n\n<p style=\"font-size:22px\">6\u00e8me du cyclo-cross de Availles Limouzine (86) <\/p>\n\n\n\n<p style=\"font-size:22px\">6\u00e8me du cyclo-cross de St Georges les Baillargeaux (86) <\/p>\n\n\n\n<p style=\"font-size:22px\">6\u00e8me du cyclo-cross de Chauvigny (86) <\/p>\n\n\n\n<p style=\"font-size:22px\">6\u00e8me du cyclo-cross de Ch\u00e2tellerault 1 (86)<\/p>\n\n\n\n<p style=\"font-size:22px\">7\u00e8me du cyclo-cross de Naintr\u00e9 86) <\/p>\n\n\n\n<p style=\"font-size:22px\">7\u00e8me du cyclo-cross de Ch\u00e2tellerault 2 (86) <\/p>\n\n\n\n<p style=\"font-size:22px\">7\u00e8me du cyclo-cross de Vouneuil sous Biard (86) <\/p>\n\n\n\n<p style=\"font-size:22px\">8\u00e8me du cyclo-cross de Buxerolles (86)<\/p>\n\n\n\n<p style=\"font-size:22px\">9\u00e8me du cyclo-cross de Vouill\u00e9 (86)<\/p>\n\n\n\n<p class=\"has-text-align-center\" style=\"font-size:30px\"><strong><mark style=\"background-color:rgba(0, 0, 0, 0)\" class=\"has-inline-color has-vivid-green-cyan-color\">SAISON 2023 :<\/mark><\/strong><\/p>\n\n\n\n<p style=\"font-size:22px\">9\u00e8me du Chrono Ch\u00e2telleraudais (86)<\/p>\n\n\n\n<p style=\"font-size:22px\">11\u00e8me de Chaunay (86) <\/p>\n\n\n\n<p style=\"font-size:22px\">12\u00e8me de Civaux (86)<\/p>\n\n\n\n<p style=\"font-size:22px\">13\u00e8me de Alloue (16) <\/p>\n\n\n\n<p style=\"font-size:22px\">16\u00e8me de St Julien l&rsquo;Ars (86) <\/p>\n\n\n\n<p style=\"font-size:22px\">17\u00e8me de St Gervais les Trois Clochers (86)<\/p>\n\n\n\n<p style=\"font-size:22px\">18\u00e8me de St Sauveur d&rsquo;Aunis (17) <\/p>\n\n\n\n<p style=\"font-size:22px\">20\u00e8me de Montgam\u00e9 (86) <\/p>\n\n\n\n<p style=\"font-size:22px\">20\u00e8me de Magn\u00e9 (79) <\/p>\n\n\n\n<p style=\"font-size:22px\">21\u00e8me de Bressuire (79)<\/p>\n\n\n\n<p style=\"font-size:22px\">22\u00e8me de Vivonne (86) <\/p>\n\n\n\n<p style=\"font-size:22px\">22\u00e8me de Melleran (79)<\/p>\n\n\n\n<p style=\"font-size:22px\">28\u00e8me de Beaumont (86) <\/p>\n\n\n\n<p style=\"font-size:22px\">30\u00e8me de La Germoni\u00e8re (86)<\/p>\n\n\n\n<p style=\"font-size:22px\">31\u00e8me de Ch\u00e2tellerault (86)<\/p>\n\n\n\n<p><\/p>\n\n\n\n<p style=\"font-size:22px\">7\u00e8me du cyclo-cross \u00e0 l&rsquo;Am\u00e9ricaine de Poitiers (86)<\/p>\n\n\n\n<p style=\"font-size:22px\">8\u00e8me du cyclo-cross de Availles Limouzine (86)<\/p>\n\n\n\n<p style=\"font-size:22px\">8\u00e8me du cyclo-cross de Chauvigny (86)<\/p>\n\n\n\n<p style=\"font-size:22px\">8\u00e8me du cyclo-cross de St Georges les Baillargeaux (86)<\/p>\n\n\n\n<p style=\"font-size:22px\">9\u00e8me du cyclo-cross de Vouneuil sous Biard (86)<\/p>\n\n\n\n<p style=\"font-size:22px\">9\u00e8me du cyclo-cross de Naintr\u00e9 (86)<\/p>\n\n\n\n<p style=\"font-size:22px\">10\u00e8me du cyclo-cross de Buxerolles (86) <\/p>\n\n\n\n<p style=\"font-size:22px\">11\u00e8me du cyclo-cross de Poitiers (86) <\/p>\n\n\n\n<p style=\"font-size:22px\">11\u00e8me du cyclo-cross du CREPS de Poitiers (86) <\/p>\n\n\n\n<p style=\"font-size:22px\">12\u00e8me du cyclo-cross de Vouill\u00e9 (86)<\/p>\n","protected":false},"excerpt":{"rendered":"<p>SAISON 2026 : 5\u00e8me de Bonnac la C\u00f4te (87) 6\u00e8me du Prix Sanital de Ch\u00e2tellerault (86) 7\u00e8me de Bl\u00e9r\u00e9 (37) 12\u00e8me de Tauxigny (37) 17\u00e8me de la 1\u00e8re Manche de la Coupe de France GSO 23\u00e8me de Dun le Palestel &#8211; 1\u00e8re manche Mini Tour Creusois (23) 56\u00e8me du CLM de la 1\u00e8re Manche de [&hellip;]<\/p>\n","protected":false},"author":1,"featured_media":0,"parent":0,"menu_order":0,"comment_status":"closed","ping_status":"closed","template":"","meta":{"footnotes":""},"class_list":["post-1568","page","type-page","status-publish","hentry"],"_links":{"self":[{"href":"https:\/\/cyclepoitevin86.fr\/index.php\/wp-json\/wp\/v2\/pages\/1568","targetHints":{"allow":["GET"]}}],"collection":[{"href":"https:\/\/cyclepoitevin86.fr\/index.php\/wp-json\/wp\/v2\/pages"}],"about":[{"href":"https:\/\/cyclepoitevin86.fr\/index.php\/wp-json\/wp\/v2\/types\/page"}],"author":[{"embeddable":true,"href":"https:\/\/cyclepoitevin86.fr\/index.php\/wp-json\/wp\/v2\/users\/1"}],"replies":[{"embeddable":true,"href":"https:\/\/cyclepoitevin86.fr\/index.php\/wp-json\/wp\/v2\/comments?post=1568"}],"version-history":[{"count":72,"href":"https:\/\/cyclepoitevin86.fr\/index.php\/wp-json\/wp\/v2\/pages\/1568\/revisions"}],"predecessor-version":[{"id":10204,"href":"https:\/\/cyclepoitevin86.fr\/index.php\/wp-json\/wp\/v2\/pages\/1568\/revisions\/10204"}],"wp:attachment":[{"href":"https:\/\/cyclepoitevin86.fr\/index.php\/wp-json\/wp\/v2\/media?parent=1568"}],"curies":[{"name":"wp","href":"https:\/\/api.w.org\/{rel}","templated":true}]}}