{"id":1352,"date":"2022-10-03T22:22:39","date_gmt":"2022-10-03T20:22:39","guid":{"rendered":"http:\/\/cyclepoitevin86.fr\/?page_id=1352"},"modified":"2023-01-12T16:47:43","modified_gmt":"2023-01-12T15:47:43","slug":"effectif-2023","status":"publish","type":"page","link":"https:\/\/cyclepoitevin86.fr\/index.php\/effectif-2023\/","title":{"rendered":"Effectif 2023"},"content":{"rendered":"\n<p class=\"has-text-align-center\" style=\"font-size:26px\"><mark style=\"background-color:rgba(0, 0, 0, 0)\" class=\"has-inline-color has-vivid-red-color\"><strong><em>U13 : BENJAMINS<\/em><\/strong> <\/mark><\/p>\n\n\n\n<p style=\"font-size:22px\">BONNEAU Paul <\/p>\n\n\n\n<p style=\"font-size:22px\">CHAMMEREAU Louis <\/p>\n\n\n\n<p style=\"font-size:22px\">DJERBI Sacha <\/p>\n\n\n\n<p style=\"font-size:22px\">DUPUIS Julien<\/p>\n\n\n\n<p style=\"font-size:22px\">FERRIER Math\u00e9o  <\/p>\n\n\n\n<p style=\"font-size:22px\">MAX ORDA Alexandre<\/p>\n\n\n\n<p style=\"font-size:22px\">ROBY Alo\u00efs <\/p>\n\n\n\n<p style=\"font-size:22px\">SOROURI Lyan<\/p>\n\n\n\n<p class=\"has-text-align-center\" style=\"font-size:26px\"><strong><em><mark style=\"background-color:rgba(0, 0, 0, 0)\" class=\"has-inline-color has-vivid-red-color\">U11 : PUPILLES<\/mark><\/em><\/strong><\/p>\n\n\n\n<p style=\"font-size:22px\">BECQUET Adam <\/p>\n\n\n\n<p style=\"font-size:22px\">BICHAUD Ettor\u00e9<\/p>\n\n\n\n<p style=\"font-size:22px\">GRIMAL Antonin<\/p>\n\n\n\n<p style=\"font-size:22px\">HENNEQUIN Constance<\/p>\n\n\n\n<p class=\"has-text-align-center\" style=\"font-size:26px\"><strong><em><mark style=\"background-color:rgba(0, 0, 0, 0)\" class=\"has-inline-color has-vivid-red-color\">U9 : POUSSSINS<\/mark><\/em><\/strong><\/p>\n\n\n\n<p style=\"font-size:22px\">BIELOFF Marius <\/p>\n\n\n\n<p style=\"font-size:22px\">DINDINAUD C\u00f4me<\/p>\n\n\n\n<p style=\"font-size:22px\">DOLLE Ana\u00efs <\/p>\n\n\n\n<p style=\"font-size:22px\">REECE Ilyam <\/p>\n\n\n\n<p style=\"font-size:22px\">TALENT Louise<\/p>\n\n\n\n<p class=\"has-text-align-center\" style=\"font-size:26px\"><strong><em><mark style=\"background-color:rgba(0, 0, 0, 0)\" class=\"has-inline-color has-vivid-red-color\">U7 : PRE LICENCIES<\/mark><\/em><\/strong><\/p>\n\n\n\n<p style=\"font-size:22px\">LAGEON Louis<\/p>\n","protected":false},"excerpt":{"rendered":"<p>U13 : BENJAMINS BONNEAU Paul CHAMMEREAU Louis DJERBI Sacha DUPUIS Julien FERRIER Math\u00e9o MAX ORDA Alexandre ROBY Alo\u00efs SOROURI Lyan U11 : PUPILLES BECQUET Adam BICHAUD Ettor\u00e9 GRIMAL Antonin HENNEQUIN Constance U9 : POUSSSINS BIELOFF Marius DINDINAUD C\u00f4me DOLLE Ana\u00efs REECE Ilyam TALENT Louise U7 : PRE LICENCIES LAGEON Louis<\/p>\n","protected":false},"author":1,"featured_media":0,"parent":0,"menu_order":0,"comment_status":"closed","ping_status":"closed","template":"","meta":{"footnotes":""},"class_list":["post-1352","page","type-page","status-publish","hentry"],"_links":{"self":[{"href":"https:\/\/cyclepoitevin86.fr\/index.php\/wp-json\/wp\/v2\/pages\/1352","targetHints":{"allow":["GET"]}}],"collection":[{"href":"https:\/\/cyclepoitevin86.fr\/index.php\/wp-json\/wp\/v2\/pages"}],"about":[{"href":"https:\/\/cyclepoitevin86.fr\/index.php\/wp-json\/wp\/v2\/types\/page"}],"author":[{"embeddable":true,"href":"https:\/\/cyclepoitevin86.fr\/index.php\/wp-json\/wp\/v2\/users\/1"}],"replies":[{"embeddable":true,"href":"https:\/\/cyclepoitevin86.fr\/index.php\/wp-json\/wp\/v2\/comments?post=1352"}],"version-history":[{"count":14,"href":"https:\/\/cyclepoitevin86.fr\/index.php\/wp-json\/wp\/v2\/pages\/1352\/revisions"}],"predecessor-version":[{"id":2097,"href":"https:\/\/cyclepoitevin86.fr\/index.php\/wp-json\/wp\/v2\/pages\/1352\/revisions\/2097"}],"wp:attachment":[{"href":"https:\/\/cyclepoitevin86.fr\/index.php\/wp-json\/wp\/v2\/media?parent=1352"}],"curies":[{"name":"wp","href":"https:\/\/api.w.org\/{rel}","templated":true}]}}